{"id":1941,"date":"2016-10-09T23:56:49","date_gmt":"2016-10-09T21:56:49","guid":{"rendered":"http:\/\/archeol.sav.sk\/?page_id=1941"},"modified":"2018-04-04T13:43:39","modified_gmt":"2018-04-04T11:43:39","slug":"projects-archive-2","status":"publish","type":"page","link":"https:\/\/archeol.sav.sk\/index.php\/en\/projects-archive-2\/","title":{"rendered":"Projects archive"},"content":{"rendered":"<h2><strong>Projects of the Slovak Research and Development Agency (APVV)<\/strong><\/h2>\n<p><strong>\u00a0<\/strong><\/p>\n<p><strong>Project title:<\/strong> Early medieval centres of power (central Danubian region)<\/p>\n<p><strong>Responsible person: <\/strong>Karol Pieta<\/p>\n<p><strong>Project duration: <\/strong>1.5.2011 \/ 30.4.2014<\/p>\n<p><strong>Registration number: <\/strong>0553-10<\/p>\n<p><strong>Coordinator: <\/strong>Institute of Archaeology of Slovak Academy of Science<\/p>\n<p>Annotation: The field research, progresive natural scientific analysis (as geophysic, micromorphology, dendrodating) as well as the theoretical studies contributed considerably to broadening our knowledge about the historical roots and establishment mechanisms of the centres of production and power.\u00a0 The time and reasons that led to the establishment and extinction of large agglomerations were specified; the economic, strategic and political reasons of their establishment were investigated, as well. To the remarkable contributions belongs the discovery of a new Early Medieval centre of power in upper Nitra valley region. It was determined that also the centres of power of the previous periods of the Celtic and Germanic occupation of the Middle Danubeian region, with remarkable concentration at the territory of Slovakia, originated according to the same principals of demographic and economic growth. The main sites of interest of the research within the project \u2013 particularly Nitra and Bojn\u00e1, with many new\u00a0 finds of material culture, as well as theirpresentation in the form of audiovisual and exhibition projects and model reconstructions \u2013 gained considerable response in the society home and abroad in favour of Slovak science. For the large scope of the researched topic, discoveries of new sites and emersion of new problems it was not possible to conclude the research completely and it will be necessary to continue the in-depth investigation on the qualitatively higher level.<\/p>\n<p><strong>\u00a0<\/strong><\/p>\n<p><strong>Project title:<\/strong> Contribution of Slovakia for Economic and Social Development of European Metal Age<\/p>\n<p><strong>Responsible person: <\/strong>V\u00e1clav Furm\u00e1nek<\/p>\n<p><strong>Project duration: <\/strong>1.7.2012 \/ 30.6.2015<\/p>\n<p><strong>Registration number: <\/strong>APVV-0736-11<\/p>\n<p><strong>Coordinator: <\/strong>Institute of Archaeology of Slovak Academy of Science<\/p>\n<p>Annotation: Results of the project evaluation have showed enormous potential in the source base of Slovakia for solving the main issues of the dynamics of the historical development in Europe during the Neolithic, Aeneolithic, Bronze and Iron Ages. Large systematic archaeological excavations were followed by their scientific evaluation and publication. Predictive value of this material has been enganced by adequate co-operation with the natural sciences, mainly metallography, anthropology and archaeobotany. These results were published in monographs, proceedings contributions, published home and abroad (see \u201c the most significant publications\u201d). The significance and contribution of the past populations inhabiting the territory of Slovakia was clearly demonstrated for economic and social development of prehistoric Europe. It was a particularly important for development of non-ferrous metallurgy and the related development of other crafts in the period of the beginning of the earliest occurrence of metal artefacts, through the massive occurrence to the period of metallurgy. The subject cannot be assessed as definitively closed. While solving new issues of prehistory, production, exchange, social structures and more have occurred that need further evaluation in future.<\/p>\n<hr \/>\n<p><strong>\u00a0<\/strong><\/p>\n<h2><strong>Projects of the Scientific Grant Agency of the Slovak Academy of Sciences and the Ministry of Education (VEGA)<\/strong><\/h2>\n<p><strong>Project title: <\/strong>Central settlements of the Final Aeneolithic and the Early Bronze Age in the north-western part of the Carpathian basin and their social and economic background<em>)<\/em><\/p>\n<p><strong>Responsible person: <\/strong>Jozef B\u00e1tora<\/p>\n<p><strong>Project duration: <\/strong>1.1.2010 \/ 31.12.2012<\/p>\n<p><strong>Registration number: <\/strong>2\/0013\/10<\/p>\n<p><strong>Coordinator: <\/strong>Institute of Archaeology of Slovak Academy of Science<\/p>\n<p>&nbsp;<\/p>\n<p><strong>Project title: <\/strong>Personal ornaments and clothing fittings as a source of archaeologically perceivable cloth, production and distribution activities and mobility of Iron Age communities on the territory of Slovakia<\/p>\n<p><strong>Responsible person: <\/strong>Gertr\u00fada B\u0159ezinov\u00e1<\/p>\n<p><strong>Project duration: <\/strong>1.1.2010 \/ 31.12.2012<\/p>\n<p><strong>Registration number: <\/strong>2\/0061\/10<\/p>\n<p><strong>Coordinator: <\/strong>Institute of Archaeology of Slovak Academy of Science<\/p>\n<p><strong>\u00a0<\/strong><\/p>\n<p><strong>Project title: <\/strong>Surroundings and economic background of Lengyel-culture circular enclosures in Western Slovakia<\/p>\n<p><strong>Responsible person: <\/strong>Ivan Cheben<\/p>\n<p><strong>Project duration: <\/strong>1.1.2010 \/ 31.12.2012<\/p>\n<p><strong>Registration number: <\/strong>2\/0164\/10<\/p>\n<p><strong>Coordinator: <\/strong>Institute of Archaeology of Slovak Academy of Science<\/p>\n<p><strong>\u00a0<\/strong><\/p>\n<p><strong>Project title: <\/strong>Neolithic and Eneolithic upland settlements in the northern part of the Carpathian basin<\/p>\n<p><strong>Responsible person: <\/strong>Gabriel Neviz\u00e1nsky<\/p>\n<p><strong>Project duration: <\/strong>1.1.2010 \/ 31.12.2012<\/p>\n<p><strong>Registration number: <\/strong>2\/0007\/10<\/p>\n<p><strong>Coordinator: <\/strong>Institute of Archaeology of Slovak Academy of Science<\/p>\n<p><strong>\u00a0<\/strong><\/p>\n<p><strong>Project title: <\/strong>Daily life of the castle in the Middle Ages and at the beginning of Modern Period<\/p>\n<p><strong>Responsible person: <\/strong>Peter Bedn\u00e1r<\/p>\n<p><strong>Project duration: <\/strong>1.1.2011 \/ 31.12.2013<\/p>\n<p><strong>Registration number: <\/strong>2\/0186\/11<\/p>\n<p><strong>Coordinator: <\/strong>Institute of Archaeology of Slovak Academy of Science<\/p>\n<p>&nbsp;<\/p>\n<p><strong>Project title: <\/strong>Characteristic properties of components of the material culture from medieval settlements and burial places<\/p>\n<p><strong>Responsible person: <\/strong>Milan Hanuliak<\/p>\n<p><strong>Project duration: <\/strong>1.1.2011 \/ 31.12.2013<\/p>\n<p><strong>Registration number: <\/strong>2\/0034\/11<\/p>\n<p><strong>Coordinator: <\/strong>Institute of Archaeology of Slovak Academy of Science<\/p>\n<p>&nbsp;<\/p>\n<p><strong>Project title: <\/strong>Mobility of hunters-gatherers comunities in the Palaeolithic and Mesolithic on the territory of Slovakia as evidenced by lithic raw materials usage<\/p>\n<p><strong>Responsible person: <\/strong>\u013dubom\u00edra Kaminsk\u00e1<\/p>\n<p><strong>Project duration: <\/strong>1.1.2011 \/ 31.12.2013<\/p>\n<p><strong>Registration number: <\/strong>2\/0027\/11<\/p>\n<p><strong>Coordinator: <\/strong>Institute of Archaeology of Slovak Academy of Science<\/p>\n<p>&nbsp;<\/p>\n<p><strong>Project title: <\/strong>Advancement in technologies of glass-crystalline substances in relation to culture and economy of Slovakia in prehistory, protohistory and Early Middle Ages<\/p>\n<p><strong>Responsible person: <\/strong>Kl\u00e1ra Markov\u00e1<\/p>\n<p><strong>Project duration: <\/strong>1.1.2011 \/ 31.12.2013<\/p>\n<p><strong>Registration number: <\/strong>2\/0152\/11<\/p>\n<p><strong>Coordinator: <\/strong>Institute of Archaeology of Slovak Academy of Science<\/p>\n<p>&nbsp;<\/p>\n<p><strong>Project title: <\/strong>Monasteries of the Early Middle Ages<\/p>\n<p><strong>Responsible person: <\/strong>Bibiana Pomfyov\u00e1\/ IA Mari\u00e1n Samuel<\/p>\n<p><strong>Project duration: <\/strong>1.1.2011 \/ 31.12.2014<\/p>\n<p><strong>Registration number: <\/strong>2\/0023\/11<\/p>\n<p><strong>Coordinator: <\/strong>Institute of Art History<\/p>\n<p>&nbsp;<\/p>\n<p><strong>Project title: <\/strong>Courtyards in the 9th &#8211; 15th centuries in the mid-Danubian region and their social and economic functions<\/p>\n<p><strong>Responsible person: <\/strong>Alexander T. Ruttkay<\/p>\n<p><strong>Project duration: <\/strong>1.1.2011 \/ 31.12.2013<\/p>\n<p><strong>Registration number: <\/strong>2\/0136\/11<\/p>\n<p><strong>Coordinator: <\/strong>Institute of Archaeology of Slovak Academy of Science<\/p>\n<p>&nbsp;<\/p>\n<p><strong>Project title: <\/strong>Civilization of the Urnfield Cultures in Slovakia<\/p>\n<p><strong>Responsible person: <\/strong>V\u00e1clav Furm\u00e1nek<\/p>\n<p><strong>Project duration: <\/strong>1.1.2012 \/ 31.12.2015<\/p>\n<p><strong>Registration number: <\/strong>2\/0098\/12<\/p>\n<p><strong>Coordinator: <\/strong>Institute of Archaeology of Slovak Academy of Science<\/p>\n<p>&nbsp;<\/p>\n<p><strong>Project title:<\/strong> From a Detail to a Whole. Reflexion of Current Needs of Archaeological Research in the Early Middle Ages<\/p>\n<p><strong>Responsible person: <\/strong>Gabriel Fusek<\/p>\n<p><strong>Project duration: <\/strong>1.1.2012 \/ 31.12.2014<\/p>\n<p><strong>Registration number: <\/strong>2\/0050\/12<\/p>\n<p><strong>Coordinator: <\/strong>Institute of Archaeology of Slovak Academy of Science<\/p>\n<p>&nbsp;<\/p>\n<p><strong>Project title:<\/strong> Diversification of settlement in \u0160ari\u0161sk\u00e9 podolie and Ko\u0161ice Basin from<\/p>\n<p>Prehistory to Early Period<\/p>\n<p><strong>Responsible person: <\/strong>Eva Horv\u00e1thov\u00e1<\/p>\n<p><strong>Project duration: <\/strong>1.1.2012 \/ 31.12.2014<\/p>\n<p><strong>Registration number: <\/strong>2\/0047\/12<\/p>\n<p><strong>Coordinator: <\/strong>Institute of Archaeology of Slovak Academy of Science<\/p>\n<p>&nbsp;<\/p>\n<p><strong>Project title: <\/strong>Contribution of East European nomadic groups to shaping of cultural-historical development of Slovakia in the Hallstatt period<\/p>\n<p><strong>Responsible person: <\/strong>Elena Miro\u0161\u0161ayov\u00e1<\/p>\n<p><strong>Project duration: <\/strong>1.1.2012 \/ 31.12.2014<\/p>\n<p><strong>Registration number: <\/strong>2\/0051\/12<\/p>\n<p><strong>Coordinator: <\/strong>Institute of Archaeology of Slovak Academy of Science<\/p>\n<p>&nbsp;<\/p>\n<p><strong>Project title: <\/strong>Between the Antiquity and the Middle Ages. Ethnic-Cultural Relations in the Middle Danubian Region from the Celtic Occupation till the Beginning of the Middle Ages<\/p>\n<p><strong>Responsible person: <\/strong>Karol Pieta<\/p>\n<p><strong>Project duration: <\/strong>1.1.2012 \/ 31.12.2014<\/p>\n<p><strong>Registration number: <\/strong>2\/0117\/12<\/p>\n<p><strong>Coordinator: <\/strong>Institute of Archaeology of Slovak Academy of Science<\/p>\n<p><strong>\u00a0<\/strong><\/p>\n<p><strong>Project title: <\/strong>Creating databases and e-publishing archaeological sources from the Roman kastel in I\u017ea<\/p>\n<p><strong>Responsible person: <\/strong>J\u00e1n Rajt\u00e1r<\/p>\n<p><strong>Project duration: <\/strong>1.1.2012 \/ 31.12.2014<\/p>\n<p><strong>Registration number: <\/strong>1\/0058\/12<\/p>\n<p><strong>Coordinator: <\/strong>Trnava University, Classical Archaeology<\/p>\n<p>&nbsp;<\/p>\n<p><strong>Project title: <\/strong>Migration &#8211; Acculturation &#8211; Mobility &#8211; Trade in the Late Migration Period and the Early Middle Ages in the Area of Slovakia<\/p>\n<p><strong>Responsible person: <\/strong>Matej Ruttkay<\/p>\n<p><strong>Project duration: <\/strong>1.1.2012 \/ 31.12.2015<\/p>\n<p><strong>Registration number: <\/strong>2\/0189\/12<\/p>\n<p><strong>Coordinator: <\/strong>Institute of Archaeology of Slovak Academy of Science<\/p>\n<p>&nbsp;<\/p>\n<p><strong>Project title: <\/strong>Archeo Genetic research of the contact zone of the 10th century in Slovakia<\/p>\n<p><strong>Responsible person: <\/strong>Alexander T. Ruttkay<\/p>\n<p><strong>Project duration: <\/strong>1.1.2012 \/ 31.12.2014<\/p>\n<p><strong>Registration number: <\/strong>1\/0897\/12<\/p>\n<p><strong>Coordinator: <\/strong>Institute of Archaeology of Slovak Academy of Science<\/p>\n<p><strong>\u00a0<\/strong><\/p>\n<p><strong>Project title: <\/strong>Fortified settlements in the Early Bronze Age in Slovakia &#8211; centers of production, distribution, exchange, cult and residence of social elite?<\/p>\n<p><strong>Responsible person: <\/strong>Jozef B\u00e1tora<\/p>\n<p><strong>Project duration: <\/strong>1.1.2013 \/ 31.12.2015<\/p>\n<p><strong>Registration number: <\/strong>2\/0036\/13<\/p>\n<p><strong>Coordinator: <\/strong>Institute of Archaeology of Slovak Academy of Science<\/p>\n<p>&nbsp;<\/p>\n<p><strong>Project title: <\/strong>Polished industry of Slovakia\u00b4s Neolith and Eneolith in the Context of Central Europe\u00b4s Raw Material Resources<\/p>\n<p><strong>Responsible person: <\/strong>Ivan Cheben<\/p>\n<p><strong>Project duration: <\/strong>1.1.2013 \/ 31.12.2015<\/p>\n<p><strong>Registration number: <\/strong>2\/0147\/13<\/p>\n<p><strong>Coordinator: <\/strong>Institute of Archaeology of Slovak Academy of Science<\/p>\n<p>&nbsp;<\/p>\n<p><strong>Project title: <\/strong>Edition of archaeological sources from the Neolithic and Eneolithic periods in Slovakia<\/p>\n<p><strong>Responsible person: <\/strong>Gabriel Neviz\u00e1nsky<\/p>\n<p><strong>Project duration: <\/strong>1.1.2013 \/ 31.12.2015<\/p>\n<p><strong>Registration number: <\/strong>2\/0063\/13<\/p>\n<p><strong>Coordinator: <\/strong>Institute of Archaeology of Slovak Academy of Science<\/p>\n<p>&nbsp;<\/p>\n<p><strong>Project title: <\/strong><em>Medieval burials in Nitra region<\/em><\/p>\n<p><strong>Responsible person: <\/strong>Peter Bedn\u00e1r<\/p>\n<p><strong>Project duration: <\/strong>1.1.2014 \/ 31.12.2017<\/p>\n<p><strong>Registration number: <\/strong>2\/0156\/14<\/p>\n<p><strong>Coordinator: <\/strong>Institute of Archaeology of Slovak Academy of Science<\/p>\n<p><strong>\u00a0<\/strong><\/p>\n<p><strong>Project title: <\/strong>Life in the border region. Settlement patterns in the foreground and background of the Pannonian limit from the younger Iron Age after the end of antiquity<\/p>\n<p><strong>Responsible person: <\/strong>Gertr\u00fada B\u0159ezinov\u00e1<\/p>\n<p><strong>Project duration: <\/strong>1.1.2014 \/ 31.12.2016<\/p>\n<p><strong>Registration number: <\/strong>1\/0045\/14<\/p>\n<p><strong>Coordinator: <\/strong>Trnava University, Classical Archaeology<\/p>\n<p>&nbsp;<\/p>\n<p><strong>Project title: <\/strong>Material culture and its contribution to reconstruction of life and burial practices in medieval society<\/p>\n<p><strong>Responsible person: <\/strong>Milan Hanuliak<\/p>\n<p><strong>Project duration: <\/strong>1.1.2014 \/ 31.12.2016<\/p>\n<p><strong>Registration number: <\/strong>2\/0044\/14<\/p>\n<p><strong>Coordinator:<\/strong> Institute of Archaeology of Slovak Academy of Science<\/p>\n<p>&nbsp;<\/p>\n<p><strong>Project title: <\/strong>Technology and economics of raw materials in the context of the Palaeolithic in the Middle Danube region<\/p>\n<p><strong>Responsible person: <\/strong>Bibi\u00e1na Hromadov\u00e1<\/p>\n<p><strong>Project duration: <\/strong>1.1.2014 \/ 31.12.2017<\/p>\n<p><strong>Registration number: <\/strong>2\/0181\/14<\/p>\n<p><strong>Coordinator: <\/strong>Institute of Archaeology of Slovak Academy of Science<\/p>\n<p>&nbsp;<\/p>\n<div class=\"entry-content\">\n<p>Registration number: <strong>2\/0032\/15<\/strong><br \/>\nProject duration: <strong>01\/2015 \u2013 12\/2017<\/strong><br \/>\nProject title:\u00a0<strong>Profiling of settlement enclaves on long distance communications in the northern part of the Carpathian Basin<\/strong><\/p>\n<p>Responsible person: <strong>PhDr. Elena Miro\u0161\u0161ayov\u00e1, CSc.<\/strong><\/p>\n<p>Annotation:<\/p>\n<p>The project focuses on solving the topic of creation of settlement enclaves on the routes of arterial roads in the regions with different parametres of natural environment, cultural development and various contacts. it evaluates their position on the basis of available resources within a wider cultural-chronological context of the northern part of the Carpathian Basin in the time period from the end of the Bronze Age to the late La Tene period.<\/p>\n<p>&nbsp;<\/p>\n<p>Registration number: <strong>2\/0030\/15<\/strong><br \/>\nProject duration: <strong>01\/2015 \u2013 12\/2017<\/strong><br \/>\nProject title:\u00a0<strong>Structure and determinants of settlement of the Eastern Slovakia on the background of natural, cultural and social conditions in the Prehistoric Times to the Early Modern Period<\/strong><\/p>\n<p>Responsible person: <strong>PhDr. Eva Horv\u00e1thov\u00e1, CSc.<\/strong><\/p>\n<\/div>\n<p>Annotation:<\/p>\n<p>The project focuses on solving the topic of creation of settlement enclaves on the routes of arterial roads in the regions with different parametres of natural environment, cultural development and various contacts. it evaluates their position on the basis of available resources within a wider cultural-chronological context of the northern part of the Carpathian Basin in the time period from the end of the Bronze Age to the late La Tene period.<\/p>\n<p>&nbsp;<\/p>\n<div class=\"entry-content\">\n<p>Registration number: <strong>2\/0121\/15<\/strong><br \/>\nProject duration: <strong>01\/2015 \u2013 12\/2017<\/strong><br \/>\nProject title: <strong>Power structures of the Early History and Early Medieval archaeological sources<\/strong><br \/>\nResponsible person: <strong>PhDr. Karol Pieta, DrSc.<\/strong><\/p>\n<p>&nbsp;<\/p>\n<p>Registration number: <strong>2\/0170\/15<\/strong><br \/>\nProject duration: <strong>01\/2015 \u2013 12\/2017<\/strong><br \/>\nProject title:\u00a0<strong>New findings of Numismatic heritage in relation to Archaeological and Historical sources<\/strong><\/p>\n<p>Responsible person: <strong>PhDr. J\u00e1n Hunka, CSc.<\/strong><br \/>\nRegistration number: <strong>2\/0150\/15<\/strong><br \/>\nProject duration: <strong>01\/2015 \u2013 12\/2017<\/strong><br \/>\nProject title:\u00a0<strong>Raw materials and technology in the early historical period in Slovakia<\/strong><\/p>\n<p>Responsible person: <strong>PhDr. J\u00e1n Rajt\u00e1r, CSc.<\/strong><\/p>\n<p>&nbsp;<\/p>\n<p>Registration number: <strong>1\/0346\/15<\/strong><br \/>\nProject duration: <strong>01\/2015 \u2013 12\/2017<\/strong><br \/>\nProject title:<strong> Kastel in I\u017ea \u2013 part of Limes Romanus in Slovakia<\/strong><br \/>\nResponsible person: <strong>PhDr. J\u00e1n Rajt\u00e1r, CSc. <\/strong><\/p>\n<p>&nbsp;<\/p>\n<p>Registration number: <strong>1\/0208\/15<\/strong><br \/>\nProject duration: <strong>01\/2015 \u2013 12\/2017<\/strong><br \/>\nProject title: <strong>Man and Mountains over the time- from the Prehistoric fortification to the Medieval Castles<\/strong><br \/>\nResponsible person: <strong>PhDr. J\u00e1n Beljak, PhD.<\/strong><\/p>\n<\/div>\n<hr \/>\n<h2><strong>Projects of SAS Centres of Excellence<\/strong><\/h2>\n<p><strong>\u00a0<\/strong><\/p>\n<p><strong>Project title: <\/strong>Ancient Slovakia: History of Slovakia from its prehistory to the High Middle Ages<\/p>\n<p><strong>Responsible person<\/strong><strong>:<\/strong> V\u00e1clav Furm\u00e1nek<\/p>\n<p><strong>Project duration<\/strong><strong>: <\/strong>1 February 2009 \/ 31 January 2013<\/p>\n<p><strong>Registration number<\/strong><strong>: <\/strong>166\/E\/075\/2009<\/p>\n<p><strong>Coordinator<\/strong><strong>: <\/strong>Institute of Archaeology of Slovak Academy of Science<\/p>\n<p><strong>Number of co-solving institutions: <\/strong>8 \u2013 Austria: 2, Czech Republic: 3, Hungary: 3<\/p>\n<p>The project was focused on presentation and summarization of exceptional achievements of Slovak archaeology within terrain research as well as in the theoretical field. Nine project teams were created to separately elaborate and publish results of key investigations from the territory of Slovakia in numerous monographs and studies. They cover the time span from prehistory, through early history through the Middle Ages to the beginning of early modern history.<\/p>\n<p><strong>\u00a0<\/strong><\/p>\n<h2><strong>National projects supported by EU Structural Funds<\/strong><\/h2>\n<p><strong>\u00a0<\/strong><\/p>\n<p><strong>Project title: <\/strong>Centre for the Research into the Oldest history of the Middle Danube River Basin<\/p>\n<p><strong>Responsible person:<\/strong> Matej Ruttkay<\/p>\n<p><strong>Project duration<\/strong><strong>:<\/strong> 28 October 2010 \/ 31 March 2015<\/p>\n<p><strong>Registration number<\/strong><strong>:<\/strong> 26220120059<\/p>\n<p><strong>Coordinator<\/strong><strong>:<\/strong> Institute of Archaeology of Slovak Academy of Science<\/p>\n<p><strong>Number of co-solving institutions:<\/strong> 0<\/p>\n<p>The project was focused on investigation, preferentially non-destructive surveys of archaeological sites of Slovakia and rescue of cultural heritage. ISAU \u2013 an information system containing information on archaeological investigations in Slovakia since 1939 when the Institute was founded \u2013 was created. A\u00a0technological centre for detection of archaeological sites by means of modern methods was established. Extensive series of non-destructive surveys were carried out as a\u00a0base for elaboration of detailed archaeological maps (Spi\u0161, Zempl\u00edn, lower Hron region, Ipe\u013e region, upper \u017ditava region). For the first time, LIDAR scans were intensely used to make multiple new discoveries. A\u00a0new discipline was developed \u2013 3D archaeology, restoration and conservation laboratories were updated. Successful solving of the project was a\u00a0break point in the material and technical equipment of the Institute which was promoted to the top European level. Simultaneously, numerous new investigation methods were tested involving interdisciplinary domestic as well as international research. Our knowledge of the ancient development of selected regions was considerably changed. A\u00a0collection of monographs and scientific studies as well as new international research cooperations are the results.<\/p>\n<p>&nbsp;<\/p>\n<p><strong>Project title: <\/strong>Completion of the state-of-the-art workplace for research and development in the field of protection and rescue of the cultural heritage of Slovakia<\/p>\n<p><strong>Responsible person: <\/strong>Ivan Cheben<\/p>\n<p><strong>Project duration<\/strong><strong>: <\/strong>15. January 2014 \/ 30 Jun 2015<\/p>\n<p><strong>Registration number<\/strong><strong>: <\/strong>NFP 26210120123<\/p>\n<p><strong>Coordinator<\/strong><strong>: <\/strong>Institute of Archaeology of Slovak Academy of Science<\/p>\n<p><strong>Number of co-solving institutions: <\/strong>0<\/p>\n<p>The goal of the project was to improve quality of the technical infrastructure and thus, increase the ability of the insitution to effectively cooperate with research institutios in the European Union. During the project, it was possible to reconstruct and modernize laboratories, ICT networks and equipment. New scientific depositories were built where archaeological cultural heritage is safely deposited. New software was purchased to support non-destructive surveys and demanding processing of 3D data. Within this project, a\u00a0programme for collecting information on archaeological finds (find situation, depositing, chemical interventions, restoration, lendings, principles of protection, etc.) was developed and is now integrally connected with the Information system of the Institute of Archaeology of SAS.<\/p>\n<p>&nbsp;<\/p>\n<p><strong>Project title:<\/strong> Preservation and revitalization of cultural and natural heritage and Supporting diversity in culture and art within the European cultural heritage<\/p>\n<p><strong>Responsible person:<\/strong> Matej Ruttkay<\/p>\n<p><strong>Project duration:<\/strong> 15 October 2014 \/ 29 February 2016<\/p>\n<p><strong>Registration number<\/strong><strong>:<\/strong> SKOS \u2013 CLT02004<\/p>\n<p><strong>Coordinator<\/strong><strong>:<\/strong> Bratislava, the capital of SR<\/p>\n<p><strong>Number of co-solving institutions:<\/strong> 3<\/p>\n<p>In close cooperation with Bratislava as the capital of the Slovak Republic, we participate in the scientific research, renovation and revitalization of one of the most eminent monuments in Slovakia \u2013 the castle of Dev\u00edn.<\/p>\n<p>&nbsp;<\/p>\n","protected":false},"excerpt":{"rendered":"<p>Projects of the Slovak Research and Development Agency (APVV) \u00a0 Project title: Early medieval centres of power (central Danubian region) Responsible person: Karol Pieta Project duration: 1.5.2011 \/ 30.4.2014 Registration number: 0553-10 Coordinator: Institute of Archaeology of Slovak Academy of Science Annotation: The field research, progresive natural scientific analysis (as geophysic, micromorphology, dendrodating) as well &#8230; <a class=\"read-more\" href=\"https:\/\/archeol.sav.sk\/index.php\/en\/projects-archive-2\/\">\u010c\u00edtajte viac<\/a><\/p>\n","protected":false},"author":2,"featured_media":0,"parent":0,"menu_order":0,"comment_status":"closed","ping_status":"closed","template":"","meta":[],"_links":{"self":[{"href":"https:\/\/archeol.sav.sk\/index.php\/wp-json\/wp\/v2\/pages\/1941"}],"collection":[{"href":"https:\/\/archeol.sav.sk\/index.php\/wp-json\/wp\/v2\/pages"}],"about":[{"href":"https:\/\/archeol.sav.sk\/index.php\/wp-json\/wp\/v2\/types\/page"}],"author":[{"embeddable":true,"href":"https:\/\/archeol.sav.sk\/index.php\/wp-json\/wp\/v2\/users\/2"}],"replies":[{"embeddable":true,"href":"https:\/\/archeol.sav.sk\/index.php\/wp-json\/wp\/v2\/comments?post=1941"}],"version-history":[{"count":3,"href":"https:\/\/archeol.sav.sk\/index.php\/wp-json\/wp\/v2\/pages\/1941\/revisions"}],"predecessor-version":[{"id":3330,"href":"https:\/\/archeol.sav.sk\/index.php\/wp-json\/wp\/v2\/pages\/1941\/revisions\/3330"}],"wp:attachment":[{"href":"https:\/\/archeol.sav.sk\/index.php\/wp-json\/wp\/v2\/media?parent=1941"}],"curies":[{"name":"wp","href":"https:\/\/api.w.org\/{rel}","templated":true}]}}