{"id":1897,"date":"2016-10-09T12:44:32","date_gmt":"2016-10-09T10:44:32","guid":{"rendered":"http:\/\/archeol.sav.sk\/?page_id=1897"},"modified":"2016-10-09T12:44:32","modified_gmt":"2016-10-09T10:44:32","slug":"field-research-2015","status":"publish","type":"page","link":"https:\/\/archeol.sav.sk\/index.php\/en\/field-research-2015\/","title":{"rendered":"Field research 2015"},"content":{"rendered":"<p>The s<span id=\"result_box\" class=\"short_text\" lang=\"en\"><span class=\"\">election of<\/span> <span class=\"\">field research<\/span> <span class=\"\">in 2015<\/span><\/span><\/p>\n<p><a href=\"http:\/\/archeol.sav.sk\/files\/Bobrov-2015.pdf\"><img decoding=\"async\" class=\"noprint\" src=\"http:\/\/archeol.sav.sk\/pics\/pdf_button.png\" alt=\"pdf\" align=\"left\" hspace=\"5\" vspace=\"0\" \/>Bobrov<\/a><\/p>\n<p><a href=\"http:\/\/archeol.sav.sk\/files\/Bojn%C3%A1-Valy-2015.pdf\"><img decoding=\"async\" class=\"noprint\" src=\"http:\/\/archeol.sav.sk\/pics\/pdf_button.png\" alt=\"pdf\" align=\"left\" hspace=\"5\" vspace=\"0\" \/>Bojn\u00e1<\/a><\/p>\n<p><a href=\"http:\/\/archeol.sav.sk\/files\/bojna-III.pdf\"><img decoding=\"async\" class=\"noprint\" src=\"http:\/\/archeol.sav.sk\/pics\/pdf_button.png\" alt=\"pdf\" align=\"left\" hspace=\"5\" vspace=\"0\" \/>Bojn\u00e1 III<\/a><\/p>\n<p><a href=\"http:\/\/archeol.sav.sk\/files\/Bojnice-2015.pdf\"><img decoding=\"async\" class=\"noprint\" src=\"http:\/\/archeol.sav.sk\/pics\/pdf_button.png\" alt=\"pdf\" align=\"left\" hspace=\"5\" vspace=\"0\" \/><\/a><a href=\"http:\/\/archeol.sav.sk\/files\/Bojnice-2015.pdf\">Bojnice<\/a><\/p>\n<p><a href=\"http:\/\/archeol.sav.sk\/files\/Cinoba%C5%88a-2015.pdf\"><img decoding=\"async\" class=\"noprint\" src=\"http:\/\/archeol.sav.sk\/pics\/pdf_button.png\" alt=\"pdf\" align=\"left\" hspace=\"5\" vspace=\"0\" \/>Cinoba\u0148a<\/a><\/p>\n<p><a href=\"http:\/\/archeol.sav.sk\/files\/Dem%C3%A4novsk%C3%A1-Dolina-2015.pdf\"><img decoding=\"async\" class=\"noprint\" src=\"http:\/\/archeol.sav.sk\/pics\/pdf_button.png\" alt=\"pdf\" align=\"left\" hspace=\"5\" vspace=\"0\" \/><\/a><a href=\"http:\/\/archeol.sav.sk\/files\/Dem%C3%A4novsk%C3%A1-Dolina-2015.pdf\">Dem\u00e4novsk\u00e1 Dolina<\/a><\/p>\n<p><a href=\"http:\/\/archeol.sav.sk\/files\/Doln%C3%A9-Vestenice-2015.pdf\"><img decoding=\"async\" class=\"noprint\" src=\"http:\/\/archeol.sav.sk\/pics\/pdf_button.png\" alt=\"pdf\" align=\"left\" hspace=\"5\" vspace=\"0\" \/>Doln\u00e9 Vestenice<\/a><\/p>\n<p><a href=\"http:\/\/archeol.sav.sk\/files\/Web_poster-Hontianska-Vrbica.pdf\"><img decoding=\"async\" class=\"noprint\" src=\"http:\/\/archeol.sav.sk\/pics\/pdf_button.png\" alt=\"pdf\" align=\"left\" hspace=\"5\" vspace=\"0\" \/>Hontianska Vrbica<\/a><\/p>\n<p><a href=\"http:\/\/archeol.sav.sk\/files\/2015-A4-%C4%8Cabra%C4%8F.pdf\"><img decoding=\"async\" class=\"noprint\" src=\"http:\/\/archeol.sav.sk\/pics\/pdf_button.png\" alt=\"pdf\" align=\"left\" hspace=\"5\" vspace=\"0\" \/><\/a><a href=\"http:\/\/archeol.sav.sk\/files\/2015-A4-%C4%8Cabra%C4%8F.pdf\">Hrad \u010cabra\u010f<\/a><\/p>\n<p><a href=\"http:\/\/archeol.sav.sk\/files\/Divin-2015.pdf\"><img decoding=\"async\" class=\"noprint\" src=\"http:\/\/archeol.sav.sk\/pics\/pdf_button.png\" alt=\"pdf\" align=\"left\" hspace=\"5\" vspace=\"0\" \/><\/a><a href=\"http:\/\/archeol.sav.sk\/files\/Divin-2015.pdf\">Hrad Div\u00edn<\/a><\/p>\n<p><a href=\"http:\/\/archeol.sav.sk\/files\/hrad-g%C3%BDme%C5%A1-2015.pdf\"><img decoding=\"async\" class=\"noprint\" src=\"http:\/\/archeol.sav.sk\/pics\/pdf_button.png\" alt=\"pdf\" align=\"left\" hspace=\"5\" vspace=\"0\" \/>Hrad Gym\u00e9\u0161<\/a><\/p>\n<p><a href=\"http:\/\/archeol.sav.sk\/files\/2015-A4-M_Kame%C5%88.pdf\"><img decoding=\"async\" class=\"noprint\" src=\"http:\/\/archeol.sav.sk\/pics\/pdf_button.png\" alt=\"pdf\" align=\"left\" hspace=\"5\" vspace=\"0\" \/>Hrad Modr\u00fd kame\u0148<\/a><\/p>\n<p><a href=\"http:\/\/archeol.sav.sk\/files\/A4-SASOV_C13.pdf\"><img decoding=\"async\" class=\"noprint\" src=\"http:\/\/archeol.sav.sk\/pics\/pdf_button.png\" alt=\"pdf\" align=\"left\" hspace=\"5\" vspace=\"0\" \/>Hrad \u0160\u00e1\u0161ov<\/a><\/p>\n<p><a href=\"http:\/\/archeol.sav.sk\/files\/A4-SASOV_C13.pdf\"><img decoding=\"async\" class=\"noprint\" src=\"http:\/\/archeol.sav.sk\/pics\/pdf_button.png\" alt=\"pdf\" align=\"left\" hspace=\"5\" vspace=\"0\" \/><\/a><a href=\"http:\/\/archeol.sav.sk\/files\/Ko%C5%A1ice-s%C3%ADdlisko-Kuzm%C3%A1nyho.pdf\">Ko\u0161ice \u2013 s\u00eddlisko Kuzm\u00e1nyho<\/a><\/p>\n<p><a href=\"http:\/\/archeol.sav.sk\/files\/Lietava-2015.pdf\"><img decoding=\"async\" class=\"noprint\" src=\"http:\/\/archeol.sav.sk\/pics\/pdf_button.png\" alt=\"pdf\" align=\"left\" hspace=\"5\" vspace=\"0\" \/>Lietava<\/a><\/p>\n<p><a href=\"http:\/\/archeol.sav.sk\/files\/Liptovsk%C3%A1-Sielnica-2015.pdf\"><img decoding=\"async\" class=\"noprint\" src=\"http:\/\/archeol.sav.sk\/pics\/pdf_button.png\" alt=\"pdf\" align=\"left\" hspace=\"5\" vspace=\"0\" \/><\/a> <a href=\"http:\/\/archeol.sav.sk\/files\/Liptovsk%C3%A1-Sielnica-2015.pdf\">Liptovsk\u00e1 Sielnica<\/a><\/p>\n<p><a href=\"http:\/\/archeol.sav.sk\/files\/Prieskum_Povazia-2015.pdf\"><img decoding=\"async\" class=\"noprint\" src=\"http:\/\/archeol.sav.sk\/pics\/pdf_button.png\" alt=\"pdf\" align=\"left\" hspace=\"5\" vspace=\"0\" \/>Pova\u017eie<\/a><\/p>\n<p><a href=\"http:\/\/archeol.sav.sk\/files\/2015-A4-P_Hrad-doln%C3%BD.pdf\"><img decoding=\"async\" class=\"noprint\" src=\"http:\/\/archeol.sav.sk\/pics\/pdf_button.png\" alt=\"pdf\" align=\"left\" hspace=\"5\" vspace=\"0\" \/>Pust\u00fd hrad \u2013 Doln\u00fd<\/a><\/p>\n<p><a href=\"http:\/\/archeol.sav.sk\/files\/2015-A4-P_Hrad-horn%C3%BD.pdf\"><img decoding=\"async\" class=\"noprint\" src=\"http:\/\/archeol.sav.sk\/pics\/pdf_button.png\" alt=\"pdf\" align=\"left\" hspace=\"5\" vspace=\"0\" \/><\/a><a href=\"http:\/\/archeol.sav.sk\/files\/2015-A4-P_Hrad-horn%C3%BD.pdf\">Pust\u00fd hrad \u2013 Horn\u00fd<\/a><\/p>\n<p><a href=\"http:\/\/archeol.sav.sk\/files\/Rybn%C3%ADk-2015.pdf\"><img decoding=\"async\" class=\"noprint\" src=\"http:\/\/archeol.sav.sk\/pics\/pdf_button.png\" alt=\"pdf\" align=\"left\" hspace=\"5\" vspace=\"0\" \/><\/a><a href=\"http:\/\/archeol.sav.sk\/files\/Rybn%C3%ADk-2015.pdf\">Rybn\u00edk<\/a><\/p>\n<p><img decoding=\"async\" class=\"noprint\" src=\"http:\/\/archeol.sav.sk\/pics\/pdf_button.png\" alt=\"pdf\" align=\"left\" hspace=\"5\" vspace=\"0\" \/><a href=\"http:\/\/archeol.sav.sk\/files\/Santovka-2015.pdf\">Santovka<\/a><\/p>\n<p><a href=\"http:\/\/archeol.sav.sk\/files\/sered-lidl-2015.pdf\"><img decoding=\"async\" class=\"noprint\" src=\"http:\/\/archeol.sav.sk\/pics\/pdf_button.png\" alt=\"pdf\" align=\"left\" hspace=\"5\" vspace=\"0\" \/><\/a><a href=\"http:\/\/archeol.sav.sk\/files\/sered-lidl-2015.pdf\">Sere\u010f<\/a><\/p>\n<p><a href=\"http:\/\/archeol.sav.sk\/files\/Sklabinsk%C3%BD-Podz%C3%A1mok-2015.pdf\"><img decoding=\"async\" class=\"noprint\" src=\"http:\/\/archeol.sav.sk\/pics\/pdf_button.png\" alt=\"pdf\" align=\"left\" hspace=\"5\" vspace=\"0\" \/>Sklabinsk\u00fd Podz\u00e1mok<\/a><\/p>\n<p><a href=\"http:\/\/archeol.sav.sk\/files\/Smolenice-Molp%C3%ADr-2015.pdf\"><img decoding=\"async\" class=\"noprint\" src=\"http:\/\/archeol.sav.sk\/pics\/pdf_button.png\" alt=\"pdf\" align=\"left\" hspace=\"5\" vspace=\"0\" \/>Smolenice \u2013 Molp\u00edr<\/a><\/p>\n<p><a href=\"http:\/\/archeol.sav.sk\/files\/Suchohrad-2015.pdf\"><img decoding=\"async\" class=\"noprint\" src=\"http:\/\/archeol.sav.sk\/pics\/pdf_button.png\" alt=\"pdf\" align=\"left\" hspace=\"5\" vspace=\"0\" \/><\/a><a href=\"http:\/\/archeol.sav.sk\/files\/Suchohrad-2015.pdf\">Suchohrad<\/a><\/p>\n<p><a href=\"http:\/\/archeol.sav.sk\/files\/Vr%C3%A1ble-2015.pdf\"><img decoding=\"async\" class=\"noprint\" src=\"http:\/\/archeol.sav.sk\/pics\/pdf_button.png\" alt=\"pdf\" align=\"left\" hspace=\"5\" vspace=\"0\" \/>Vr\u00e1ble<\/a><\/p>\n<p><a href=\"http:\/\/archeol.sav.sk\/files\/Z%C3%A1va%C5%BEn%C3%A1-Poruba-2015.pdf\"><img decoding=\"async\" class=\"noprint\" src=\"http:\/\/archeol.sav.sk\/pics\/pdf_button.png\" alt=\"pdf\" align=\"left\" hspace=\"5\" vspace=\"0\" \/><\/a> <a href=\"http:\/\/archeol.sav.sk\/files\/Z%C3%A1va%C5%BEn%C3%A1-Poruba-2015.pdf\">Z\u00e1va\u017en\u00e1 Poruba<\/a><\/p>\n<p><a href=\"http:\/\/archeol.sav.sk\/files\/Zobor.pdf\"><img decoding=\"async\" class=\"noprint\" src=\"http:\/\/archeol.sav.sk\/pics\/pdf_button.png\" alt=\"pdf\" align=\"left\" hspace=\"5\" vspace=\"0\" \/>Zobor<\/a><\/p>\n<p><a href=\"http:\/\/archeol.sav.sk\/files\/Triblavina-2015_opr.pdf\"><img decoding=\"async\" class=\"noprint\" src=\"http:\/\/archeol.sav.sk\/pics\/pdf_button.png\" alt=\"pdf\" align=\"left\" hspace=\"5\" vspace=\"0\" \/>Triblavina<\/a><\/p>\n","protected":false},"excerpt":{"rendered":"<p>The selection of field research in 2015 Bobrov Bojn\u00e1 Bojn\u00e1 III Bojnice Cinoba\u0148a Dem\u00e4novsk\u00e1 Dolina Doln\u00e9 Vestenice Hontianska Vrbica Hrad \u010cabra\u010f Hrad Div\u00edn Hrad Gym\u00e9\u0161 Hrad Modr\u00fd kame\u0148 Hrad \u0160\u00e1\u0161ov Ko\u0161ice \u2013 s\u00eddlisko Kuzm\u00e1nyho Lietava Liptovsk\u00e1 Sielnica Pova\u017eie Pust\u00fd hrad \u2013 Doln\u00fd Pust\u00fd hrad \u2013 Horn\u00fd Rybn\u00edk Santovka Sere\u010f Sklabinsk\u00fd Podz\u00e1mok Smolenice \u2013 Molp\u00edr Suchohrad &#8230; <a class=\"read-more\" href=\"https:\/\/archeol.sav.sk\/index.php\/en\/field-research-2015\/\">\u010c\u00edtajte viac<\/a><\/p>\n","protected":false},"author":2,"featured_media":0,"parent":0,"menu_order":0,"comment_status":"closed","ping_status":"closed","template":"","meta":[],"_links":{"self":[{"href":"https:\/\/archeol.sav.sk\/index.php\/wp-json\/wp\/v2\/pages\/1897"}],"collection":[{"href":"https:\/\/archeol.sav.sk\/index.php\/wp-json\/wp\/v2\/pages"}],"about":[{"href":"https:\/\/archeol.sav.sk\/index.php\/wp-json\/wp\/v2\/types\/page"}],"author":[{"embeddable":true,"href":"https:\/\/archeol.sav.sk\/index.php\/wp-json\/wp\/v2\/users\/2"}],"replies":[{"embeddable":true,"href":"https:\/\/archeol.sav.sk\/index.php\/wp-json\/wp\/v2\/comments?post=1897"}],"version-history":[{"count":1,"href":"https:\/\/archeol.sav.sk\/index.php\/wp-json\/wp\/v2\/pages\/1897\/revisions"}],"predecessor-version":[{"id":1898,"href":"https:\/\/archeol.sav.sk\/index.php\/wp-json\/wp\/v2\/pages\/1897\/revisions\/1898"}],"wp:attachment":[{"href":"https:\/\/archeol.sav.sk\/index.php\/wp-json\/wp\/v2\/media?parent=1897"}],"curies":[{"name":"wp","href":"https:\/\/api.w.org\/{rel}","templated":true}]}}