{"id":1895,"date":"2016-10-09T12:43:16","date_gmt":"2016-10-09T10:43:16","guid":{"rendered":"http:\/\/archeol.sav.sk\/?page_id=1895"},"modified":"2016-10-09T12:43:16","modified_gmt":"2016-10-09T10:43:16","slug":"field-research-2014","status":"publish","type":"page","link":"https:\/\/archeol.sav.sk\/index.php\/en\/field-research-2014\/","title":{"rendered":"Field research 2014"},"content":{"rendered":"<p>The s<span id=\"result_box\" class=\"short_text\" lang=\"en\"><span class=\"\">election of<\/span> <span class=\"\">field research<\/span> <span class=\"\">in 2014<\/span><\/span><\/p>\n<p>&nbsp;<\/p>\n<p><img decoding=\"async\" class=\"noprint\" src=\"http:\/\/archeol.sav.sk\/pics\/pdf_button.png\" alt=\"pdf\" align=\"left\" hspace=\"5\" vspace=\"0\" \/><a href=\"http:\/\/archeol.sav.sk\/files\/BOJN%C3%81-2014.pdf\" target=\"_blank\">Bojn\u00e1<\/a><\/p>\n<p><img decoding=\"async\" class=\"noprint\" src=\"http:\/\/archeol.sav.sk\/pics\/pdf_button.png\" alt=\"pdf\" align=\"left\" hspace=\"5\" vspace=\"0\" \/><a href=\"http:\/\/archeol.sav.sk\/docs_vyskumy2014\/2014_Cinobana.pdf\" target=\"_blank\">Cinoba\u0148a<\/a><\/p>\n<p><img decoding=\"async\" class=\"noprint\" src=\"http:\/\/archeol.sav.sk\/pics\/pdf_button.png\" alt=\"pdf\" align=\"left\" hspace=\"5\" vspace=\"0\" \/><a href=\"http:\/\/archeol.sav.sk\/docs_vyskumy2014\/2014_Cabrad.pdf\" target=\"_blank\">Hrad \u010cabra\u010f<\/a><\/p>\n<p><img decoding=\"async\" class=\"noprint\" src=\"http:\/\/archeol.sav.sk\/pics\/pdf_button.png\" alt=\"pdf\" align=\"left\" hspace=\"5\" vspace=\"0\" \/><a href=\"http:\/\/archeol.sav.sk\/docs_vyskumy2014\/2014_Cierne_Valy.pdf\" target=\"_blank\">\u010cierne \u2013 Valy<\/a><\/p>\n<p><img decoding=\"async\" class=\"noprint\" src=\"http:\/\/archeol.sav.sk\/pics\/pdf_button.png\" alt=\"pdf\" align=\"left\" hspace=\"5\" vspace=\"0\" \/><a href=\"http:\/\/archeol.sav.sk\/docs_vyskumy2014\/2014_Divin.pdf\" target=\"_blank\">Hrad Div\u00edn<\/a><\/p>\n<p><img decoding=\"async\" class=\"noprint\" src=\"http:\/\/archeol.sav.sk\/pics\/pdf_button.png\" alt=\"pdf\" align=\"left\" hspace=\"5\" vspace=\"0\" \/><a href=\"http:\/\/archeol.sav.sk\/docs_vyskumy2014\/2014_Gymes.pdf\" target=\"_blank\">G\u00fdme\u0161<\/a><\/p>\n<p><img decoding=\"async\" class=\"noprint\" src=\"http:\/\/archeol.sav.sk\/pics\/pdf_button.png\" alt=\"pdf\" align=\"left\" hspace=\"5\" vspace=\"0\" \/><a href=\"http:\/\/archeol.sav.sk\/docs_vyskumy2014\/2014_Hontianska_Vrbica.pdf\" target=\"_blank\">Hontianska Vrbica<\/a><\/p>\n<p><img decoding=\"async\" class=\"noprint\" src=\"http:\/\/archeol.sav.sk\/pics\/pdf_button.png\" alt=\"pdf\" align=\"left\" hspace=\"5\" vspace=\"0\" \/><a href=\"http:\/\/archeol.sav.sk\/docs_vyskumy2014\/2014_Kysuce-zaniknute_cesty.pdf\" target=\"_blank\">Kysuce \u2013 zaniknut\u00e9 cesty<\/a><\/p>\n<p><img decoding=\"async\" class=\"noprint\" src=\"http:\/\/archeol.sav.sk\/pics\/pdf_button.png\" alt=\"pdf\" align=\"left\" hspace=\"5\" vspace=\"0\" \/><a href=\"http:\/\/archeol.sav.sk\/docs_vyskumy2014\/2014_Lietava.pdf\" target=\"_blank\">Lietava<\/a><\/p>\n<p><img decoding=\"async\" class=\"noprint\" src=\"http:\/\/archeol.sav.sk\/pics\/pdf_button.png\" alt=\"pdf\" align=\"left\" hspace=\"5\" vspace=\"0\" \/><a href=\"http:\/\/archeol.sav.sk\/docs_vyskumy2014\/2014_Ludanice-Mytna_Nova_Ves.pdf\" target=\"_blank\">Ludanice \u2013 M\u00fdtna Nov\u00e1 Ves<\/a><\/p>\n<p><img decoding=\"async\" class=\"noprint\" src=\"http:\/\/archeol.sav.sk\/pics\/pdf_button.png\" alt=\"pdf\" align=\"left\" hspace=\"5\" vspace=\"0\" \/><a href=\"http:\/\/archeol.sav.sk\/docs_vyskumy2014\/2014_Nitra-Hrad.pdf\" target=\"_blank\">Nitra \u2013 hrad<\/a><\/p>\n<p><img decoding=\"async\" class=\"noprint\" src=\"http:\/\/archeol.sav.sk\/pics\/pdf_button.png\" alt=\"pdf\" align=\"left\" hspace=\"5\" vspace=\"0\" \/><a href=\"http:\/\/archeol.sav.sk\/docs_vyskumy2014\/2014_Modry_Kamen.pdf\" target=\"_blank\">Hrad Modr\u00fd Kame\u0148<\/a><\/p>\n<p><img decoding=\"async\" class=\"noprint\" src=\"http:\/\/archeol.sav.sk\/pics\/pdf_button.png\" alt=\"pdf\" align=\"left\" hspace=\"5\" vspace=\"0\" \/><a href=\"http:\/\/archeol.sav.sk\/docs_vyskumy2014\/2014_Trstena_Murgase.pdf\" target=\"_blank\">Trsten\u00e1 \u2013 Murg\u00e1\u0161e<\/a><\/p>\n<p><img decoding=\"async\" class=\"noprint\" src=\"http:\/\/archeol.sav.sk\/pics\/pdf_button.png\" alt=\"pdf\" align=\"left\" hspace=\"5\" vspace=\"0\" \/><a href=\"http:\/\/archeol.sav.sk\/docs_vyskumy2014\/2014_Pusty_hrad.pdf\" target=\"_blank\">Zvolen \u2013 Pust\u00fd hrad<\/a><\/p>\n<p><img decoding=\"async\" class=\"noprint\" src=\"http:\/\/archeol.sav.sk\/pics\/pdf_button.png\" alt=\"pdf\" align=\"left\" hspace=\"5\" vspace=\"0\" \/><a href=\"http:\/\/archeol.sav.sk\/docs_vyskumy2014\/2014_Rybnik.pdf\" target=\"_blank\">Rybn\u00edk<\/a><\/p>\n<p><img decoding=\"async\" class=\"noprint\" src=\"http:\/\/archeol.sav.sk\/pics\/pdf_button.png\" alt=\"pdf\" align=\"left\" hspace=\"5\" vspace=\"0\" \/><a href=\"http:\/\/archeol.sav.sk\/docs_vyskumy2014\/2014_Santovka.pdf\" target=\"_blank\">Santovka<\/a><\/p>\n<p><img decoding=\"async\" class=\"noprint\" src=\"http:\/\/archeol.sav.sk\/pics\/pdf_button.png\" alt=\"pdf\" align=\"left\" hspace=\"5\" vspace=\"0\" \/><a href=\"http:\/\/archeol.sav.sk\/docs_vyskumy2014\/2014_Vrable-Fidvar.pdf\" target=\"_blank\">Vr\u00e1ble \u2013 Fidv\u00e1r<\/a><\/p>\n<p><img decoding=\"async\" class=\"noprint\" src=\"http:\/\/archeol.sav.sk\/pics\/pdf_button.png\" alt=\"pdf\" align=\"left\" hspace=\"5\" vspace=\"0\" \/><a href=\"http:\/\/archeol.sav.sk\/files\/Pre%C5%A1ov-Ne%C5%A1porova-ulica.pdf\">Pre\u0161ov \u2013 Ne\u0161porova-ulica<\/a><\/p>\n","protected":false},"excerpt":{"rendered":"<p>The selection of field research in 2014 &nbsp; Bojn\u00e1 Cinoba\u0148a Hrad \u010cabra\u010f \u010cierne \u2013 Valy Hrad Div\u00edn G\u00fdme\u0161 Hontianska Vrbica Kysuce \u2013 zaniknut\u00e9 cesty Lietava Ludanice \u2013 M\u00fdtna Nov\u00e1 Ves Nitra \u2013 hrad Hrad Modr\u00fd Kame\u0148 Trsten\u00e1 \u2013 Murg\u00e1\u0161e Zvolen \u2013 Pust\u00fd hrad Rybn\u00edk Santovka Vr\u00e1ble \u2013 Fidv\u00e1r Pre\u0161ov \u2013 Ne\u0161porova-ulica<\/p>\n","protected":false},"author":2,"featured_media":0,"parent":0,"menu_order":0,"comment_status":"closed","ping_status":"closed","template":"","meta":[],"_links":{"self":[{"href":"https:\/\/archeol.sav.sk\/index.php\/wp-json\/wp\/v2\/pages\/1895"}],"collection":[{"href":"https:\/\/archeol.sav.sk\/index.php\/wp-json\/wp\/v2\/pages"}],"about":[{"href":"https:\/\/archeol.sav.sk\/index.php\/wp-json\/wp\/v2\/types\/page"}],"author":[{"embeddable":true,"href":"https:\/\/archeol.sav.sk\/index.php\/wp-json\/wp\/v2\/users\/2"}],"replies":[{"embeddable":true,"href":"https:\/\/archeol.sav.sk\/index.php\/wp-json\/wp\/v2\/comments?post=1895"}],"version-history":[{"count":1,"href":"https:\/\/archeol.sav.sk\/index.php\/wp-json\/wp\/v2\/pages\/1895\/revisions"}],"predecessor-version":[{"id":1896,"href":"https:\/\/archeol.sav.sk\/index.php\/wp-json\/wp\/v2\/pages\/1895\/revisions\/1896"}],"wp:attachment":[{"href":"https:\/\/archeol.sav.sk\/index.php\/wp-json\/wp\/v2\/media?parent=1895"}],"curies":[{"name":"wp","href":"https:\/\/api.w.org\/{rel}","templated":true}]}}