{"id":1887,"date":"2016-10-09T12:37:51","date_gmt":"2016-10-09T10:37:51","guid":{"rendered":"http:\/\/archeol.sav.sk\/?page_id=1887"},"modified":"2016-10-09T12:37:51","modified_gmt":"2016-10-09T10:37:51","slug":"field-research-2010","status":"publish","type":"page","link":"https:\/\/archeol.sav.sk\/index.php\/en\/field-research-2010\/","title":{"rendered":"Field research 2010"},"content":{"rendered":"<p><span id=\"result_box\" class=\"short_text\" lang=\"en\"><span class=\"\">The selection of<\/span> <span class=\"\">field research<\/span> <span class=\"\">in 2010<\/span><\/span><\/p>\n<p><img decoding=\"async\" class=\"noprint\" src=\"http:\/\/archeol.sav.sk\/pics\/pdf_button.png\" alt=\"pdf\" align=\"left\" hspace=\"5\" vspace=\"0\" \/><a href=\"http:\/\/archeol.sav.sk\/docs_vyskumy2010\/2010_bojna.pdf\" target=\"_blank\">Bojn\u00e1<\/a><\/p>\n<p><img decoding=\"async\" class=\"noprint\" src=\"http:\/\/archeol.sav.sk\/pics\/pdf_button.png\" alt=\"pdf\" align=\"left\" hspace=\"5\" vspace=\"0\" \/><a href=\"http:\/\/archeol.sav.sk\/docs_vyskumy2010\/2010_cinobana.pdf\" target=\"_blank\">Cinoba\u0148a \u2013 Jar\u010danisko<\/a><\/p>\n<p><img decoding=\"async\" class=\"noprint\" src=\"http:\/\/archeol.sav.sk\/pics\/pdf_button.png\" alt=\"pdf\" align=\"left\" hspace=\"5\" vspace=\"0\" \/><a href=\"http:\/\/archeol.sav.sk\/docs_vyskumy2010\/2010_dolna_strehova_termalne_kupalisko_pramen.pdf\" target=\"_blank\">Doln\u00e1 Strehov\u00e1 \u2013 Term\u00e1lne k\u00fapalisko Prame\u0148<\/a><\/p>\n<p><img decoding=\"async\" class=\"noprint\" src=\"http:\/\/archeol.sav.sk\/pics\/pdf_button.png\" alt=\"pdf\" align=\"left\" hspace=\"5\" vspace=\"0\" \/><a href=\"http:\/\/archeol.sav.sk\/docs_vyskumy2010\/2010_kosice.pdf\" target=\"_blank\">Ko\u0161ice<\/a><\/p>\n<p><img decoding=\"async\" class=\"noprint\" src=\"http:\/\/archeol.sav.sk\/pics\/pdf_button.png\" alt=\"pdf\" align=\"left\" hspace=\"5\" vspace=\"0\" \/><a href=\"http:\/\/archeol.sav.sk\/docs_vyskumy2010\/2010_kremnica_mincovna.pdf\" target=\"_blank\">Kremnica \u2013 mincov\u0148a<\/a><\/p>\n<p><img decoding=\"async\" class=\"noprint\" src=\"http:\/\/archeol.sav.sk\/pics\/pdf_button.png\" alt=\"pdf\" align=\"left\" hspace=\"5\" vspace=\"0\" \/><a href=\"http:\/\/archeol.sav.sk\/docs_vyskumy2010\/2010_levoca_vojenske_cvicisko.pdf\" target=\"_blank\">Levo\u010da \u2013 Vojensk\u00e9 cvi\u010disko<\/a><\/p>\n<p><img decoding=\"async\" class=\"noprint\" src=\"http:\/\/archeol.sav.sk\/pics\/pdf_button.png\" alt=\"pdf\" align=\"left\" hspace=\"5\" vspace=\"0\" \/><a href=\"http:\/\/archeol.sav.sk\/docs_vyskumy2010\/2010_nitra_mikov_dvor_I.pdf\" target=\"_blank\">Nitra \u2013 Mikov dvor I<\/a><\/p>\n<p><img decoding=\"async\" class=\"noprint\" src=\"http:\/\/archeol.sav.sk\/pics\/pdf_button.png\" alt=\"pdf\" align=\"left\" hspace=\"5\" vspace=\"0\" \/><a href=\"http:\/\/archeol.sav.sk\/docs_vyskumy2010\/2010_nitra_hrad.pdf\" target=\"_blank\">Nitra \u2013 hrad<\/a><\/p>\n<p><img decoding=\"async\" class=\"noprint\" src=\"http:\/\/archeol.sav.sk\/pics\/pdf_button.png\" alt=\"pdf\" align=\"left\" hspace=\"5\" vspace=\"0\" \/><a href=\"http:\/\/archeol.sav.sk\/docs_vyskumy2010\/2010_poprad.pdf\" target=\"_blank\">Poprad \u2013 Matejovce<\/a><\/p>\n<p><img decoding=\"async\" class=\"noprint\" src=\"http:\/\/archeol.sav.sk\/pics\/pdf_button.png\" alt=\"pdf\" align=\"left\" hspace=\"5\" vspace=\"0\" \/><a href=\"http:\/\/archeol.sav.sk\/docs_vyskumy2010\/2010_presov_chmelove_ticha_dolina.pdf\" target=\"_blank\">Pre\u0161ov \u2013 Chme\u013eov\u00e9 \u2013 Tich\u00e1 dolina<\/a><\/p>\n<p><img decoding=\"async\" class=\"noprint\" src=\"http:\/\/archeol.sav.sk\/pics\/pdf_button.png\" alt=\"pdf\" align=\"left\" hspace=\"5\" vspace=\"0\" \/><a href=\"http:\/\/archeol.sav.sk\/docs_vyskumy2010\/2010_rybnik.pdf\" target=\"_blank\">Rybn\u00edk \u2013 Nad Hronom<\/a><\/p>\n<p><img decoding=\"async\" class=\"noprint\" src=\"http:\/\/archeol.sav.sk\/pics\/pdf_button.png\" alt=\"pdf\" align=\"left\" hspace=\"5\" vspace=\"0\" \/><a href=\"http:\/\/archeol.sav.sk\/docs_vyskumy2010\/2010_santovka.pdf\" target=\"_blank\">Santovka \u2013 Malinovec<\/a><\/p>\n<p><img decoding=\"async\" class=\"noprint\" src=\"http:\/\/archeol.sav.sk\/pics\/pdf_button.png\" alt=\"pdf\" align=\"left\" hspace=\"5\" vspace=\"0\" \/><a href=\"http:\/\/archeol.sav.sk\/docs_vyskumy2010\/2010_velky_saris_kaplnka_sv_kunhuty.pdf\" target=\"_blank\">Ve\u013ek\u00fd \u0160ari\u0161 \u2013 Kaplnka sv. Kunhuty<\/a><\/p>\n<p><img decoding=\"async\" class=\"noprint\" src=\"http:\/\/archeol.sav.sk\/pics\/pdf_button.png\" alt=\"pdf\" align=\"left\" hspace=\"5\" vspace=\"0\" \/><a href=\"http:\/\/archeol.sav.sk\/docs_vyskumy2010\/2010_vinodol_infranet.pdf\" target=\"_blank\">Vinodol<\/a><\/p>\n<p><img decoding=\"async\" class=\"noprint\" src=\"http:\/\/archeol.sav.sk\/pics\/pdf_button.png\" alt=\"pdf\" align=\"left\" hspace=\"5\" vspace=\"0\" \/><a href=\"http:\/\/archeol.sav.sk\/docs_vyskumy2010\/2010_vrable.pdf\" target=\"_blank\">Vr\u00e1ble \u2013 Fidv\u00e1r<\/a><\/p>\n<p><img decoding=\"async\" class=\"noprint\" src=\"http:\/\/archeol.sav.sk\/pics\/pdf_button.png\" alt=\"pdf\" align=\"left\" hspace=\"5\" vspace=\"0\" \/><a href=\"http:\/\/archeol.sav.sk\/docs_vyskumy2010\/2010_vyskum_rimskych_polnych_taborov.pdf\" target=\"_blank\">V\u00fdskum r\u00edmskych po\u013en\u00fdch t\u00e1borov v rokoch 2009-2010<\/a><\/p>\n<p><img decoding=\"async\" class=\"noprint\" src=\"http:\/\/archeol.sav.sk\/pics\/pdf_button.png\" alt=\"htm\" align=\"left\" hspace=\"5\" vspace=\"0\" \/><a href=\"http:\/\/archeol.sav.sk\/docs_vyskumy2010\/2010_zohor_piesky.pdf\" target=\"_blank\">Zohor \u2013 Piesky<\/a><\/p>\n<p><img decoding=\"async\" class=\"noprint\" src=\"http:\/\/archeol.sav.sk\/pics\/pdf_button.png\" alt=\"pdf\" align=\"left\" hspace=\"5\" vspace=\"0\" \/><a href=\"http:\/\/archeol.sav.sk\/docs_vyskumy2010\/2010_zvolen_podborova_ul_banika_a_borovianska.pdf\" target=\"_blank\">Zvolen, Podborov\u00e1, ul. B\u00e1nika a Borovianska<\/a><\/p>\n<p><img decoding=\"async\" class=\"noprint\" src=\"http:\/\/archeol.sav.sk\/pics\/html_button.png\" alt=\"htm\" align=\"left\" hspace=\"5\" vspace=\"0\" \/><a href=\"http:\/\/www.pustyhrad.com\/vyskum\/vyskum_02.html\" target=\"_blank\">Zvolen \u2013 Pust\u00fd hrad<\/a><\/p>\n<p><img decoding=\"async\" class=\"noprint\" src=\"http:\/\/archeol.sav.sk\/pics\/html_button.png\" alt=\"htm\" align=\"left\" hspace=\"5\" vspace=\"0\" \/><a href=\"http:\/\/www.pustyhrad.com\/okolie\/val_drahy.html\" target=\"_blank\">Zvolen \u2013 Drahy<\/a><\/p>\n","protected":false},"excerpt":{"rendered":"<p>The selection of field research in 2010 Bojn\u00e1 Cinoba\u0148a \u2013 Jar\u010danisko Doln\u00e1 Strehov\u00e1 \u2013 Term\u00e1lne k\u00fapalisko Prame\u0148 Ko\u0161ice Kremnica \u2013 mincov\u0148a Levo\u010da \u2013 Vojensk\u00e9 cvi\u010disko Nitra \u2013 Mikov dvor I Nitra \u2013 hrad Poprad \u2013 Matejovce Pre\u0161ov \u2013 Chme\u013eov\u00e9 \u2013 Tich\u00e1 dolina Rybn\u00edk \u2013 Nad Hronom Santovka \u2013 Malinovec Ve\u013ek\u00fd \u0160ari\u0161 \u2013 Kaplnka sv. Kunhuty &#8230; <a class=\"read-more\" href=\"https:\/\/archeol.sav.sk\/index.php\/en\/field-research-2010\/\">\u010c\u00edtajte viac<\/a><\/p>\n","protected":false},"author":2,"featured_media":0,"parent":0,"menu_order":0,"comment_status":"closed","ping_status":"closed","template":"","meta":[],"_links":{"self":[{"href":"https:\/\/archeol.sav.sk\/index.php\/wp-json\/wp\/v2\/pages\/1887"}],"collection":[{"href":"https:\/\/archeol.sav.sk\/index.php\/wp-json\/wp\/v2\/pages"}],"about":[{"href":"https:\/\/archeol.sav.sk\/index.php\/wp-json\/wp\/v2\/types\/page"}],"author":[{"embeddable":true,"href":"https:\/\/archeol.sav.sk\/index.php\/wp-json\/wp\/v2\/users\/2"}],"replies":[{"embeddable":true,"href":"https:\/\/archeol.sav.sk\/index.php\/wp-json\/wp\/v2\/comments?post=1887"}],"version-history":[{"count":1,"href":"https:\/\/archeol.sav.sk\/index.php\/wp-json\/wp\/v2\/pages\/1887\/revisions"}],"predecessor-version":[{"id":1888,"href":"https:\/\/archeol.sav.sk\/index.php\/wp-json\/wp\/v2\/pages\/1887\/revisions\/1888"}],"wp:attachment":[{"href":"https:\/\/archeol.sav.sk\/index.php\/wp-json\/wp\/v2\/media?parent=1887"}],"curies":[{"name":"wp","href":"https:\/\/api.w.org\/{rel}","templated":true}]}}