{"id":1883,"date":"2016-10-09T12:34:18","date_gmt":"2016-10-09T10:34:18","guid":{"rendered":"http:\/\/archeol.sav.sk\/?page_id=1883"},"modified":"2016-10-09T12:34:18","modified_gmt":"2016-10-09T10:34:18","slug":"field-research-2008","status":"publish","type":"page","link":"https:\/\/archeol.sav.sk\/index.php\/en\/field-research-2008\/","title":{"rendered":"Field research 2008"},"content":{"rendered":"<p><span id=\"result_box\" class=\"short_text\" lang=\"en\"><span class=\"\">The selection of<\/span> <span class=\"\">field research<\/span> <span class=\"\">in 2008<\/span><\/span><\/p>\n<p>&nbsp;<\/p>\n<p><img decoding=\"async\" class=\"noprint\" src=\"http:\/\/archeol.sav.sk\/pics\/pdf_button.png\" alt=\"pdf\" align=\"left\" hspace=\"5\" vspace=\"0\" \/><a href=\"http:\/\/archeol.sav.sk\/docs_vyskumy2008\/POIPLIE.pdf\" target=\"_blank\">Archeologick\u00e1 prospekcia stredn\u00e9ho Poiplia<\/a><\/p>\n<p><img decoding=\"async\" class=\"noprint\" src=\"http:\/\/archeol.sav.sk\/pics\/pdf_button.png\" alt=\"pdf\" align=\"left\" hspace=\"5\" vspace=\"0\" \/><a href=\"http:\/\/archeol.sav.sk\/docs_vyskumy2008\/BENADIKOVA.pdf\" target=\"_blank\">Be\u0148adikov\u00e1, okr. Liptovsk\u00fd Mikul\u00e1\u0161<\/a><\/p>\n<p><img decoding=\"async\" class=\"noprint\" src=\"http:\/\/archeol.sav.sk\/pics\/pdf_button.png\" alt=\"pdf\" align=\"left\" hspace=\"5\" vspace=\"0\" \/><a href=\"http:\/\/archeol.sav.sk\/docs_vyskumy2008\/vyskum_Bednar_Bina.pdf\" target=\"_blank\">B\u00ed\u0148a<\/a><\/p>\n<p><img decoding=\"async\" class=\"noprint\" src=\"http:\/\/archeol.sav.sk\/pics\/pdf_button.png\" alt=\"pdf\" align=\"left\" hspace=\"5\" vspace=\"0\" \/><a href=\"http:\/\/archeol.sav.sk\/docs_vyskumy2008\/vyskumy_Pieta_Bojna.pdf\" target=\"_blank\">Bojn\u00e1<\/a><\/p>\n<p><img decoding=\"async\" class=\"noprint\" src=\"http:\/\/archeol.sav.sk\/pics\/pdf_button.png\" alt=\"pdf\" align=\"left\" hspace=\"5\" vspace=\"0\" \/><a href=\"http:\/\/archeol.sav.sk\/docs_vyskumy2008\/cinobana.pdf\" target=\"_blank\">Cinoba\u0148a<\/a><\/p>\n<p><img decoding=\"async\" class=\"noprint\" src=\"http:\/\/archeol.sav.sk\/pics\/pdf_button.png\" alt=\"pdf\" align=\"left\" hspace=\"5\" vspace=\"0\" \/><a href=\"http:\/\/archeol.sav.sk\/docs_vyskumy2008\/vyskumy_Pieta_Oresany.pdf\" target=\"_blank\">Horn\u00e9 Ore\u0161any \u2013 Slep\u00fd vrch<\/a><\/p>\n<p><img decoding=\"async\" class=\"noprint\" src=\"http:\/\/archeol.sav.sk\/pics\/pdf_button.png\" alt=\"pdf\" align=\"left\" hspace=\"5\" vspace=\"0\" \/><a href=\"http:\/\/archeol.sav.sk\/docs_vyskumy2008\/IZA.pdf\" target=\"_blank\">I\u017ea \u2013 Jednota, okr. Kom\u00e1rno<\/a><\/p>\n<p><img decoding=\"async\" class=\"noprint\" src=\"http:\/\/archeol.sav.sk\/pics\/pdf_button.png\" alt=\"pdf\" align=\"left\" hspace=\"5\" vspace=\"0\" \/><a href=\"http:\/\/archeol.sav.sk\/docs_vyskumy2008\/izajano.pdf\" target=\"_blank\">I\u017ea \u2013 r\u00edmsky kastel<\/a><\/p>\n<p><img decoding=\"async\" class=\"noprint\" src=\"http:\/\/archeol.sav.sk\/pics\/pdf_button.png\" alt=\"pdf\" align=\"left\" hspace=\"5\" vspace=\"0\" \/><a href=\"http:\/\/archeol.sav.sk\/docs_vyskumy2008\/mara.pdf\" target=\"_blank\">Liptovsk\u00e1 Mara II \u2013 Rybn\u00edky<\/a><\/p>\n<p><img decoding=\"async\" class=\"noprint\" src=\"http:\/\/archeol.sav.sk\/pics\/pdf_button.png\" alt=\"pdf\" align=\"left\" hspace=\"5\" vspace=\"0\" \/><a href=\"http:\/\/archeol.sav.sk\/docs_vyskumy2008\/2008-liptovsky_trnovec-ravence.pdf\" target=\"_blank\">Liptovsk\u00fd Trnovec \u2013 Ravence<\/a><\/p>\n<p><img decoding=\"async\" class=\"noprint\" src=\"http:\/\/archeol.sav.sk\/pics\/pdf_button.png\" alt=\"pdf\" align=\"left\" hspace=\"5\" vspace=\"0\" \/><a href=\"http:\/\/archeol.sav.sk\/docs_vyskumy2008\/vyskum_Bednar_Nitra.pdf\" target=\"_blank\">Nitra \u2013 Hrad, Katedr\u00e1la sv. Emer\u00e1ma<\/a><\/p>\n<p><img decoding=\"async\" class=\"noprint\" src=\"http:\/\/archeol.sav.sk\/pics\/pdf_button.png\" alt=\"pdf\" align=\"left\" hspace=\"5\" vspace=\"0\" \/><a href=\"http:\/\/archeol.sav.sk\/docs_vyskumy2008\/vyskum_Brezinova_Mostna%20338-1.pdf\" target=\"_blank\">Nitra \u2013 Mostn\u00e1 ul. parcela 338\/1<\/a><\/p>\n<p><img decoding=\"async\" class=\"noprint\" src=\"http:\/\/archeol.sav.sk\/pics\/pdf_button.png\" alt=\"pdf\" align=\"left\" hspace=\"5\" vspace=\"0\" \/><a href=\"http:\/\/archeol.sav.sk\/docs_vyskumy2008\/vyskum_Brezinova_Mostna%20327-2.pdf\" target=\"_blank\">Nitra \u2013 Mostn\u00e1 ul. parcela 327\/2<\/a><\/p>\n<p><img decoding=\"async\" class=\"noprint\" src=\"http:\/\/archeol.sav.sk\/pics\/pdf_button.png\" alt=\"pdf\" align=\"left\" hspace=\"5\" vspace=\"0\" \/><a href=\"http:\/\/archeol.sav.sk\/docs_vyskumy2008\/vyskum_Bednar_Valy-Sance.pdf\" target=\"_blank\">Pevnostn\u00fd syst\u00e9m Jablunkovsk\u00e9ho priesmyku<\/a><\/p>\n<p><img decoding=\"async\" class=\"noprint\" src=\"http:\/\/archeol.sav.sk\/pics\/pdf_button.png\" alt=\"pdf\" align=\"left\" hspace=\"5\" vspace=\"0\" \/><a href=\"http:\/\/archeol.sav.sk\/docs_vyskumy2008\/dunajska.pdf\" target=\"_blank\">Pohrebisko v Dunajskej Strede<\/a><\/p>\n<p><img decoding=\"async\" class=\"noprint\" src=\"http:\/\/archeol.sav.sk\/pics\/pdf_button.png\" alt=\"pdf\" align=\"left\" hspace=\"5\" vspace=\"0\" \/><a href=\"http:\/\/archeol.sav.sk\/docs_vyskumy2008\/vyskumy_Pieta_Poprad.pdf\" target=\"_blank\">Poprad<\/a><\/p>\n<p><img decoding=\"async\" class=\"noprint\" src=\"http:\/\/archeol.sav.sk\/pics\/pdf_button.png\" alt=\"pdf\" align=\"left\" hspace=\"5\" vspace=\"0\" \/><a href=\"http:\/\/archeol.sav.sk\/docs_vyskumy2008\/vyskumy_Zaar_Hradiste%20Povazska%20Bystrica.pdf\" target=\"_blank\">Pova\u017esk\u00e1 Bystrica \u2013 Hradi\u0161te<\/a><\/p>\n<p><img decoding=\"async\" class=\"noprint\" src=\"http:\/\/archeol.sav.sk\/pics\/pdf_button.png\" alt=\"pdf\" align=\"left\" hspace=\"5\" vspace=\"0\" \/><a href=\"http:\/\/archeol.sav.sk\/docs_vyskumy2008\/vyskumy_Horvatova_Medzibodrozie.pdf\" target=\"_blank\">Prieskum Medzibodro\u017eia<\/a><\/p>\n<p><img decoding=\"async\" class=\"noprint\" src=\"http:\/\/archeol.sav.sk\/pics\/pdf_button.png\" alt=\"pdf\" align=\"left\" hspace=\"5\" vspace=\"0\" \/><a href=\"http:\/\/archeol.sav.sk\/docs_vyskumy2008\/vyskumy_Kaminska_Stredne%20Povazie.pdf\" target=\"_blank\">Prieskum stredn\u00e9ho Pova\u017eia<\/a><\/p>\n<p><img decoding=\"async\" class=\"noprint\" src=\"http:\/\/archeol.sav.sk\/pics\/pdf_button.png\" alt=\"pdf\" align=\"left\" hspace=\"5\" vspace=\"0\" \/><a href=\"http:\/\/archeol.sav.sk\/docs_vyskumy2008\/liptov.pdf\" target=\"_blank\">Prieskumy v regi\u00f3ne Liptova<\/a><\/p>\n<p><img decoding=\"async\" class=\"noprint\" src=\"http:\/\/archeol.sav.sk\/pics\/pdf_button.png\" alt=\"pdf\" align=\"left\" hspace=\"5\" vspace=\"0\" \/><a href=\"http:\/\/archeol.sav.sk\/docs_vyskumy2008\/vyskum_Batora_Santovka.pdf\" target=\"_blank\">Santovka<\/a><\/p>\n<p><img decoding=\"async\" class=\"noprint\" src=\"http:\/\/archeol.sav.sk\/pics\/pdf_button.png\" alt=\"pdf\" align=\"left\" hspace=\"5\" vspace=\"0\" \/><a href=\"http:\/\/archeol.sav.sk\/docs_vyskumy2008\/molpir.pdf\" target=\"_blank\">Smolenice \u2013 Molp\u00edr<\/a><\/p>\n<p><img decoding=\"async\" class=\"noprint\" src=\"http:\/\/archeol.sav.sk\/pics\/pdf_button.png\" alt=\"pdf\" align=\"left\" hspace=\"5\" vspace=\"0\" \/><a href=\"http:\/\/archeol.sav.sk\/docs_vyskumy2008\/stupava.pdf\" target=\"_blank\">Stupava<\/a><\/p>\n<p><img decoding=\"async\" class=\"noprint\" src=\"http:\/\/archeol.sav.sk\/pics\/pdf_button.png\" alt=\"pdf\" align=\"left\" hspace=\"5\" vspace=\"0\" \/><a href=\"http:\/\/archeol.sav.sk\/docs_vyskumy2008\/Trencini.pdf\" target=\"_blank\">Tren\u010d\u00edn, Z\u00e1humnie<\/a><\/p>\n<p><img decoding=\"async\" class=\"noprint\" src=\"http:\/\/archeol.sav.sk\/pics\/pdf_button.png\" alt=\"pdf\" align=\"left\" hspace=\"5\" vspace=\"0\" \/><a href=\"http:\/\/archeol.sav.sk\/docs_vyskumy2008\/Vrsatec.pdf\" target=\"_blank\">Vr\u0161atsk\u00e9 Podhradie<\/a><\/p>\n<p><img decoding=\"async\" class=\"noprint\" src=\"http:\/\/archeol.sav.sk\/pics\/pdf_button.png\" alt=\"pdf\" align=\"left\" hspace=\"5\" vspace=\"0\" \/><a href=\"http:\/\/archeol.sav.sk\/docs_vyskumy2008\/tabory.pdf\" target=\"_blank\">V\u00fdskum r\u00edmskych po\u013en\u00fdch t\u00e1borov na Slovensku<\/a><\/p>\n<p><img decoding=\"async\" class=\"noprint\" src=\"http:\/\/archeol.sav.sk\/pics\/pdf_button.png\" alt=\"pdf\" align=\"left\" hspace=\"5\" vspace=\"0\" \/><a href=\"http:\/\/archeol.sav.sk\/docs_vyskumy2008\/zohor.pdf\" target=\"_blank\">Zohor, okr. Malacky<\/a><\/p>\n<p><img decoding=\"async\" class=\"noprint\" src=\"http:\/\/archeol.sav.sk\/pics\/pdf_button.png\" alt=\"pdf\" align=\"left\" hspace=\"5\" vspace=\"0\" \/><a href=\"http:\/\/archeol.sav.sk\/docs_vyskumy2008\/ZV_CIERNE%20ZEME.pdf\" target=\"_blank\">Zvolen \u2013 \u010cierne zeme<\/a><\/p>\n<p><img decoding=\"async\" class=\"noprint\" src=\"http:\/\/archeol.sav.sk\/pics\/pdf_button.png\" alt=\"pdf\" align=\"left\" hspace=\"5\" vspace=\"0\" \/><a href=\"http:\/\/archeol.sav.sk\/docs_vyskumy2008\/ZV_DOM%20SLUZIEB.pdf\" target=\"_blank\">Zvolen \u2013 Dom slu\u017eieb<\/a><\/p>\n<p><img decoding=\"async\" class=\"noprint\" src=\"http:\/\/archeol.sav.sk\/pics\/pdf_button.png\" alt=\"pdf\" align=\"left\" hspace=\"5\" vspace=\"0\" \/><a href=\"http:\/\/archeol.sav.sk\/docs_vyskumy2008\/2008-zvolen-namestie_snp-rekonstrukcia-IIetapa.pdf\" target=\"_blank\">Zvolen, N\u00e1mestie SNP \u2013 rekon\u0161trukcia \u2013 II. etapa<\/a><\/p>\n<p><img decoding=\"async\" class=\"noprint\" src=\"http:\/\/archeol.sav.sk\/pics\/pdf_button.png\" alt=\"pdf\" align=\"left\" hspace=\"5\" vspace=\"0\" \/><a href=\"http:\/\/archeol.sav.sk\/docs_vyskumy2008\/ZV_STEFANIKA.pdf\" target=\"_blank\">Zvolen \u2013 ul. M. R. \u0160tef\u00e1nika<\/a><\/p>\n<p><img decoding=\"async\" class=\"noprint\" src=\"http:\/\/archeol.sav.sk\/pics\/pdf_button.png\" alt=\"pdf\" align=\"left\" hspace=\"5\" vspace=\"0\" \/><a href=\"http:\/\/archeol.sav.sk\/docs_vyskumy2008\/ZV_NA%20ROVNI.pdf\" target=\"_blank\">Zvolen \u2013 ul. Na rovni 13<\/a><\/p>\n<p><img decoding=\"async\" class=\"noprint\" src=\"http:\/\/archeol.sav.sk\/pics\/pdf_button.png\" alt=\"pdf\" align=\"left\" hspace=\"5\" vspace=\"0\" \/><a href=\"http:\/\/archeol.sav.sk\/docs_vyskumy2008\/ZV_WITTMANN.pdf\" target=\"_blank\">Zvolen \u2013 Wittmann<\/a><\/p>\n<p><img decoding=\"async\" class=\"noprint\" src=\"http:\/\/archeol.sav.sk\/pics\/pdf_button.png\" alt=\"pdf\" align=\"left\" hspace=\"5\" vspace=\"0\" \/><a href=\"http:\/\/archeol.sav.sk\/docs_vyskumy2008\/vyskumy_Mirossayova_Pohrebisko%20v%20Zdani.pdf\" target=\"_blank\">\u017dda\u0148a, okr. Ko\u0161ice \u2013 okolie<\/a><\/p>\n<p><span id=\"result_box\" class=\"short_text\" lang=\"en\"><span class=\"\">\u00a0<\/span><\/span><\/p>\n","protected":false},"excerpt":{"rendered":"<p>The selection of field research in 2008 &nbsp; Archeologick\u00e1 prospekcia stredn\u00e9ho Poiplia Be\u0148adikov\u00e1, okr. Liptovsk\u00fd Mikul\u00e1\u0161 B\u00ed\u0148a Bojn\u00e1 Cinoba\u0148a Horn\u00e9 Ore\u0161any \u2013 Slep\u00fd vrch I\u017ea \u2013 Jednota, okr. Kom\u00e1rno I\u017ea \u2013 r\u00edmsky kastel Liptovsk\u00e1 Mara II \u2013 Rybn\u00edky Liptovsk\u00fd Trnovec \u2013 Ravence Nitra \u2013 Hrad, Katedr\u00e1la sv. Emer\u00e1ma Nitra \u2013 Mostn\u00e1 ul. parcela 338\/1 Nitra &#8230; <a class=\"read-more\" href=\"https:\/\/archeol.sav.sk\/index.php\/en\/field-research-2008\/\">\u010c\u00edtajte viac<\/a><\/p>\n","protected":false},"author":2,"featured_media":0,"parent":0,"menu_order":0,"comment_status":"closed","ping_status":"closed","template":"","meta":[],"_links":{"self":[{"href":"https:\/\/archeol.sav.sk\/index.php\/wp-json\/wp\/v2\/pages\/1883"}],"collection":[{"href":"https:\/\/archeol.sav.sk\/index.php\/wp-json\/wp\/v2\/pages"}],"about":[{"href":"https:\/\/archeol.sav.sk\/index.php\/wp-json\/wp\/v2\/types\/page"}],"author":[{"embeddable":true,"href":"https:\/\/archeol.sav.sk\/index.php\/wp-json\/wp\/v2\/users\/2"}],"replies":[{"embeddable":true,"href":"https:\/\/archeol.sav.sk\/index.php\/wp-json\/wp\/v2\/comments?post=1883"}],"version-history":[{"count":1,"href":"https:\/\/archeol.sav.sk\/index.php\/wp-json\/wp\/v2\/pages\/1883\/revisions"}],"predecessor-version":[{"id":1884,"href":"https:\/\/archeol.sav.sk\/index.php\/wp-json\/wp\/v2\/pages\/1883\/revisions\/1884"}],"wp:attachment":[{"href":"https:\/\/archeol.sav.sk\/index.php\/wp-json\/wp\/v2\/media?parent=1883"}],"curies":[{"name":"wp","href":"https:\/\/api.w.org\/{rel}","templated":true}]}}