{"id":1878,"date":"2016-10-09T12:30:54","date_gmt":"2016-10-09T10:30:54","guid":{"rendered":"http:\/\/archeol.sav.sk\/?page_id=1878"},"modified":"2025-02-23T20:34:15","modified_gmt":"2025-02-23T18:34:15","slug":"conferences-2","status":"publish","type":"page","link":"https:\/\/archeol.sav.sk\/index.php\/en\/conferences-2\/","title":{"rendered":"Conferences"},"content":{"rendered":"<p><span id=\"result_box\" class=\"\" lang=\"en\">Conferences organized by the Archaeological Institute <span class=\"\">in Nitra<\/span><\/span><\/p>\n<p>2025:<\/p>\n<p class=\"entry-title\"><a href=\"https:\/\/archeol.sav.sk\/index.php\/en\/29th-internation\u2026n-central-europe\/\">29th International Conference on the Early and Middle Bronze Age in Central Europe<\/a><\/p>\n<p>&nbsp;<\/p>\n<p class=\"entry-title\">2016:<\/p>\n<p class=\"entry-title\"><a href=\"http:\/\/archeol.sav.sk\/index.php\/sk\/2016\/09\/12\/archaologische-studien-zum-fruhen-mittelalter\/\">Arch\u00e4ologische Studien zum fr\u00fchen Mittelalter<\/a><\/p>\n<p><a href=\"http:\/\/archeol.sav.sk\/index.php\/sk\/2016\/09\/06\/multiple-femininities-multiple-masculinities-the-diversity-of-gendered-identities-in-the-bronze-and-iron-ages\/\">Multiple femininities \u2013 multiple masculinities the diversity of gendered identities in the Bronze and Iron Ages<\/a><\/p>\n<p><a href=\"http:\/\/archeol.sav.sk\/index.php\/sk\/2016\/05\/30\/kelti-2016-na-strednom-povazi\/\">Hradisk\u00e1 zo strednej a neskorej doby lat\u00e9nskej a ich z\u00e1zemie<\/a><\/p>\n<p><a href=\"http:\/\/archeol.sav.sk\/index.php\/sk\/2016\/05\/19\/40-rokov-sustavneho-archeologickeho-vyskumu-na-spisi\/\">40 rokov s\u00fastavn\u00e9ho archeologick\u00e9ho v\u00fdskumu na Spi\u0161i<\/a><\/p>\n","protected":false},"excerpt":{"rendered":"<p>Conferences organized by the Archaeological Institute in Nitra 2025: 29th International Conference on the Early and Middle Bronze Age in Central Europe &nbsp; 2016: Arch\u00e4ologische Studien zum fr\u00fchen Mittelalter Multiple femininities \u2013 multiple masculinities the diversity of gendered identities in the Bronze and Iron Ages Hradisk\u00e1 zo strednej a neskorej doby lat\u00e9nskej a ich z\u00e1zemie &#8230; <a class=\"read-more\" href=\"https:\/\/archeol.sav.sk\/index.php\/en\/conferences-2\/\">\u010c\u00edtajte viac<\/a><\/p>\n","protected":false},"author":2,"featured_media":0,"parent":0,"menu_order":0,"comment_status":"closed","ping_status":"closed","template":"","meta":[],"_links":{"self":[{"href":"https:\/\/archeol.sav.sk\/index.php\/wp-json\/wp\/v2\/pages\/1878"}],"collection":[{"href":"https:\/\/archeol.sav.sk\/index.php\/wp-json\/wp\/v2\/pages"}],"about":[{"href":"https:\/\/archeol.sav.sk\/index.php\/wp-json\/wp\/v2\/types\/page"}],"author":[{"embeddable":true,"href":"https:\/\/archeol.sav.sk\/index.php\/wp-json\/wp\/v2\/users\/2"}],"replies":[{"embeddable":true,"href":"https:\/\/archeol.sav.sk\/index.php\/wp-json\/wp\/v2\/comments?post=1878"}],"version-history":[{"count":3,"href":"https:\/\/archeol.sav.sk\/index.php\/wp-json\/wp\/v2\/pages\/1878\/revisions"}],"predecessor-version":[{"id":7578,"href":"https:\/\/archeol.sav.sk\/index.php\/wp-json\/wp\/v2\/pages\/1878\/revisions\/7578"}],"wp:attachment":[{"href":"https:\/\/archeol.sav.sk\/index.php\/wp-json\/wp\/v2\/media?parent=1878"}],"curies":[{"name":"wp","href":"https:\/\/api.w.org\/{rel}","templated":true}]}}