{"id":1872,"date":"2016-10-09T12:24:38","date_gmt":"2016-10-09T10:24:38","guid":{"rendered":"http:\/\/archeol.sav.sk\/?page_id=1872"},"modified":"2017-02-16T00:09:25","modified_gmt":"2017-02-15T22:09:25","slug":"process-and-regularities-of-settlement-development-in-mountain-and-foothill-regions-of-western-slovakia","status":"publish","type":"page","link":"https:\/\/archeol.sav.sk\/index.php\/en\/process-and-regularities-of-settlement-development-in-mountain-and-foothill-regions-of-western-slovakia\/","title":{"rendered":"Process and regularities of settlement development in mountain and foothill regions of Western Slovakia"},"content":{"rendered":"<div class=\"entry-content\">\n<p><strong>Responsible person: <\/strong> Igor Bazovsk\u00fd\/Gertr\u00fada B\u0159ezinov\u00e1<\/p>\n<p><strong>Project duration:\u00a0<\/strong> 1.7.2016 \/ 30.6.2020<\/p>\n<p><strong>Registration number: <\/strong>APVV-15-0491<\/p>\n<p><strong>Coordinator: <\/strong>Slovak National Museum<\/p>\n<p><strong>Cooperating organization<\/strong>: Institute of Archaeology of Slovak Academy of Science<\/p>\n<p><strong>Investigators:<\/strong><\/p>\n<p>Slovak National Museum:\u00a0Bazovsk\u00fd, I., Bart\u00edk J., \u010cambal, R., \u010eurkovi\u010dov\u00e1, E., Farka\u0161, Z., Tur\u010dan, V.<\/p>\n<p>Institute of Archaeology of SAS: B\u0159ezinov\u00e1, G., Benedikov\u00e1, L., Bielichov\u00e1, Z., Bla\u017eov\u00e1, E., \u010euri\u0161, J., Kov\u00e1r, B.<\/p>\n<p>&nbsp;<\/p>\n<p><strong>Key words:<\/strong> Western Slovakia, prehistory and early historical period, proces and regularities of settlement development, mountain and foothill regions, communications, interdisciplinary outputs<strong><br \/>\n<\/strong><br \/>\n<img decoding=\"async\" loading=\"lazy\" class=\"size-medium wp-image-1563 alignright\" src=\"http:\/\/archeol.sav.sk\/files\/P1270962-300x225.jpg\" sizes=\"(max-width: 300px) 100vw, 300px\" srcset=\"http:\/\/archeol.sav.sk\/files\/P1270962-300x225.jpg 300w, http:\/\/archeol.sav.sk\/files\/P1270962-768x576.jpg 768w, http:\/\/archeol.sav.sk\/files\/P1270962-1024x768.jpg 1024w\" alt=\"P1270962\" width=\"300\" height=\"225\" \/>Understanding and comparison of regularities of settlement development within mountain and foothill regions of Western Carpathians within Western Slovakia during prehistory and early historical period. Understanding and comparison of settlement structure and recognition of settlement differencies in both landscape<br \/>\ntypes. <strong>Definition of turning points of settlement development and (for early historical period) an attempt of their correlation with known historical events. <\/strong>Systematic sampling of selected finding complexes and sites for the needs of absolute chronology as well as other cooperating disciplines with an objective to know and define raw material and environmental background within both investigated landscape types. Mapping the communication lines connecting individual microregions and regions within selected space as well as individual regions with neighbouring territories. On the territory of the Western Slovakia the followed objectives will be solved within the regions of Z\u00e1horie, Little Carpathians, middle V\u00e1h valley, middle and upper Nitra valley, and Danubian Lowland.<\/p>\n<\/div>\n","protected":false},"excerpt":{"rendered":"<p>Responsible person: Igor Bazovsk\u00fd\/Gertr\u00fada B\u0159ezinov\u00e1 Project duration:\u00a0 1.7.2016 \/ 30.6.2020 Registration number: APVV-15-0491 Coordinator: Slovak National Museum Cooperating organization: Institute of Archaeology of Slovak Academy of Science Investigators: Slovak National Museum:\u00a0Bazovsk\u00fd, I., Bart\u00edk J., \u010cambal, R., \u010eurkovi\u010dov\u00e1, E., Farka\u0161, Z., Tur\u010dan, V. Institute of Archaeology of SAS: B\u0159ezinov\u00e1, G., Benedikov\u00e1, L., Bielichov\u00e1, Z., Bla\u017eov\u00e1, E., &#8230; <a class=\"read-more\" href=\"https:\/\/archeol.sav.sk\/index.php\/en\/process-and-regularities-of-settlement-development-in-mountain-and-foothill-regions-of-western-slovakia\/\">\u010c\u00edtajte viac<\/a><\/p>\n","protected":false},"author":2,"featured_media":0,"parent":0,"menu_order":0,"comment_status":"closed","ping_status":"closed","template":"","meta":[],"_links":{"self":[{"href":"https:\/\/archeol.sav.sk\/index.php\/wp-json\/wp\/v2\/pages\/1872"}],"collection":[{"href":"https:\/\/archeol.sav.sk\/index.php\/wp-json\/wp\/v2\/pages"}],"about":[{"href":"https:\/\/archeol.sav.sk\/index.php\/wp-json\/wp\/v2\/types\/page"}],"author":[{"embeddable":true,"href":"https:\/\/archeol.sav.sk\/index.php\/wp-json\/wp\/v2\/users\/2"}],"replies":[{"embeddable":true,"href":"https:\/\/archeol.sav.sk\/index.php\/wp-json\/wp\/v2\/comments?post=1872"}],"version-history":[{"count":6,"href":"https:\/\/archeol.sav.sk\/index.php\/wp-json\/wp\/v2\/pages\/1872\/revisions"}],"predecessor-version":[{"id":2513,"href":"https:\/\/archeol.sav.sk\/index.php\/wp-json\/wp\/v2\/pages\/1872\/revisions\/2513"}],"wp:attachment":[{"href":"https:\/\/archeol.sav.sk\/index.php\/wp-json\/wp\/v2\/media?parent=1872"}],"curies":[{"name":"wp","href":"https:\/\/api.w.org\/{rel}","templated":true}]}}