{"id":1844,"date":"2016-10-09T11:53:51","date_gmt":"2016-10-09T09:53:51","guid":{"rendered":"http:\/\/archeol.sav.sk\/?page_id=1844"},"modified":"2025-04-10T09:29:48","modified_gmt":"2025-04-10T07:29:48","slug":"avans","status":"publish","type":"page","link":"https:\/\/archeol.sav.sk\/index.php\/en\/publications\/avans\/","title":{"rendered":"AVANS"},"content":{"rendered":"<div class=\"entry-content\">\n<h1>Archeologick\u00e9 v\u00fdskumy a n\u00e1lezy na Slovensku<\/h1>\n<hr \/>\n<table border=\"0\" width=\"100%\">\n<tbody>\n<tr>\n<td><b><span lang=\"EN-US\" style=\"font-family: inherit; color: #333333;\">Editors:<\/span><\/b><\/p>\n<p>PhDr. Ivan Cheben, CSc. \u2013\u00a0PhDr. Klaudia Da\u0148ov\u00e1, PhD. \u2013 Mgr. Marek Vojte\u010dek, PhD.<\/p>\n<p><b><span lang=\"EN-US\" style=\"font-family: inherit; color: #333333;\">Issued by:<\/span><\/b> Archeologick\u00fd \u00fastav SAV, Akademick\u00e1 2, 949 21 Nitra<\/p>\n<p><strong>Address of the editorial office:<\/strong> Archeologick\u00fd \u00fastav SAV, Akademick\u00e1 2, 949 21 Nitra<\/p>\n<p><strong>Contacts:<\/strong><br \/>\nK. Da\u0148ov\u00e1: 0902\/925 667, <a href=\"mailto:klaudia.danova@savba.sk\">klaudia.danova@savba.sk<\/a><br \/>\nM. Vojte\u010dek: 0902\/925 643, <a href=\"mailto:marek.vojtecek@savba.sk\">marek.vojtecek@savba.sk<\/a><\/td>\n<td><img decoding=\"async\" loading=\"lazy\" class=\"noprint\" src=\"http:\/\/archeol.sav.sk\/pics\/logo_avans.gif\" alt=\"Logo AVANS\" width=\"150\" height=\"150\" hspace=\"0\" vspace=\"0\" \/><\/td>\n<\/tr>\n<\/tbody>\n<\/table>\n<hr \/>\n<p style=\"line-height: 18.0pt;\"><span class=\"apple-converted-space\"><span lang=\"EN-US\" style=\"font-family: 'Georgia','serif'; color: #333333;\">The periodical\u00a0 <\/span><\/span><b><span lang=\"EN-US\" style=\"font-family: 'Georgia','serif'; color: #333333;\">Archeologick\u00e9 v\u00fdskumy a n\u00e1lezy na Slovensku &#8211; AVANS<\/span><\/b><span class=\"apple-converted-space\"><span lang=\"EN-US\" style=\"font-family: 'Georgia','serif'; color: #333333;\"> (Archaeological excavations and finds in Slovakia) provides a complex information and general overview about the results of the archaeological excavations and surveys, as well as about sporadic and unique finds for the previous calendar year from the whole Slovak territory. <\/span><\/span><\/p>\n<h2>V\u00e1\u017een\u00e1 autorka, v\u00e1\u017een\u00fd autor!<\/h2>\n<p>Ka\u017edoro\u010dne redakcia AVANS-u\u00a0 oslovuje prispievate\u013eov a pripom\u00edna im z\u00e1kladn\u00e9 inform\u00e1cie oh\u013eadne predlo\u017eenia pr\u00edspevku\/-kov. Redakcii AVANS-u z\u00e1le\u017e\u00ed na tom, aby sa v\u00fdsledky archeologick\u00e9ho b\u00e1dania za ka\u017ed\u00fd kalend\u00e1rny rok dostali odbornej verejnosti \u010do najsk\u00f4r. K tomu m\u00f4\u017ee prispie\u0165 autor pr\u00edspevku t\u00fdm, \u017ee dodr\u017e\u00ed po\u017eadovan\u00e9 pokyny v takom rozsahu, ako s\u00fa uveden\u00e9 v Pokynoch pre \u00fapravu rukopisov (Nitra 2006), pr\u00edstupn\u00fdch na www.archeol.sav.sk. Aby bol pr\u00edspevok v s\u00falade s po\u017eiadavkou redakcie, autor mus\u00ed dodr\u017ea\u0165 nasledovn\u00e9:<\/p>\n<p><b>A\/ Text pr\u00edspevku mus\u00ed obsahova\u0165:<\/b><\/p>\n<p>1) n\u00e1zov pr\u00edspevku a meno s adresou autora\/-ov (aj mailovou);<br \/>\n2) v prvom odstavci mus\u00ed by\u0165 uveden\u00fd n\u00e1zov lokality, okres, n\u00e1zov polohy, uveden\u00fd druh n\u00e1leziska, sp\u00f4sob z\u00edskania, chronologick\u00e9 a kult\u00farne zaradenie, ulo\u017eenie n\u00e1lezov <b>(neskracova\u0165 n\u00e1zov in\u0161tit\u00facie)<\/b>;<br \/>\n3) p\u00edsa\u0165 v textovom editore (Word) pod\u013ea be\u017en\u00fdch po\u017eiadaviek, t. j. bez ak\u00e9hoko\u013evek zv\u00fdraz\u0148ovania a \u00faprav textu;<br \/>\n4) v texte i v z\u00e1hlav\u00ed pr\u00edspevku uvies\u0165 s\u00fa\u010dasn\u00fd stav spr\u00e1vneho \u010dlenenia SR; odl\u00ed\u0161i\u0165 aj \u010di ide o miestnu \u010das\u0165 obce;<br \/>\n5) v texte pr\u00edspevku uv\u00e1dza\u0165 presnej\u0161ie charakteristiku n\u00e1lezov\u00fdch celkov (nepou\u017e\u00edva\u0165 napr. na\u0161lo sa\/ obsahoval nieko\u013eko zlomkov keramiky; p\u00e1r silexov; v\u00e4\u010d\u0161\u00ed po\u010det a pod.);<br \/>\n6) s\u00fa\u010das\u0165ou je aj v\u00fdsti\u017en\u00e9 <b>zhrnutie \/nie skop\u00edrovanie p\u00f4vodn\u00e9ho textu !\/<\/b>, ktor\u00e9 mus\u00ed obsahova\u0165: n\u00e1zov pr\u00edspevku, meno autora\/-ov, lokaliz\u00e1ciu a z\u00e1kladn\u00e9 \u00fadaje o n\u00e1lezisku alebo n\u00e1lezovom s\u00fabore, t. j. nesm\u00fa ch\u00fdba\u0165 \u00fadaje uveden\u00e9 v prvom odstavci.<br \/>\n<b>B\/ Ilustr\u00e1cie vyhotovi\u0165 pre ka\u017ed\u00fd pr\u00edspevok nasledovne:<\/b><\/p>\n<p>1) Pr\u00edlohy (form\u00e1t JPG, TIFF, CDR) predklada\u0165 v\u00fdlu\u010dne v elektronickej podobe s rozl\u00ed\u0161en\u00edm minim\u00e1lne 300 dpi pre fotografiu a 600 dpi pre kresbu, doplnen\u00e9 grafickou mierkou. Text k obr\u00e1zkom p\u00edsa\u0165 samostatne pre ka\u017ed\u00fd pr\u00edspevok s uveden\u00edm autora a n\u00e1zvu pr\u00edspevku. Form\u00e1t pre celostranov\u00fd obr\u00e1zok je 164 x 240 mm. Ak posielate viacero obr\u00e1zkov pros\u00edm upravte ich do zrkadla.<br \/>\n<b>C\/ Sprievodn\u00fd materi\u00e1l pr\u00edspevku:<\/b><\/p>\n<p>1) s\u00fa\u010das\u0165ou rukopisu je vyplnen\u00fd registra\u010dn\u00fd l\u00edstok pre ka\u017ed\u00fd pr\u00edspevok a n\u00e1lezisko;<br \/>\n2) s pr\u00edspevkom je nevyhnutn\u00e9 predlo\u017ei\u0165 aj kartu CEANS, ktor\u00fa je potrebn\u00e9 vyplni\u0165 pod\u013ea po\u017eadovan\u00fdch krit\u00e9ri\u00ed &#8211; za ka\u017ed\u00fa lokalitu samostatne. Autor dostane autorsk\u00fd v\u00fdtla\u010dok periodika <b>iba po dodan\u00ed karty CEANS<\/b>.<br \/>\n<b>V\u0161eobecn\u00e9 po\u017eiadavky:<\/b><\/p>\n<p>Text rukopisu predlo\u017e\u00ed autor Redakcii AVANS-u na CD aj s ilustr\u00e1ciami, pr\u00edpadne mailom (redakcia AVANS-u potvrd\u00ed jeho prijatie), do<\/p>\n<h1>28. febru\u00e1ra v kalend\u00e1rnom roku<\/h1>\n<p>Pr\u00edspevky doru\u010den\u00e9 po tomto term\u00edne bud\u00fa zaraden\u00e9 do najbli\u017e\u0161ieho vydania AVANS-u. Redakcia vr\u00e1ti autorke\/-ovi\/-om na doplnenie pr\u00edspevok, ktor\u00fd nebude obsahova\u0165 po\u017eadovan\u00e9 n\u00e1le\u017eitosti s t\u00fdm, \u017ee pre zaradenie pr\u00edspevku bude rozhodova\u0165 dodr\u017eanie term\u00ednu potrebn\u00e9ho na opravu textu alebo ilustr\u00e1cie. Redakcia \u017eiada prispievate\u013eov, aby svoje pr\u00edspevky, najm\u00e4 pokia\u013e ide o prieskumn\u00fa \u010dinnos\u0165 a sledovanie dia\u013ekov\u00fdch l\u00edni\u00ed, spracovali v jednom celku tak, aby jednotliv\u00e9 n\u00e1lezisk\u00e1 boli v abecednom porad\u00ed, pr\u00edp. aby ich zoradili v porad\u00ed sledovanej trasy. Redakcia z\u00e1rove\u0148 upozor\u0148uje prispievate\u013eov, \u017ee do periodika nezarad\u00ed rukopis o tak\u00fdch n\u00e1lezisk\u00e1ch (ide o n\u00e1lezy z povrchov\u00fdch zberov), ktor\u00e9 neobsahuj\u00fa nov\u00fa inform\u00e1ciu, resp. poskytuj\u00fa iba zn\u00e1me inform\u00e1cie o n\u00e1lezoch u\u017e d\u00e1vnej\u0161ie publikovan\u00fdch.<\/p>\n<p>Mgr. Klaudia Da\u0148ov\u00e1, PhD. \u2013 Mgr. Marek Vojte\u010dek<br \/>\nredaktori periodika AVANS<\/p>\n<p><a href=\"http:\/\/archeol.sav.sk\/docs_avans\/avans_oznam.doc\"><b>Oznam o forme pr\u00edspevku vo form\u00e1te (*.doc)<\/b><\/a><br \/>\n<a href=\"http:\/\/archeol.sav.sk\/docs_avans\/AVANS-reg-listok_A4.jpg\"><b>Registra\u010dn\u00fd l\u00edstok AVANS (*.jpg)<\/b><\/a><br \/>\n<a href=\"http:\/\/archeol.sav.sk\/docs_avans\/SKMBT_C22011021116170.tif\"><b>Karta CEANS (Form\u00e1t A3), 1. strana (*.tif)<\/b><\/a><br \/>\n<a href=\"http:\/\/archeol.sav.sk\/docs_avans\/SKMBT_C22011021116180.tif\"><b>Karta CEANS (Form\u00e1t A3), 2. strana (*.tif)<\/b><\/a><\/p>\n<hr \/>\n<h2><span lang=\"EN-US\" style=\"font-family: 'Georgia','serif'; color: #333333;\">List of numbers:<\/span><\/h2>\n<p><strong><a href=\"https:\/\/archeol.sav.sk\/files\/AVANS-2021.pdf\">AVANS 2021<\/a><\/strong><br \/>\n<strong><a href=\"https:\/\/archeol.sav.sk\/files\/AVANS-2020.pdf\">AVANS 2020<\/a><\/strong><br \/>\n<a href=\"https:\/\/cevnad.sav.sk\/aktivita_1_1\/AVANS_v_roku_2019.pdf\"><strong>AVANS 2019<\/strong><\/a><br \/>\n<a href=\"https:\/\/cevnad.sav.sk\/aktivita_1_1\/AVANS_v_roku_2018.pdf\"><strong>AVANS 2018<\/strong><\/a><br \/>\n<strong><a href=\"http:\/\/www.cevnad.sav.sk\/aktivita_1_1\/AVANS_v_roku_2017.pdf\">AVANS 2017<\/a><\/strong><br \/>\n<strong><a href=\"http:\/\/www.cevnad.sav.sk\/aktivita_1_1\/AVANS_v_roku_2016.pdf\"><strong>AVANS 2016<\/strong><\/a><br \/>\n<strong><a href=\"http:\/\/archeol.sav.sk\/files\/AVAN-2015.pdf\">AVANS 2015<\/a><\/strong><br \/>\n<strong><a href=\"http:\/\/archeol.sav.sk\/files\/AVANS-2014_na-net.pdf\">AVANS 2014<\/a><\/strong><br \/>\n<strong><a href=\"http:\/\/archeol.sav.sk\/files\/AVANS-2013_na-net.pdf\"><strong>AVANS 2013<\/strong><\/a><br \/>\n<a href=\"http:\/\/www.cevnad.sav.sk\/aktivita_1_1\/AVANS_v_roku_2012.pdf\"><strong>AVANS 2012<\/strong><\/a><br \/>\n<a href=\"http:\/\/www.cevnad.sav.sk\/aktivita_1_1\/AVANS_v_roku_2011.pdf\"><strong>AVANS 2011<\/strong><\/a><br \/>\n<strong><a href=\"http:\/\/archeol.sav.sk\/files\/Avans-2010.pdf\">AVANS 2010<\/a><\/strong><br \/>\n<a href=\"http:\/\/archeol.sav.sk\/docs_avans\/AVANS_2009_obsah.pdf\"><b>AVANS 2009<\/b><\/a><br \/>\n<a href=\"http:\/\/archeol.sav.sk\/docs_avans\/AVANS_2008_obsah.pdf\"><b>AVANS 2008<\/b><\/a><br \/>\n<a href=\"http:\/\/archeol.sav.sk\/docs_avans\/AVANS_2007_obsah.pdf\"><b>AVANS 2007<\/b><\/a><br \/>\n<a href=\"http:\/\/archeol.sav.sk\/docs_avans\/AVANS_2006_obsah.pdf\"><b>AVANS 2006<\/b><\/a><br \/>\n<a href=\"http:\/\/archeol.sav.sk\/docs_avans\/AVANS_2005_obsah.pdf\"><b>AVANS 2005<\/b><\/a><br \/>\n<a href=\"http:\/\/archeol.sav.sk\/docs_avans\/AVANS_2004_obsah.pdf\"><b>AVANS 2004<\/b><\/a><br \/>\n<a href=\"http:\/\/archeol.sav.sk\/docs_avans\/AVANS_2003_obsah.pdf\"><b>AVANS 2003<\/b><\/a><br \/>\n<a href=\"http:\/\/archeol.sav.sk\/docs_avans\/AVANS_2002_obsah.pdf\"><b>AVANS 2002<\/b><\/a><br \/>\n<a href=\"http:\/\/archeol.sav.sk\/docs_avans\/AVANS_2001_obsah.pdf\"><b>AVANS 2001<\/b><\/a><br \/>\n<a href=\"http:\/\/archeol.sav.sk\/docs_avans\/AVANS_2000_obsah.pdf\"><b>AVANS 2000<\/b><\/a><br \/>\n<a href=\"http:\/\/archeol.sav.sk\/docs_avans\/AVANS_1999_obsah.pdf\"><b>AVANS 1999<\/b><\/a><br \/>\n<a href=\"http:\/\/archeol.sav.sk\/docs_avans\/AVANS_1998_obsah.pdf\"><b>AVANS 1998<\/b><\/a><br \/>\n<a href=\"http:\/\/archeol.sav.sk\/docs_avans\/AVANS_1997_obsah.pdf\"><b>AVANS 1997<\/b><\/a><br \/>\n<a href=\"http:\/\/archeol.sav.sk\/docs_avans\/AVANS_1996_obsah.pdf\"><b>AVANS 1996<\/b><\/a><br \/>\n<a href=\"http:\/\/archeol.sav.sk\/docs_avans\/AVANS_1995_obsah.pdf\"><b>AVANS 1995<\/b><\/a><br \/>\n<a href=\"http:\/\/archeol.sav.sk\/docs_avans\/AVANS_1994_obsah.pdf\"><b>AVANS 1994<\/b><\/a><br \/>\n<a href=\"http:\/\/archeol.sav.sk\/docs_avans\/AVANS_1993_obsah.pdf\"><b>AVANS 1993<\/b><\/a><br \/>\n<a href=\"http:\/\/archeol.sav.sk\/docs_avans\/AVANS_1992_obsah.pdf\"><b>AVANS 1992<\/b><\/a><br \/>\n<a href=\"http:\/\/archeol.sav.sk\/docs_avans\/AVANS_1991_obsah.pdf\"><b>AVANS 1991<\/b><\/a><br \/>\n<a href=\"http:\/\/archeol.sav.sk\/docs_avans\/AVANS_1990_obsah.pdf\"><b>AVANS 1990<\/b><\/a><br \/>\n<a href=\"http:\/\/archeol.sav.sk\/docs_avans\/AVANS_1989_obsah.pdf\"><b>AVANS 1989<\/b><\/a><br \/>\n<a href=\"http:\/\/archeol.sav.sk\/docs_avans\/AVANS_1988_obsah.pdf\"><b>AVANS 1988<\/b><\/a><br \/>\n<a href=\"http:\/\/archeol.sav.sk\/docs_avans\/AVANS_1987_obsah.pdf\"><b>AVANS 1987<\/b><\/a><br \/>\n<a href=\"http:\/\/archeol.sav.sk\/docs_avans\/AVANS_1986_obsah.pdf\"><b>AVANS 1986<\/b><\/a><br \/>\n<a href=\"http:\/\/archeol.sav.sk\/docs_avans\/AVANS_1985_obsah.pdf\"><b>AVANS 1985<\/b><\/a><br \/>\n<a href=\"http:\/\/archeol.sav.sk\/docs_avans\/AVANS_1984_obsah.pdf\"><b>AVANS 1984<\/b><\/a><br \/>\n<a href=\"http:\/\/archeol.sav.sk\/docs_avans\/AVANS_1983_obsah.pdf\"><b>AVANS 1983<\/b><\/a><br \/>\n<a href=\"http:\/\/archeol.sav.sk\/docs_avans\/AVANS_1982_obsah.pdf\"><b>AVANS 1982<\/b><\/a><br \/>\n<a href=\"http:\/\/archeol.sav.sk\/docs_avans\/AVANS_1981_obsah.pdf\"><b>AVANS 1981<\/b><\/a><br \/>\n<a href=\"http:\/\/archeol.sav.sk\/docs_avans\/AVANS_1980_obsah.pdf\"><b>AVANS 1980<\/b><\/a><br \/>\n<a href=\"http:\/\/archeol.sav.sk\/docs_avans\/AVANS_1979_obsah.pdf\"><b>AVANS 1979<\/b><\/a><br \/>\n<a href=\"http:\/\/archeol.sav.sk\/docs_avans\/AVANS_1978_obsah.pdf\"><b>AVANS 1978<\/b><\/a><br \/>\n<a href=\"http:\/\/archeol.sav.sk\/docs_avans\/AVANS_1977_obsah.pdf\"><b>AVANS 1977<\/b><\/a><br \/>\n<a href=\"http:\/\/archeol.sav.sk\/docs_avans\/AVANS_1976_obsah.pdf\"><b>AVANS 1976<\/b><\/a><br \/>\n<a href=\"http:\/\/archeol.sav.sk\/docs_avans\/AVANS_1975_obsah.pdf\"><b>AVANS 1975<\/b><\/a><br \/>\n<a href=\"http:\/\/archeol.sav.sk\/docs_avans\/AVANS_1974_obsah.pdf\"><b>AVANS 1974<\/b><\/a>Star\u0161ie \u010d\u00edsla \u010dasopisu AVANS s\u00fa dostupn\u00e9 v elektronickej forme <a href=\"http:\/\/www.cevnad.sav.sk\/%C5%A1tudijn%C3%A9-materi%C3%A1ly.html\" target=\"_blank\" rel=\"noopener noreferrer\"><b>na str\u00e1nkach projektu CEVNAD<\/b><\/a> na karte Literat\u00fara.<\/strong><\/strong><\/p>\n<\/div>\n","protected":false},"excerpt":{"rendered":"<p>Archeologick\u00e9 v\u00fdskumy a n\u00e1lezy na Slovensku Editors: PhDr. Ivan Cheben, CSc. \u2013\u00a0PhDr. Klaudia Da\u0148ov\u00e1, PhD. \u2013 Mgr. Marek Vojte\u010dek, PhD. Issued by: Archeologick\u00fd \u00fastav SAV, Akademick\u00e1 2, 949 21 Nitra Address of the editorial office: Archeologick\u00fd \u00fastav SAV, Akademick\u00e1 2, 949 21 Nitra Contacts: K. Da\u0148ov\u00e1: 0902\/925 667, klaudia.danova@savba.sk M. Vojte\u010dek: 0902\/925 643, marek.vojtecek@savba.sk The &#8230; <a class=\"read-more\" href=\"https:\/\/archeol.sav.sk\/index.php\/en\/publications\/avans\/\">\u010c\u00edtajte viac<\/a><\/p>\n","protected":false},"author":2,"featured_media":0,"parent":1449,"menu_order":6,"comment_status":"closed","ping_status":"closed","template":"","meta":[],"_links":{"self":[{"href":"https:\/\/archeol.sav.sk\/index.php\/wp-json\/wp\/v2\/pages\/1844"}],"collection":[{"href":"https:\/\/archeol.sav.sk\/index.php\/wp-json\/wp\/v2\/pages"}],"about":[{"href":"https:\/\/archeol.sav.sk\/index.php\/wp-json\/wp\/v2\/types\/page"}],"author":[{"embeddable":true,"href":"https:\/\/archeol.sav.sk\/index.php\/wp-json\/wp\/v2\/users\/2"}],"replies":[{"embeddable":true,"href":"https:\/\/archeol.sav.sk\/index.php\/wp-json\/wp\/v2\/comments?post=1844"}],"version-history":[{"count":14,"href":"https:\/\/archeol.sav.sk\/index.php\/wp-json\/wp\/v2\/pages\/1844\/revisions"}],"predecessor-version":[{"id":7625,"href":"https:\/\/archeol.sav.sk\/index.php\/wp-json\/wp\/v2\/pages\/1844\/revisions\/7625"}],"up":[{"embeddable":true,"href":"https:\/\/archeol.sav.sk\/index.php\/wp-json\/wp\/v2\/pages\/1449"}],"wp:attachment":[{"href":"https:\/\/archeol.sav.sk\/index.php\/wp-json\/wp\/v2\/media?parent=1844"}],"curies":[{"name":"wp","href":"https:\/\/api.w.org\/{rel}","templated":true}]}}