{"id":1838,"date":"2016-10-09T11:48:31","date_gmt":"2016-10-09T09:48:31","guid":{"rendered":"http:\/\/archeol.sav.sk\/?page_id=1838"},"modified":"2026-04-28T13:44:32","modified_gmt":"2026-04-28T11:44:32","slug":"the-studijne-zvesti-au-sav-journal","status":"publish","type":"page","link":"https:\/\/archeol.sav.sk\/index.php\/en\/publications\/the-studijne-zvesti-au-sav-journal\/","title":{"rendered":"The \u0160tudijn\u00e9 zvesti A\u00da SAV Journal"},"content":{"rendered":"<p><img decoding=\"async\" loading=\"lazy\" class=\"noprint alignright\" src=\"http:\/\/archeol.sav.sk\/pics\/logo_sz.gif\" alt=\"Logo \u0160t\u00fadijn\u00e9 Zvesti\" width=\"130\" height=\"106\" hspace=\"0\" vspace=\"0\" \/><\/p>\n<p>The \u0160tudijn\u00e9 zvesti A\u00da SAV journal is peer-reviewed periodic with a long tradition of publishing. It\u00b4s first issue was published in 1956. The journal offers publishing scientific articles and next actual information about results of archaeological and interdisciplinary research.<\/p>\n<p>&nbsp;<\/p>\n<p>ISSN -0560-2793<\/p>\n<p><img decoding=\"async\" class=\"alignright\" src=\"https:\/\/www.scimagojr.com\/journal_img.php?id=21100860048\" alt=\"SCImago Journal &amp; Country Rank\" border=\"0\" \/><\/p>\n<p>Periodicity: twice a year<\/p>\n<p>Articles are indexed and covered in:<\/p>\n<p><strong>Central European Journal of Social Sciences and Humanities (CEJSH), WOS, Emerging Sources Citation Index (ESCI, Clarivate Analytics) SCOPUS (Elsevier), EBSCO<\/strong><\/p>\n<p>&nbsp;<\/p>\n<p>&nbsp;<\/p>\n<p><a href=\"http:\/\/creativecommons.org\/licenses\/by\/4.0\/\" rel=\"license\"><img decoding=\"async\" style=\"border-width: 0;\" src=\"https:\/\/i.creativecommons.org\/l\/by\/4.0\/88x31.png\" alt=\"Creative Commons License\" \/><\/a><br \/>\n<strong>This journal is licensed under a <a href=\"http:\/\/creativecommons.org\/licenses\/by\/4.0\/\" rel=\"license\">Creative Commons Attribution 4.0 International License<\/a>.<\/strong><\/p>\n<p>&nbsp;<\/p>\n<div class=\"entry-content\"><strong>Publisher:<\/strong> Institute of Archaeology SAS<\/div>\n<div class=\"entry-content\"><strong>Editors-in-chief:<\/strong> PhDr. Alena Bist\u00e1kov\u00e1, PhD.<\/div>\n<div class=\"entry-content\"><strong>Adress:<\/strong> Institute of Archaeology SAS, Akademick\u00e1 2, SK-949 21 Nitra<\/div>\n<div class=\"entry-content\"><strong>Tel. :<\/strong> +421\/037 6410051 Fax : +421\/037 73356 18<\/div>\n<div class=\"entry-content\"><strong>E-mail: <\/strong><a href=\"mailto:alena.bistakova@savba.sk\"> alena.bistakova@savba.sk<\/a><\/div>\n<div class=\"entry-content\">\n<p><strong>Editorial board: <\/strong>Mgr. Lucia Benedikov\u00e1, PhD. (Archeologick\u00fd \u00fastav SAV, v. v. i. Nitra), Mgr. Pavol Bobek, PhD. (Archeologick\u00fd \u00fastav SAV, v. v. i. Nitra), doc. PhDr. Gertr\u00fada B\u0159ezinov\u00e1, CSc. (Archeologick\u00fd \u00fastav SAV, v. v. i. Nitra), Mgr. Ivan \u010ci\u017em\u00e1\u0159, Ph.D. (\u00dastav archeologick\u00e9 a pam\u00e1tkov\u00e9 p\u00e9\u010de Brno, v. v. i.), PhDr. Eva Fottov\u00e1, PhD. (Archeologick\u00fd \u00fastav SAV, v. v. i. Nitra), Prof. Dr. Joachim Henning (Johann Wolfgang Goethe-Universit\u00e4t, Institut f\u00fcr Arch\u00e4ologische Wissenschaften, Frankfurt am Main), doc. Erik Hrn\u010diarik, PhD. (Trnavsk\u00e1 univerzita v Trnave, Katedra klasickej archeol\u00f3gie FF), PhDr. Ivan Cheben, CSc. (Archeologick\u00fd \u00fastav SAV, v. v. i. Nitra), Ass. Prof. Mag. Dr. Alexandra Krenn-Leeb (Universit\u00e4t Wien, Institut f\u00fcr Urgeschichte und Historische Arch\u00e4ologie), PhDr. Rudolf Proch\u00e1zka, CSc. (Archeologick\u00fd \u00fastav AV \u010cR, Brno), PhDr. J\u00e1n Rajt\u00e1r, CSc. (Archeologick\u00fd \u00fastav SAV, v. v. i., Nitra), PD Mag. Dr. Peter C. Ramsl (Universit\u00e4t Wien, Institut f\u00fcr Urgeschichte und Historische Arch\u00e4ologie), Doc. Mgr. Dominik Repka, PhD. (Univerzita Kon\u0161tant\u00edna Filozofa v Nitre, Katedra archeol\u00f3gie FF)<strong>\u00a0<\/strong><\/p>\n<\/div>\n<div class=\"entry-content\"><strong>Technical editor:<\/strong> Mgr. Miriama Nemergutov\u00e1<\/div>\n<div class=\"entry-content\"><strong>Layout:<\/strong> Be\u00e1ta Jan\u010d\u00edkov\u00e1<\/div>\n<div class=\"entry-content\"><a href=\"http:\/\/archeol.sav.sk\/files\/SZ_WEB_publ-etika_EN.pdf\">Publication Etics<\/a><br \/>\n<a href=\"http:\/\/archeol.sav.sk\/files\/ReviewProcess.pdf\">Review process<\/a><br \/>\n<a href=\"http:\/\/archeol.sav.sk\/files\/ShortInstructionsForEditingManuscripts.pdf\">Instructions for preparing manuscripts<\/a><\/div>\n<div><a href=\"http:\/\/archeol.sav.sk\/files\/SZ_declaration_single_author_u.pdf\">Single-author declaration<\/a><br \/>\n<a href=\"http:\/\/archeol.sav.sk\/files\/SZ_declaration_multiple_authors_u.pdf\">Multiple-authors declaration<\/a><\/div>\n<div><\/div>\n<h2 class=\"entry-content\"><strong>Current issue<br \/>\n<\/strong><\/h2>\n<h2 class=\"entry-content\"><a href=\"https:\/\/archeol.sav.sk\/files\/SZ_suppl3_na-web-m.pdf\">\u0160tudijn\u00e9 zvesti, No. Suppl 3<\/a><\/h2>\n<h2 class=\"entry-content\"><a href=\"https:\/\/archeol.sav.sk\/files\/SZ_72-2_2025_na-web.pdf\">\u0160tudijn\u00e9 zvesti 72, \u010d\u00edslo 2, 2025<\/a><\/h2>\n<div><\/div>\n<h2 class=\"entry-content\"><a href=\"https:\/\/archeol.sav.sk\/files\/SZ-72-2-2025_OBSAH.pdf\"><strong>Content<\/strong><\/a><\/h2>\n<div><\/div>\n<div class=\"entry-content\">\n<h2><strong>Articles<\/strong><\/h2>\n<p>Zde\u0148ka Nerudov\u00e1 \u2013 Lenka Sedl\u00e1\u010dkov\u00e1 \u2013 Martina Robl\u00ed\u010dkov\u00e1 \u2013 Michal Hors\u00e1k \u2013 Krist\u00fdna Ho\u0161kov\u00e1 \u2013 Ale\u0161\u00a0Plichta \u2013 Petr Neruda<\/p>\n<p><a href=\"https:\/\/doi.org\/10.31577\/szausav.2025.72.11\"><strong>Results of Rescue Excavation at the Epigravettian site in Brno-\u0160t\u00fd\u0159ice, Vojtova and Poln\u00ed (Czech Republic)<\/strong><\/a><\/p>\n<p>DOI: <a href=\"https:\/\/doi.org\/10.31577\/szausav.2025.72.11\">https:\/\/doi.org\/10.31577\/szausav.2025.72.11<\/a><\/p>\n<p>&nbsp;<\/p>\n<p>Josyp V. Koba\u013e \u2013 M\u00e1ria Kotorov\u00e1 Jen\u010dov\u00e1<\/p>\n<p><a href=\"https:\/\/doi.org\/10.31577\/szausav.2025.72.12\"><strong>Bronze Objects from the Territory of the Former Uh County in the Collection of Teodor Lehock\u00fd<\/strong><\/a><\/p>\n<p>DOI: <a href=\"https:\/\/doi.org\/10.31577\/szausav.2025.72.12\">https:\/\/doi.org\/10.31577\/szausav.2025.72.12<\/a><\/p>\n<p>&nbsp;<\/p>\n<p>Franciska Zs\u00f3fia S\u00f6r\u00f6s<\/p>\n<p><a href=\"https:\/\/doi.org\/10.31577\/szausav.2025.72.13\"><strong>New Results on a Late La T\u00e8ne Fortified Settlement Balatonf\u00f6ldv\u00e1r-F\u00f6ldv\u00e1r on the Southern Shore of Lake Balaton (Hungary)<\/strong><\/a><\/p>\n<p>DOI: <a href=\"https:\/\/doi.org\/10.31577\/szausav.2025.72.13\">https:\/\/doi.org\/10.31577\/szausav.2025.72.13<\/a><\/p>\n<p>&nbsp;<\/p>\n<p>Miroslava Kissov\u00e1<\/p>\n<p><a href=\"https:\/\/doi.org\/10.31577\/szausav.2025.72.14\"><strong>Glass Beads from the Settlement of the P\u00fachov Culture at Liptovsk\u00e1 Sielnica-Liptovsk\u00e1 Mara, Site III<\/strong><\/a><\/p>\n<p>DOI: <a href=\"https:\/\/doi.org\/10.31577\/szausav.2025.72.14\">https:\/\/doi.org\/10.31577\/szausav.2025.72.14<\/a><\/p>\n<p>&nbsp;<\/p>\n<p>Daniel Be\u0161ina \u2013 Stanislava B\u00f6nde Gogov\u00e1 \u2013 Robin P\u011bni\u010dka<\/p>\n<p><a href=\"https:\/\/doi.org\/10.31577\/szausav.2025.72.15\"><strong>Atypical Deposition of a Male Skeleton at the Gallows in Hol\u00ed\u010d (Slovakia) in the Context of Legal and Ritual Practices of the Middle Ages and the Early Modern Period<\/strong><\/a><\/p>\n<p>DOI: <a href=\"https:\/\/doi.org\/10.31577\/szausav.2025.72.15\">https:\/\/doi.org\/10.31577\/szausav.2025.72.15<\/a><\/p>\n<p>&nbsp;<\/p>\n<p>Vladim\u00edr Mit\u00e1\u0161<\/p>\n<p><a href=\"https:\/\/doi.org\/10.31577\/szausav.2025.72.16\"><strong>Pipes of Podre\u010dany \u2013 Finds, Facts and Questions<\/strong><\/a><\/p>\n<p>DOI: <a href=\"https:\/\/doi.org\/10.31577\/szausav.2025.72.16\">https:\/\/doi.org\/10.31577\/szausav.2025.72.16<\/a><\/p>\n<p>&nbsp;<\/p>\n<p>Klaudia Da\u0148ov\u00e1 \u2013 Miroslava Da\u0148ov\u00e1<\/p>\n<p><a href=\"https:\/\/doi.org\/10.31577\/szausav.2025.72.17\"><strong>Underwater Archaeology. Three Rivers \u2013 Three Different Ways<\/strong><\/a><\/p>\n<p>DOI: <a href=\"https:\/\/doi.org\/10.31577\/szausav.2025.72.17\">https:\/\/doi.org\/10.31577\/szausav.2025.72.17<\/a><\/p>\n<p>&nbsp;<\/p>\n<p>Caleb Ranum<\/p>\n<p><a href=\"https:\/\/doi.org\/10.31577\/szausav.2025.72.18\"><strong>Testing Efficacy of Flotation Systems Using Strategically Introduced Seeds. A Case Study from Triblavina, an Early Iron Age Settlement in Slovakia<\/strong><\/a><\/p>\n<p>DOI: <a href=\"https:\/\/doi.org\/10.31577\/szausav.2025.72.18\">https:\/\/doi.org\/10.31577\/szausav.2025.72.18<\/a><\/p>\n<p>&nbsp;<\/p>\n<h2><strong style=\"font-size: 16px;\">Archive:<\/strong><\/h2>\n<\/div>\n<div>\n<div><a href=\"https:\/\/archeol.sav.sk\/files\/SZ_72-1_2025_na-web_m.pdf\">\u0160t\u00fadijn\u00e9 zvesti 72-1, <strong>2025<\/strong><\/a><\/div>\n<div><a href=\"https:\/\/archeol.sav.sk\/files\/SZ-71-2-2024_na-web.pdf\">\u0160t\u00fadijn\u00e9 zvesti 71-2, <strong>2024<\/strong><\/a><\/div>\n<div><a href=\"https:\/\/archeol.sav.sk\/files\/SZ_71-1-2024_na-web.pdf\">\u0160t\u00fadijn\u00e9 zvesti 71-1, <strong>2024<\/strong><\/a><\/div>\n<\/div>\n<div><a href=\"https:\/\/archeol.sav.sk\/files\/SZ-70-2-2023_na-web.pdf\">\u0160t\u00fadijn\u00e9 zvesti 70-2, <strong>2023<\/strong><\/a><\/div>\n<div><a href=\"http:\/\/archeol.sav.sk\/files\/SZ_70-1-2023_text_2.pdf\">\u0160t\u00fadijn\u00e9 zvesti 70-1, <strong>2023<\/strong><\/a><\/div>\n<div><a href=\"http:\/\/archeol.sav.sk\/files\/SZ-69-2_2022_na-web_male.pdf\">\u0160t\u00fadijn\u00e9 zvesti 69-2, <strong>2022<\/strong><\/a><br \/>\n<a href=\"http:\/\/archeol.sav.sk\/files\/SZ_69-1-2022_na-web.pdf\">\u0160t\u00fadijn\u00e9 zvesti 69-1, <strong>2022<\/strong><\/a><br \/>\n<a href=\"http:\/\/archeol.sav.sk\/files\/SZ-68-2_2021_na-net.pdf\">\u0160t\u00fadijn\u00e9 zvesti 68-2, <strong>2021<\/strong><\/a><br \/>\n<a href=\"http:\/\/archeol.sav.sk\/files\/SZ-68-1_2021_na-net.pdf\">\u0160t\u00fadijn\u00e9 zvesti 68-1, <strong>2021<\/strong><\/a><br \/>\n<a href=\"http:\/\/archeol.sav.sk\/files\/SZ-67-2-2020_na-net.pdf\">\u0160t\u00fadijn\u00e9 zvesti 67-2. <strong>2020<\/strong><\/a><br \/>\n<a href=\"http:\/\/archeol.sav.sk\/files\/SZ-67-1_2020_na-internet.pdf\">\u0160t\u00fadijn\u00e9 zvesti 67-1, <strong>2020<\/strong><\/a><br \/>\n<a href=\"http:\/\/archeol.sav.sk\/files\/SZ-66-2019_na-net.pdf\">\u0160tudijne zvesti 66, <strong>2019<\/strong><\/a><br \/>\n<a href=\"http:\/\/archeol.sav.sk\/files\/SZ-65-2019_na-net.pdf\">\u0160tudijne zvesti 65, <strong>2019<\/strong><\/a><br \/>\n<a href=\"http:\/\/archeol.sav.sk\/files\/SZ-64-2018_na-net.pdf\">\u0160tudijne zvesti 64,\u00a0<strong>2018<\/strong><\/a><br \/>\n<a href=\"http:\/\/archeol.sav.sk\/files\/SZ-63-2018_na-net.pdf\">\u0160tudijne zvesti 63,\u00a0<strong>2018<\/strong><\/a><br \/>\n<a href=\"http:\/\/www.cevnad.sav.sk\/aktivita_1_1\/SZ_62.pdf\">\u0160tudijne zvesti 62,\u00a0<strong>2017<\/strong><\/a><br \/>\n<a href=\"http:\/\/www.cevnad.sav.sk\/aktivita_1_1\/SZ_61.pdf\">\u0160tudijne zvesti 61,\u00a0<strong>2017<\/strong><\/a><br \/>\n<a href=\"http:\/\/www.cevnad.sav.sk\/aktivita_1_1\/SZ_60.pdf\">\u0160tudijne zvesti 60, <strong>2016<\/strong><\/a><br \/>\n<a href=\"http:\/\/www.cevnad.sav.sk\/aktivita_1_1\/SZ_59.pdf\">\u0160tudijne zvesti 59, <strong>2016<\/strong><\/a><br \/>\n<a href=\"http:\/\/www.cevnad.sav.sk\/aktivita_1_1\/SZ_58.pdf\">\u0160tudijne zvesti 58, <strong>2015<\/strong><\/a><br \/>\n<a href=\"http:\/\/www.cevnad.sav.sk\/aktivita_1_1\/SZ_57.pdf\">\u0160tudijne zvesti 57, <strong>2015<\/strong><\/a><br \/>\n<a href=\"http:\/\/www.cevnad.sav.sk\/aktivita_1_1\/SZ_56.pdf\">\u0160tudijn\u00e9 zvesti 56, <b>2014<\/b><\/a><br \/>\n<a href=\"http:\/\/www.cevnad.sav.sk\/aktivita_1_1\/SZ_55.pdf\">\u0160tudijn\u00e9 zvesti 55, <b>2014<\/b><\/a><br \/>\n<a href=\"http:\/\/www.cevnad.sav.sk\/aktivita_1_1\/SZ_54.pdf\">\u0160tudijn\u00e9 zvesti 54, <b>2013<\/b><\/a><br \/>\n<a href=\"http:\/\/www.cevnad.sav.sk\/aktivita_1_1\/SZ_53.pdf\">\u0160tudijn\u00e9 zvesti 53, <b>2013<\/b><\/a>\u00a0(<a href=\"http:\/\/www.archeol.sav.sk\/docs_studijnezvesti\/lokality_GE.kmz\" target=\"_self\" rel=\"noopener noreferrer\">lokality_GE.kmz<\/a>)<br \/>\n<a href=\"http:\/\/www.cevnad.sav.sk\/aktivita_1_1\/SZ_52.pdf\">\u0160tudijn\u00e9 zvesti 52, <b>2012<\/b><\/a><br \/>\n<a href=\"http:\/\/www.cevnad.sav.sk\/aktivita_1_1\/SZ_51.pdf\">\u0160tudijn\u00e9 zvesti 51, <b>2012<\/b><\/a><br \/>\n<a href=\"http:\/\/www.cevnad.sav.sk\/aktivita_1_1\/SZ_50.pdf\">\u0160tudijn\u00e9 zvesti 50, <b>2011<\/b><\/a>\u00a0(<a href=\"http:\/\/www.archeol.sav.sk\/studijnezvesti\/index.php?dir=SZ_50%2F\" target=\"_self\" rel=\"noopener noreferrer\">Datab\u00e1zy k \u010dl\u00e1nkom<\/a>)<br \/>\n<a href=\"http:\/\/www.cevnad.sav.sk\/aktivita_1_1\/SZ_49.pdf\">\u0160tudijn\u00e9 zvesti 49, <b>2011<\/b><\/a><br \/>\n<a href=\"http:\/\/www.cevnad.sav.sk\/aktivita_1_1\/SZ_48.pdf\">\u0160tudijn\u00e9 zvesti 48, <b>2010<\/b><\/a><br \/>\n<a href=\"http:\/\/www.cevnad.sav.sk\/aktivita_1_1\/SZ_47.pdf\">\u0160tudijn\u00e9 zvesti 47, <b>2010<\/b><\/a><br \/>\n<a href=\"http:\/\/www.cevnad.sav.sk\/aktivita_1_1\/SZ_46.pdf\">\u0160tudijn\u00e9 zvesti 46, <b>2009<\/b><\/a><br \/>\n<a href=\"http:\/\/www.cevnad.sav.sk\/aktivita_1_1\/SZ_45.pdf\">\u0160tudijn\u00e9 zvesti 45, <b>2009<\/b><\/a><br \/>\n<a href=\"http:\/\/www.cevnad.sav.sk\/aktivita_1_1\/SZ_44.pdf\">\u0160tudijn\u00e9 zvesti 44, <b>2008<\/b><\/a><br \/>\n<a href=\"http:\/\/www.cevnad.sav.sk\/aktivita_1_1\/SZ_43.pdf\">\u0160tudijn\u00e9 zvesti 43, <b>2008<\/b><\/a><br \/>\n<a href=\"http:\/\/www.cevnad.sav.sk\/aktivita_1_1\/SZ_42.pdf\">\u0160tudijn\u00e9 zvesti 42, <b>2007<\/b><\/a><br \/>\n<a href=\"http:\/\/www.cevnad.sav.sk\/aktivita_1_1\/SZ_41.pdf\">\u0160tudijn\u00e9 zvesti 41, <b>2007<\/b><\/a><br \/>\n<a href=\"http:\/\/www.cevnad.sav.sk\/aktivita_1_1\/SZ_40.pdf\">\u0160tudijn\u00e9 zvesti 40, <b>2006<\/b><\/a><br \/>\n<a href=\"http:\/\/www.cevnad.sav.sk\/aktivita_1_1\/SZ_39.pdf\">\u0160tudijn\u00e9 zvesti 39, <b>2006<\/b><\/a><br \/>\n<a href=\"http:\/\/www.cevnad.sav.sk\/aktivita_1_1\/SZ_38.pdf\">\u0160tudijn\u00e9 zvesti 38, <b>2005<\/b><\/a><br \/>\n<a href=\"http:\/\/www.cevnad.sav.sk\/aktivita_1_1\/SZ_37.pdf\">\u0160tudijn\u00e9 zvesti 37, <b>2005<\/b><\/a><br \/>\n<a href=\"http:\/\/www.cevnad.sav.sk\/aktivita_1_1\/SZ_36.pdf\">\u0160tudijn\u00e9 zvesti 36, <strong>2004<\/strong><\/a><br \/>\n<a href=\"http:\/\/www.cevnad.sav.sk\/aktivita_1_1\/SZ_35.pdf\">\u0160tudijn\u00e9 zvesti 35, <strong>2002<\/strong><\/a><br \/>\n<a href=\"http:\/\/www.cevnad.sav.sk\/aktivita_1_1\/SZ_34.pdf\">\u0160tudijn\u00e9 zvesti 34, <strong>2002<\/strong><\/a><br \/>\n<a href=\"http:\/\/www.cevnad.sav.sk\/aktivita_1_1\/SZ_33.pdf\">\u0160tudijn\u00e9 zvesti 33, <strong>1999<\/strong><\/a><br \/>\n<a href=\"http:\/\/www.cevnad.sav.sk\/aktivita_1_1\/SZ_32.pdf\">\u0160tudijn\u00e9 zvesti 32, <strong>1996<\/strong><\/a><br \/>\n<a href=\"http:\/\/www.cevnad.sav.sk\/aktivita_1_1\/SZ_31.pdf\">\u0160tudijn\u00e9 zvesti 31, <strong>1995<\/strong><\/a><br \/>\n<a href=\"http:\/\/www.cevnad.sav.sk\/aktivita_1_1\/SZ_30.pdf\">\u0160tudijn\u00e9 zvesti 30, <strong>1994<\/strong><\/a><br \/>\n<a href=\"http:\/\/www.cevnad.sav.sk\/aktivita_1_1\/SZ_29.pdf\">\u0160tudijn\u00e9 zvesti 29, <strong>1993<\/strong><\/a><br \/>\n<a href=\"http:\/\/www.cevnad.sav.sk\/aktivita_1_1\/SZ_28.pdf\">\u0160tudijn\u00e9 zvesti 28, <strong>1992<\/strong><\/a><br \/>\n<a href=\"http:\/\/www.cevnad.sav.sk\/aktivita_1_1\/SZ_27.pdf\">\u0160tudijn\u00e9 zvesti 27, <strong>1991<\/strong><\/a><br \/>\n<a href=\"http:\/\/www.cevnad.sav.sk\/aktivita_1_1\/SZ_26_2.pdf\">\u0160tudijn\u00e9 zvesti 26, 2. \u010das\u0165, <strong>1990<\/strong><\/a><br \/>\n<a href=\"http:\/\/www.cevnad.sav.sk\/aktivita_1_1\/SZ_26_1.pdf\">\u0160tudijn\u00e9 zvesti 26, 1. \u010das\u0165, <strong>1990<\/strong><\/a><br \/>\n<a href=\"http:\/\/www.cevnad.sav.sk\/aktivita_1_1\/SZ_25.pdf\">\u0160tudijn\u00e9 zvesti 25, <strong>1988<\/strong><\/a><br \/>\n<a href=\"http:\/\/www.cevnad.sav.sk\/aktivita_1_1\/SZ_24.pdf\">\u0160tudijn\u00e9 zvesti 24, <strong>1988<\/strong><\/a><br \/>\n<a href=\"http:\/\/www.cevnad.sav.sk\/aktivita_1_1\/SZ_23.pdf\">\u0160tudijn\u00e9 zvesti 23, <strong>1987<\/strong><\/a><br \/>\n<a href=\"http:\/\/www.cevnad.sav.sk\/aktivita_1_1\/SZ_22.pdf\">\u0160tudijn\u00e9 zvesti 22, <strong>1986<\/strong><\/a><br \/>\n<a href=\"http:\/\/www.cevnad.sav.sk\/aktivita_1_1\/SZ_21.pdf\">\u0160tudijn\u00e9 zvesti 21, <strong>1985<\/strong><\/a><br \/>\n<a href=\"http:\/\/www.cevnad.sav.sk\/aktivita_1_1\/SZ_20.pdf\">\u0160tudijn\u00e9 zvesti 20, <strong>1983<\/strong><\/a><br \/>\n<a href=\"http:\/\/www.cevnad.sav.sk\/aktivita_1_1\/SZ_19.pdf\">\u0160tudijn\u00e9 zvesti 19, <strong>1981<\/strong><\/a><br \/>\n<a href=\"http:\/\/www.cevnad.sav.sk\/aktivita_1_1\/SZ_18.pdf\">\u0160tudijn\u00e9 zvesti 18, <strong>1970<\/strong><\/a><br \/>\n<a href=\"http:\/\/www.cevnad.sav.sk\/aktivita_1_1\/SZ_17.pdf\">\u0160tudijn\u00e9 zvesti 17, <strong>1969<\/strong><\/a><br \/>\n<a href=\"http:\/\/www.cevnad.sav.sk\/aktivita_1_1\/SZ_16.pdf\">\u0160tudijn\u00e9 zvesti 16, <strong>1968<\/strong><\/a><br \/>\n<a href=\"http:\/\/www.cevnad.sav.sk\/aktivita_1_1\/SZ_15.pdf\">\u0160tudijn\u00e9 zvesti 15, <strong>1965<\/strong><\/a><br \/>\n<a href=\"http:\/\/www.cevnad.sav.sk\/aktivita_1_1\/SZ_14.pdf\">\u0160tudijn\u00e9 zvesti 14, <strong>1964<\/strong><\/a><br \/>\n<a href=\"http:\/\/www.cevnad.sav.sk\/aktivita_1_1\/SZ_13.pdf\">\u0160tudijn\u00e9 zvesti 13, <strong>1964<\/strong><\/a><br \/>\n<a href=\"http:\/\/www.cevnad.sav.sk\/aktivita_1_1\/SZ_12.pdf\">\u0160tudijn\u00e9 zvesti 12, <strong>1964<\/strong><\/a><br \/>\n<a href=\"http:\/\/www.cevnad.sav.sk\/aktivita_1_1\/SZ_11.pdf\">\u0160tudijn\u00e9 zvesti 11, <strong>1963<\/strong><\/a><br \/>\n<a href=\"http:\/\/www.cevnad.sav.sk\/aktivita_1_1\/SZ_10.pdf\">\u0160tudijn\u00e9 zvesti 10, <b>1962<\/b><\/a><br \/>\n<a href=\"http:\/\/www.cevnad.sav.sk\/aktivita_1_1\/SZ_09.pdf\">\u0160tudijn\u00e9 zvesti 09, <b>1962<\/b><\/a><br \/>\n<a href=\"http:\/\/www.cevnad.sav.sk\/aktivita_1_1\/SZ_08.pdf\">\u0160tudijn\u00e9 zvesti 08, <b>1962<\/b><\/a><br \/>\n<a href=\"http:\/\/www.cevnad.sav.sk\/aktivita_1_1\/SZ_07.pdf\">\u0160tudijn\u00e9 zvesti 07, <b>1961<\/b><\/a><br \/>\n<a href=\"http:\/\/www.cevnad.sav.sk\/aktivita_1_1\/SZ_06.pdf\">\u0160tudijn\u00e9 zvesti 06, <b>1961<\/b><\/a><br \/>\n<a href=\"http:\/\/www.cevnad.sav.sk\/aktivita_1_1\/SZ_05.pdf\">\u0160tudijn\u00e9 zvesti 05, <b>1961<\/b><\/a><br \/>\n<a href=\"http:\/\/www.cevnad.sav.sk\/aktivita_1_1\/SZ_04.pdf\">\u0160tudijn\u00e9 zvesti 04, <b>1961<\/b><\/a><br \/>\n<a href=\"http:\/\/www.cevnad.sav.sk\/aktivita_1_1\/SZ_03.pdf\">\u0160tudijn\u00e9 zvesti 03, <b>1959<\/b><\/a><br \/>\n<a href=\"http:\/\/www.cevnad.sav.sk\/aktivita_1_1\/SZ_02.pdf\">\u0160tudijn\u00e9 zvesti 02, <b>1957<\/b><\/a><br \/>\n<a href=\"http:\/\/www.cevnad.sav.sk\/aktivita_1_1\/SZ_01.pdf\">\u0160tudijn\u00e9 zvesti 01, <b>1956<\/b><\/a><\/div>\n","protected":false},"excerpt":{"rendered":"<p>The \u0160tudijn\u00e9 zvesti A\u00da SAV journal is peer-reviewed periodic with a long tradition of publishing. It\u00b4s first issue was published in 1956. The journal offers publishing scientific articles and next actual information about results of archaeological and interdisciplinary research. &nbsp; ISSN -0560-2793 Periodicity: twice a year Articles are indexed and covered in: Central European Journal &#8230; <a class=\"read-more\" href=\"https:\/\/archeol.sav.sk\/index.php\/en\/publications\/the-studijne-zvesti-au-sav-journal\/\">\u010c\u00edtajte viac<\/a><\/p>\n","protected":false},"author":2,"featured_media":0,"parent":1449,"menu_order":3,"comment_status":"closed","ping_status":"closed","template":"","meta":[],"_links":{"self":[{"href":"https:\/\/archeol.sav.sk\/index.php\/wp-json\/wp\/v2\/pages\/1838"}],"collection":[{"href":"https:\/\/archeol.sav.sk\/index.php\/wp-json\/wp\/v2\/pages"}],"about":[{"href":"https:\/\/archeol.sav.sk\/index.php\/wp-json\/wp\/v2\/types\/page"}],"author":[{"embeddable":true,"href":"https:\/\/archeol.sav.sk\/index.php\/wp-json\/wp\/v2\/users\/2"}],"replies":[{"embeddable":true,"href":"https:\/\/archeol.sav.sk\/index.php\/wp-json\/wp\/v2\/comments?post=1838"}],"version-history":[{"count":101,"href":"https:\/\/archeol.sav.sk\/index.php\/wp-json\/wp\/v2\/pages\/1838\/revisions"}],"predecessor-version":[{"id":8040,"href":"https:\/\/archeol.sav.sk\/index.php\/wp-json\/wp\/v2\/pages\/1838\/revisions\/8040"}],"up":[{"embeddable":true,"href":"https:\/\/archeol.sav.sk\/index.php\/wp-json\/wp\/v2\/pages\/1449"}],"wp:attachment":[{"href":"https:\/\/archeol.sav.sk\/index.php\/wp-json\/wp\/v2\/media?parent=1838"}],"curies":[{"name":"wp","href":"https:\/\/api.w.org\/{rel}","templated":true}]}}