{"id":1809,"date":"2016-10-08T16:15:44","date_gmt":"2016-10-08T14:15:44","guid":{"rendered":"http:\/\/archeol.sav.sk\/?page_id=1809"},"modified":"2016-10-08T16:18:28","modified_gmt":"2016-10-08T14:18:28","slug":"treaty-of-2011-state-budget","status":"publish","type":"page","link":"https:\/\/archeol.sav.sk\/index.php\/en\/treaty-of-2011-state-budget\/","title":{"rendered":"Treaty of 2011 (state budget)"},"content":{"rendered":"<div class=\"entry-content\">\n<h1>Verejn\u00e9 obstar\u00e1vanie \u2013 Zmluvy viazan\u00e9 na \u0161t\u00e1tny rozpo\u010det<\/h1>\n<h2>Rok 2011<\/h2>\n<p>&nbsp;<\/p>\n<p><img decoding=\"async\" class=\"noprint\" src=\"http:\/\/archeol.sav.sk\/pics\/pdf_button.png\" alt=\"pdf\" align=\"left\" hspace=\"5\" vspace=\"0\" \/><a href=\"http:\/\/archeol.sav.sk\/verejne_obstaravanie\/zmluva2011_01.pdf\" target=\"_blank\">Zmluva \u010d. 1\/11<\/a><\/p>\n<p><img decoding=\"async\" class=\"noprint\" src=\"http:\/\/archeol.sav.sk\/pics\/pdf_button.png\" alt=\"pdf\" align=\"left\" hspace=\"5\" vspace=\"0\" \/><a href=\"http:\/\/archeol.sav.sk\/verejne_obstaravanie\/zmluva2011_02-zmluva_o_poskytnuti_sluzby_EDT.pdf\" target=\"_blank\">Zmluva \u010d. 2\/11<\/a>, <a href=\"http:\/\/archeol.sav.sk\/verejne_obstaravanie\/zmluva2011_02-zmluva_o_poskytnuti_sluzby_EDT.doc\" target=\"_blank\">Zmluva \u010d. 2\/11 (*.doc)<\/a><\/p>\n<p><img decoding=\"async\" class=\"noprint\" src=\"http:\/\/archeol.sav.sk\/pics\/pdf_button.png\" alt=\"pdf\" align=\"left\" hspace=\"5\" vspace=\"0\" \/><a href=\"http:\/\/archeol.sav.sk\/verejne_obstaravanie\/zmluva2011_03.pdf\" target=\"_blank\">Zmluva \u010d. 3\/11<\/a><\/p>\n<p><img decoding=\"async\" class=\"noprint\" src=\"http:\/\/archeol.sav.sk\/pics\/pdf_button.png\" alt=\"pdf\" align=\"left\" hspace=\"5\" vspace=\"0\" \/><a href=\"http:\/\/archeol.sav.sk\/verejne_obstaravanie\/zmluva2011_04%20-%20SKMBT_C20311053113400.pdf\" target=\"_blank\">Zmluva \u010d. 4\/11<\/a><\/p>\n<p><img decoding=\"async\" class=\"noprint\" src=\"http:\/\/archeol.sav.sk\/pics\/pdf_button.png\" alt=\"pdf\" align=\"left\" hspace=\"5\" vspace=\"0\" \/><a href=\"http:\/\/archeol.sav.sk\/verejne_obstaravanie\/zmluva2011_05.pdf\" target=\"_blank\">Zmluva \u010d. 5\/11<\/a><\/p>\n<p><img decoding=\"async\" class=\"noprint\" src=\"http:\/\/archeol.sav.sk\/pics\/pdf_button.png\" alt=\"pdf\" align=\"left\" hspace=\"5\" vspace=\"0\" \/><a href=\"http:\/\/archeol.sav.sk\/verejne_obstaravanie\/zmluva2011_06.pdf\" target=\"_blank\">Zmluva \u010d. 6\/11<\/a><\/p>\n<p><img decoding=\"async\" class=\"noprint\" src=\"http:\/\/archeol.sav.sk\/pics\/pdf_button.png\" alt=\"pdf\" align=\"left\" hspace=\"5\" vspace=\"0\" \/><a href=\"http:\/\/archeol.sav.sk\/verejne_obstaravanie\/zmluva2011_07.pdf\" target=\"_blank\">Zmluva \u010d. 7\/11<\/a><\/p>\n<p><img decoding=\"async\" class=\"noprint\" src=\"http:\/\/archeol.sav.sk\/pics\/pdf_button.png\" alt=\"pdf\" align=\"left\" hspace=\"5\" vspace=\"0\" \/><a href=\"http:\/\/archeol.sav.sk\/verejne_obstaravanie\/zmluva2011_08.pdf\" target=\"_blank\">Zmluva \u010d. 8\/11<\/a><\/p>\n<p><img decoding=\"async\" class=\"noprint\" src=\"http:\/\/archeol.sav.sk\/pics\/pdf_button.png\" alt=\"pdf\" align=\"left\" hspace=\"5\" vspace=\"0\" \/><a href=\"http:\/\/archeol.sav.sk\/verejne_obstaravanie\/zmluva2011_09.pdf\" target=\"_blank\">Zmluva \u010d. 9\/11<\/a><\/p>\n<p><img decoding=\"async\" class=\"noprint\" src=\"http:\/\/archeol.sav.sk\/pics\/pdf_button.png\" alt=\"pdf\" align=\"left\" hspace=\"5\" vspace=\"0\" \/><a href=\"http:\/\/archeol.sav.sk\/verejne_obstaravanie\/zmluva2011_10.pdf\" target=\"_blank\">Zmluva \u010d. 10\/11<\/a><\/p>\n<p><img decoding=\"async\" class=\"noprint\" src=\"http:\/\/archeol.sav.sk\/pics\/pdf_button.png\" alt=\"pdf\" align=\"left\" hspace=\"5\" vspace=\"0\" \/><a href=\"http:\/\/archeol.sav.sk\/verejne_obstaravanie\/zmluva2011_11-palko_svit.pdf\" target=\"_blank\">Zmluva \u010d. 11\/11 (Palko Svit)<\/a><\/p>\n<p><img decoding=\"async\" class=\"noprint\" src=\"http:\/\/archeol.sav.sk\/pics\/pdf_button.png\" alt=\"pdf\" align=\"left\" hspace=\"5\" vspace=\"0\" \/><a href=\"http:\/\/archeol.sav.sk\/verejne_obstaravanie\/zmluva2011_12-mamut.pdf\" target=\"_blank\">Zmluva \u010d. 12\/11 (Person. agent\u00fara Mamut)<\/a><\/p>\n<\/div>\n","protected":false},"excerpt":{"rendered":"<p>Verejn\u00e9 obstar\u00e1vanie \u2013 Zmluvy viazan\u00e9 na \u0161t\u00e1tny rozpo\u010det Rok 2011 &nbsp; Zmluva \u010d. 1\/11 Zmluva \u010d. 2\/11, Zmluva \u010d. 2\/11 (*.doc) Zmluva \u010d. 3\/11 Zmluva \u010d. 4\/11 Zmluva \u010d. 5\/11 Zmluva \u010d. 6\/11 Zmluva \u010d. 7\/11 Zmluva \u010d. 8\/11 Zmluva \u010d. 9\/11 Zmluva \u010d. 10\/11 Zmluva \u010d. 11\/11 (Palko Svit) Zmluva \u010d. 12\/11 (Person. agent\u00fara &#8230; <a class=\"read-more\" href=\"https:\/\/archeol.sav.sk\/index.php\/en\/treaty-of-2011-state-budget\/\">\u010c\u00edtajte viac<\/a><\/p>\n","protected":false},"author":2,"featured_media":0,"parent":0,"menu_order":0,"comment_status":"closed","ping_status":"closed","template":"","meta":[],"_links":{"self":[{"href":"https:\/\/archeol.sav.sk\/index.php\/wp-json\/wp\/v2\/pages\/1809"}],"collection":[{"href":"https:\/\/archeol.sav.sk\/index.php\/wp-json\/wp\/v2\/pages"}],"about":[{"href":"https:\/\/archeol.sav.sk\/index.php\/wp-json\/wp\/v2\/types\/page"}],"author":[{"embeddable":true,"href":"https:\/\/archeol.sav.sk\/index.php\/wp-json\/wp\/v2\/users\/2"}],"replies":[{"embeddable":true,"href":"https:\/\/archeol.sav.sk\/index.php\/wp-json\/wp\/v2\/comments?post=1809"}],"version-history":[{"count":1,"href":"https:\/\/archeol.sav.sk\/index.php\/wp-json\/wp\/v2\/pages\/1809\/revisions"}],"predecessor-version":[{"id":1810,"href":"https:\/\/archeol.sav.sk\/index.php\/wp-json\/wp\/v2\/pages\/1809\/revisions\/1810"}],"wp:attachment":[{"href":"https:\/\/archeol.sav.sk\/index.php\/wp-json\/wp\/v2\/media?parent=1809"}],"curies":[{"name":"wp","href":"https:\/\/api.w.org\/{rel}","templated":true}]}}