{"id":1771,"date":"2016-10-08T15:54:43","date_gmt":"2016-10-08T13:54:43","guid":{"rendered":"http:\/\/archeol.sav.sk\/?page_id=1771"},"modified":"2016-10-08T15:59:40","modified_gmt":"2016-10-08T13:59:40","slug":"archeopark-nitra-3","status":"publish","type":"page","link":"https:\/\/archeol.sav.sk\/index.php\/en\/archeopark-nitra-3\/","title":{"rendered":"Archeopark Nitra"},"content":{"rendered":"<div class=\"entry-content\">\n<figure id=\"attachment_1396\" class=\"wp-caption alignright\"><a href=\"http:\/\/archeol.sav.sk\/files\/Archeo_IMG_3022.jpg\"><img decoding=\"async\" loading=\"lazy\" class=\"wp-image-1396\" src=\"http:\/\/archeol.sav.sk\/files\/Archeo_IMG_3022-300x200.jpg\" sizes=\"(max-width: 350px) 100vw, 350px\" srcset=\"http:\/\/archeol.sav.sk\/files\/Archeo_IMG_3022-300x200.jpg 300w, http:\/\/archeol.sav.sk\/files\/Archeo_IMG_3022-768x512.jpg 768w, http:\/\/archeol.sav.sk\/files\/Archeo_IMG_3022-1024x683.jpg 1024w, http:\/\/archeol.sav.sk\/files\/Archeo_IMG_3022.jpg 1555w\" alt=\"Archeo_IMG_3022\" width=\"350\" height=\"233\" \/><\/a><figcaption class=\"wp-caption-text\">Otvorenie archeoparku \u2013 prim\u00e1tor Nitry J. Dvon\u010d a riadite\u013e A\u00da SAV M. Ruttkay (Foto: E. \u010caprdov\u00e1)<\/figcaption><\/figure>\n<p>Prv\u00e9 dni mesiaca j\u00fal s\u00fa v Nitre ka\u017edoro\u010dne v\u00a0znamen\u00ed podujat\u00ed organizovan\u00fdch v\u00a0r\u00e1mci osl\u00e1v Nitra, mil\u00e1 Nitra 2016 \u2013 Pribinove a Cyrilo-metodsk\u00e9 sl\u00e1vnosti. Ich v\u00fdznamnou s\u00fa\u010das\u0165ou s\u00fa pravidelne vedecko-populariza\u010dn\u00e9 aktivity Archeologick\u00e9ho \u00fastavu SAV, jedn\u00e9ho z\u00a0hlavn\u00fdch spoluusporiadate\u013eov.<\/p>\n<p>U\u017e cez v\u00edkend si n\u00e1v\u0161tevn\u00edci mohli pozrie\u0165 v\u00fdsledky najnov\u0161\u00edch v\u00fdskumov, ale aj<strong> kvalitn\u00e9 re\u0161taur\u00e1torsk\u00e9 pr\u00e1ce v\u00a0priestoroch Zoborsk\u00e9ho kl\u00e1\u0161tora<\/strong>. Tu sa v\u010faka spolupr\u00e1ci so \u0160pecializovanou nemocnicou sv. Svorada Zobor n.o a\u00a0Zoborsk\u00e9ho skr\u00e1\u0161\u013eovacieho spolku za podpory Ministerstva kult\u00fary SR postupne dar\u00ed odkr\u00fdva\u0165 a\u00a0zakonzervova\u0165 zaniknut\u00e9 architekt\u00fary Kostola sv. Jozefa a\u00a0taktie\u017e jeden mn\u00ed\u0161sky pr\u00edbytok \u2013 tzv. eremitku.<\/p>\n<p>V\u00a0nede\u013eu 3. j\u00fala bola v\u00a0synag\u00f3ge otvoren\u00e1 <strong>v\u00fdstava Kult\u00farna cesta sv. Cyrila a\u00a0Metoda<\/strong>, putovanie za cyrilo-metodskou trad\u00edciou, ktorej s\u00fa\u010das\u0165ou je aj v\u00fdstava v\u00fdznamn\u00fdch archeologick\u00fdch n\u00e1lezov z\u00a0\u00fazemia Nitrianskeho knie\u017eatstva pripraven\u00e1 projektov\u00fdm t\u00edmom P. Bedn\u00e1ra. N\u00e1v\u0161tevn\u00edci obdivovali najnov\u0161ie n\u00e1lezy z\u00a0hrad\u00edsk v\u00a0Nitre, Bojnej a\u00a0Pru\u017eine, zo s\u00faboru novo sk\u00faman\u00fdch\u00a0 pohreb\u00edsk v Tes\u00e1rskych Mly\u0148anoch, \u010di Nitre.<\/p>\n<figure id=\"attachment_1397\" class=\"wp-caption alignleft\"><a href=\"http:\/\/archeol.sav.sk\/files\/DSCN0452.jpg\"><img decoding=\"async\" loading=\"lazy\" class=\"wp-image-1397\" src=\"http:\/\/archeol.sav.sk\/files\/DSCN0452-300x225.jpg\" sizes=\"(max-width: 350px) 100vw, 350px\" srcset=\"http:\/\/archeol.sav.sk\/files\/DSCN0452-300x225.jpg 300w, http:\/\/archeol.sav.sk\/files\/DSCN0452-768x576.jpg 768w, http:\/\/archeol.sav.sk\/files\/DSCN0452-1024x768.jpg 1024w\" alt=\"DSCN0452\" width=\"350\" height=\"263\" \/><\/a><figcaption class=\"wp-caption-text\">Zrekon\u0161truovan\u00e9 zemnice bud\u00fa sl\u00fa\u017ei\u0165 na experiment\u00e1lne testovanie \u017eivota na\u0161ich predkov (foto M. Ruttkay)<\/figcaption><\/figure>\n<p>D\u0148a 4. j\u00fala 2016 sa v\u00a0Nitre na Martinskom vrchu, v\u00a0mieste, kde Archeologick\u00fd \u00fastav buduje nov\u00e9 pracovisk\u00e1, spr\u00edstupnila <strong>druh\u00e1 etapa v\u00fdstavby Archeoparku Nitra<\/strong> \u2013 centra experiment\u00e1lneho v\u00fdskumu v archeol\u00f3gii. Podujatie otvorili ofici\u00e1lnymi pr\u00edhovormi prim\u00e1tor Nitry J. Dvon\u010d a\u00a0riadite\u013e Archeologick\u00e9ho \u00fastavu SAV M. Ruttkay.<\/p>\n<p>V\u00a0minulom roku bol predstavite\u013emi mesta, nitrianskeho biskupstva a\u00a0archeologick\u00e9ho \u00fastavu SAV \u201epoklepan\u00fd\u201c z\u00e1kladn\u00fd kame\u0148 archeoparku a\u00a0 prezentovan\u00e9 z\u00e1klady jedn\u00e9ho z\u00a0najstar\u0161\u00edch kostolov na Slovensku\u00a0 \u2013 Kostola sv. Martina. V\u00a0tomto roku sa v\u00a0s\u00falade s\u00a0celkovou koncepciou a\u00a0platn\u00fdm harmonogramom vybudovali a\u00a0verejnosti predstavili prv\u00e9 zrekon\u0161truovan\u00e9 objekty \u2013 <strong>dve v\u010dasnostredovek\u00e9 obydlia, chlebov\u00e1 a\u00a0hrn\u010diarska pec<\/strong>. Hrn\u010diarska pec je postaven\u00e1 na z\u00e1klade v\u00fdsledkov v\u00fdskumu prvej presk\u00famanej bat\u00e9rie hrn\u010diarskych pec\u00ed zo slovansk\u00e9ho prostredia v\u00a0Nitre \u2013 na predhrad\u00ed hradiska Lupka. Kone\u010dn\u00fdm cie\u013eom 1. etapy je prezentova\u0165 zrekon\u0161truovan\u00fa \u010das\u0165 ve\u013ekomoravskej osady preb\u00e1danej na Martinskom vrchu v\u00a060-ych rokoch 20. storo\u010dia. Jedin\u00fdm objektom z\u00a0inej lokality je vy\u0161\u0161ie spom\u00ednan\u00e1 pec. Najv\u00e4\u010d\u0161ej pozornosti sa te\u0161ili zrubov\u00e9 obydlia s\u00a0trstinovou strechou a\u00a0kamennou, resp. hlinenou pecou v\u00a0interi\u00e9ri. Atmosf\u00e9ru slovanskej osady vhodne dokreslili rekon\u0161trukcie slovansk\u00fdch odevov (detsk\u00e9, mu\u017esk\u00e9 a\u00a0\u017eensk\u00e9), zbrane, kamenn\u00e9 \u017earnovy a\u00a0\u010fal\u0161ie artefakty.<\/p>\n<figure id=\"attachment_1399\" class=\"wp-caption alignright\"><a href=\"http:\/\/archeol.sav.sk\/files\/DSCN0425.jpg\"><img decoding=\"async\" loading=\"lazy\" class=\"wp-image-1399\" src=\"http:\/\/archeol.sav.sk\/files\/DSCN0425-300x225.jpg\" sizes=\"(max-width: 350px) 100vw, 350px\" srcset=\"http:\/\/archeol.sav.sk\/files\/DSCN0425-300x225.jpg 300w, http:\/\/archeol.sav.sk\/files\/DSCN0425-768x576.jpg 768w, http:\/\/archeol.sav.sk\/files\/DSCN0425-1024x768.jpg 1024w\" alt=\"DSCN0425\" width=\"350\" height=\"263\" \/><\/a><figcaption class=\"wp-caption-text\">V k\u00f3pii hrn\u010diarskej pece sa bud\u00fa experiment\u00e1lne vypa\u013eova\u0165 n\u00e1doby vyroben\u00e9 pod\u013ea predl\u00f4h n\u00e1jden\u00fdch v Nitre \u2013 Lupke. (foto M. Ruttkay)<\/figcaption><\/figure>\n<p>Otvorenie spestrila dobov\u00e1 muzika Musicantica Slovaca a viacer\u00e9 dru\u017einy prezentuj\u00face \u017eivot na\u0161ich predkov vo v\u010dasnom stredoveku. V\u00a0podve\u010der sa sprievod dru\u017e\u00edn presunul cez mesto na nitriansky hrad, kde uk\u00e1zali svoje bojovn\u00edcke a\u00a0remeseln\u00edcke umenie.<\/p>\n<p><strong>Z\u00e1ujemcom, ktor\u00fdch do are\u00e1lu b\u00fdval\u00fdch kas\u00e1rni na Martinskom vrchu priv\u00e1\u017eal \u201enitriansky vl\u00e1\u010dik\u201c, bola umo\u017enen\u00e1 aj\u00a0 prehliadka novovybudovan\u00fdch vedeck\u00fdch depozit\u00e1rov a\u00a0pr\u00e1ce v\u00a0nich.<\/strong><\/p>\n<p>Podujatie realizovan\u00e9 v\u00a0\u00fazkej spolupr\u00e1ci Mestom Nitra a\u00a0Biskupsk\u00fdm \u00faradom Nitra sa te\u0161ilo ve\u013ek\u00e9mu z\u00e1ujmu verejnosti a\u00a0region\u00e1lnych i\u00a0celoslovensk\u00fdch masovokomunika\u010dn\u00fdch prostriedkov.<\/p>\n<p>&nbsp;<\/p>\n<p>PhDr. Jaroslava Ruttkayov\u00e1<\/p>\n<p>Foto: M. Ruttkay, E. \u010caprdov\u00e1<\/p>\n<figure id=\"attachment_1407\" class=\"wp-caption alignleft\"><a href=\"http:\/\/archeol.sav.sk\/files\/DSCN0440.jpg\"><img decoding=\"async\" loading=\"lazy\" class=\"wp-image-1407\" src=\"http:\/\/archeol.sav.sk\/files\/DSCN0440-300x225.jpg\" sizes=\"(max-width: 350px) 100vw, 350px\" srcset=\"http:\/\/archeol.sav.sk\/files\/DSCN0440-300x225.jpg 300w, http:\/\/archeol.sav.sk\/files\/DSCN0440-768x576.jpg 768w, http:\/\/archeol.sav.sk\/files\/DSCN0440-1024x768.jpg 1024w\" alt=\"DSCN0440\" width=\"350\" height=\"263\" \/><\/a><figcaption class=\"wp-caption-text\">Zemnice (foto M. Ruttkay)<\/figcaption><\/figure>\n<figure id=\"attachment_1408\" class=\"wp-caption alignleft\"><a href=\"http:\/\/archeol.sav.sk\/files\/DSCN0445.jpg\"><img decoding=\"async\" loading=\"lazy\" class=\"wp-image-1408\" src=\"http:\/\/archeol.sav.sk\/files\/DSCN0445-300x225.jpg\" sizes=\"(max-width: 350px) 100vw, 350px\" srcset=\"http:\/\/archeol.sav.sk\/files\/DSCN0445-300x225.jpg 300w, http:\/\/archeol.sav.sk\/files\/DSCN0445-768x576.jpg 768w, http:\/\/archeol.sav.sk\/files\/DSCN0445-1024x768.jpg 1024w\" alt=\"DSCN0445\" width=\"350\" height=\"263\" \/><\/a><figcaption class=\"wp-caption-text\">Aj takto mohol vyzera\u0165 \u017eivot v dobe Ve\u013ekej Moravy (foto M. Ruttkay)<\/figcaption><\/figure>\n<figure id=\"attachment_1404\" class=\"wp-caption alignleft\"><a href=\"http:\/\/archeol.sav.sk\/files\/DSC_0612.jpg\"><img decoding=\"async\" loading=\"lazy\" class=\"wp-image-1404\" src=\"http:\/\/archeol.sav.sk\/files\/DSC_0612-300x199.jpg\" sizes=\"(max-width: 350px) 100vw, 350px\" srcset=\"http:\/\/archeol.sav.sk\/files\/DSC_0612-300x199.jpg 300w, http:\/\/archeol.sav.sk\/files\/DSC_0612-768x509.jpg 768w, http:\/\/archeol.sav.sk\/files\/DSC_0612-1024x678.jpg 1024w\" alt=\"DSC_0612\" width=\"350\" height=\"232\" \/><\/a><figcaption class=\"wp-caption-text\">Pred zemnicou (foto M. Ruttkay)<\/figcaption><\/figure>\n<figure id=\"attachment_1405\" class=\"wp-caption alignleft\"><a href=\"http:\/\/archeol.sav.sk\/files\/IMG_5136.jpg\"><img decoding=\"async\" loading=\"lazy\" class=\"wp-image-1405\" src=\"http:\/\/archeol.sav.sk\/files\/IMG_5136-300x225.jpg\" sizes=\"(max-width: 350px) 100vw, 350px\" srcset=\"http:\/\/archeol.sav.sk\/files\/IMG_5136-300x225.jpg 300w, http:\/\/archeol.sav.sk\/files\/IMG_5136-768x576.jpg 768w, http:\/\/archeol.sav.sk\/files\/IMG_5136-1024x768.jpg 1024w\" alt=\"IMG_5136\" width=\"350\" height=\"263\" \/><\/a><figcaption class=\"wp-caption-text\">Stavba hrn\u010diarskej pece si vy\u017eaduje sk\u00fasenosti a zru\u010dnos\u0165 (foto M. Ruttkay)<\/figcaption><\/figure>\n<figure id=\"attachment_1406\" class=\"wp-caption alignleft\"><a href=\"http:\/\/archeol.sav.sk\/files\/DSC_0651.jpg\"><img decoding=\"async\" loading=\"lazy\" class=\"wp-image-1406\" src=\"http:\/\/archeol.sav.sk\/files\/DSC_0651-300x199.jpg\" sizes=\"(max-width: 350px) 100vw, 350px\" srcset=\"http:\/\/archeol.sav.sk\/files\/DSC_0651-300x199.jpg 300w, http:\/\/archeol.sav.sk\/files\/DSC_0651-768x509.jpg 768w, http:\/\/archeol.sav.sk\/files\/DSC_0651-1024x678.jpg 1024w\" alt=\"DSC_0651\" width=\"350\" height=\"232\" \/><\/a><figcaption class=\"wp-caption-text\">Zrekon\u0161truovan\u00e9 hrn\u010diarske pece<br \/>\n(foto M. Ruttkay)<\/figcaption><\/figure>\n<figure id=\"attachment_1402\" class=\"wp-caption alignleft\"><a href=\"http:\/\/archeol.sav.sk\/files\/Archeo_IMG_3076.jpg\"><img decoding=\"async\" loading=\"lazy\" class=\"wp-image-1402\" src=\"http:\/\/archeol.sav.sk\/files\/Archeo_IMG_3076-300x200.jpg\" sizes=\"(max-width: 350px) 100vw, 350px\" srcset=\"http:\/\/archeol.sav.sk\/files\/Archeo_IMG_3076-300x200.jpg 300w, http:\/\/archeol.sav.sk\/files\/Archeo_IMG_3076-768x512.jpg 768w, http:\/\/archeol.sav.sk\/files\/Archeo_IMG_3076-1024x683.jpg 1024w, http:\/\/archeol.sav.sk\/files\/Archeo_IMG_3076.jpg 1555w\" alt=\"Archeo_IMG_3076\" width=\"350\" height=\"233\" \/><\/a><figcaption class=\"wp-caption-text\">Mal\u00fd lukostrelec (foto E. \u010caprdov\u00e1)<\/figcaption><\/figure>\n<figure id=\"attachment_1403\" class=\"wp-caption alignleft\"><a href=\"http:\/\/archeol.sav.sk\/files\/DSC_0530.jpg\"><img decoding=\"async\" loading=\"lazy\" class=\"wp-image-1403\" src=\"http:\/\/archeol.sav.sk\/files\/DSC_0530-300x199.jpg\" sizes=\"(max-width: 350px) 100vw, 350px\" srcset=\"http:\/\/archeol.sav.sk\/files\/DSC_0530-300x199.jpg 300w, http:\/\/archeol.sav.sk\/files\/DSC_0530-768x509.jpg 768w, http:\/\/archeol.sav.sk\/files\/DSC_0530-1024x678.jpg 1024w\" alt=\"DSC_0530\" width=\"350\" height=\"232\" \/><\/a><figcaption class=\"wp-caption-text\">Poh\u013ead do vedeck\u00e9ho depozit\u00e1ra A\u00da SAV (foto M. Ruttkay)<\/figcaption><\/figure>\n<\/div>\n","protected":false},"excerpt":{"rendered":"<p>Otvorenie archeoparku \u2013 prim\u00e1tor Nitry J. Dvon\u010d a riadite\u013e A\u00da SAV M. Ruttkay (Foto: E. \u010caprdov\u00e1) Prv\u00e9 dni mesiaca j\u00fal s\u00fa v Nitre ka\u017edoro\u010dne v\u00a0znamen\u00ed podujat\u00ed organizovan\u00fdch v\u00a0r\u00e1mci osl\u00e1v Nitra, mil\u00e1 Nitra 2016 \u2013 Pribinove a Cyrilo-metodsk\u00e9 sl\u00e1vnosti. Ich v\u00fdznamnou s\u00fa\u010das\u0165ou s\u00fa pravidelne vedecko-populariza\u010dn\u00e9 aktivity Archeologick\u00e9ho \u00fastavu SAV, jedn\u00e9ho z\u00a0hlavn\u00fdch spoluusporiadate\u013eov. U\u017e cez v\u00edkend si &#8230; <a class=\"read-more\" href=\"https:\/\/archeol.sav.sk\/index.php\/en\/archeopark-nitra-3\/\">\u010c\u00edtajte viac<\/a><\/p>\n","protected":false},"author":2,"featured_media":0,"parent":0,"menu_order":0,"comment_status":"closed","ping_status":"closed","template":"","meta":[],"_links":{"self":[{"href":"https:\/\/archeol.sav.sk\/index.php\/wp-json\/wp\/v2\/pages\/1771"}],"collection":[{"href":"https:\/\/archeol.sav.sk\/index.php\/wp-json\/wp\/v2\/pages"}],"about":[{"href":"https:\/\/archeol.sav.sk\/index.php\/wp-json\/wp\/v2\/types\/page"}],"author":[{"embeddable":true,"href":"https:\/\/archeol.sav.sk\/index.php\/wp-json\/wp\/v2\/users\/2"}],"replies":[{"embeddable":true,"href":"https:\/\/archeol.sav.sk\/index.php\/wp-json\/wp\/v2\/comments?post=1771"}],"version-history":[{"count":5,"href":"https:\/\/archeol.sav.sk\/index.php\/wp-json\/wp\/v2\/pages\/1771\/revisions"}],"predecessor-version":[{"id":1781,"href":"https:\/\/archeol.sav.sk\/index.php\/wp-json\/wp\/v2\/pages\/1771\/revisions\/1781"}],"wp:attachment":[{"href":"https:\/\/archeol.sav.sk\/index.php\/wp-json\/wp\/v2\/media?parent=1771"}],"curies":[{"name":"wp","href":"https:\/\/api.w.org\/{rel}","templated":true}]}}