{"id":1749,"date":"2016-10-08T15:28:27","date_gmt":"2016-10-08T13:28:27","guid":{"rendered":"http:\/\/archeol.sav.sk\/?page_id=1749"},"modified":"2023-11-16T11:58:43","modified_gmt":"2023-11-16T09:58:43","slug":"organizational-structure","status":"publish","type":"page","link":"https:\/\/archeol.sav.sk\/index.php\/en\/organizational-structure\/","title":{"rendered":"Organizational structure"},"content":{"rendered":"<p><strong>Structure of the IA SAS<\/strong><\/p>\n<h2>Management of the Institute of Archaeology SAS in Nitra<\/h2>\n<p><strong>Director of the IA SAS:<\/strong><\/p>\n<p><b>Doc. PhDr. Matej Ruttkay, CSc.<\/b><br \/>\n<b>Tel.:<\/b> 037\/6410051<br \/>\n<b>Fax:<\/b> 037\/7335618<br \/>\n<b>E-mail:<\/b> <a href=\"mailto:matej.ruttkay@savba.sk\">matej.ruttkay@savba.sk<\/a><\/p>\n<h3>1. Deputy director:<\/h3>\n<p><b>PhDr. Karol Pieta, DrSc.<\/b><br \/>\n<b>Tel.:<\/b> 037\/6943211<br \/>\n<b>Fax:<\/b> 037\/7335618<br \/>\n<b>E-mail:<\/b> <a href=\"mailto:karol.pieta@savba.sk\">karol.pieta@savba.sk<\/a><\/p>\n<h3>2. Deputy director:<\/h3>\n<p><strong>Mgr. Lucia Benedikov\u00e1, PhD.<\/strong><\/p>\n<p><b>Tel.:<\/b> 037\/6943211<br \/>\n<b>Fax:<\/b> 037\/7335618<br \/>\n<b>E-mail:<\/b> <a href=\"mailto:nraubene@savba.sk\">nraubene@savba.sk<\/a><\/p>\n<h3>Scientific secretary:<\/h3>\n<p><b>PhDr. Klaudia Da\u0148ov\u00e1, PhD.<\/b><br \/>\n<b>Tel.:<\/b> 037\/6943400<br \/>\n<b>Fax:<\/b> 037\/7335618<br \/>\n<b>E-mail:<\/b> <a href=\"mailto:klaudia.danova@savba.sk\">klaudia.danova@savba.sk<\/a><\/p>\n<p>&nbsp;<\/p>\n<h2>Secretariat of the Institute of Archaeology SAS in Nitra<\/h2>\n<h3>Organizational secretary:<\/h3>\n<p><strong>Mgr. Michaela Jan\u010dov\u00e1<\/strong><\/p>\n<p><strong>Tel.:<\/strong> <a>+421 904 138 238<\/a><br \/>\n+421 37 6943 137<br \/>\n<strong>E-mail: <a href=\"mailto:michaela.slovakova@savba.sk\">michaela.slovakova@savba.sk<\/a><\/strong><\/p>\n<h3>Secretariat:<\/h3>\n<p><b>Mgr. Ivana \u0160pot\u00e1kov\u00e1<\/b><br \/>\n<b>Tel.:<\/b> 037\/6410051<br \/>\n<b>Fax:<\/b> 037\/7335618<br \/>\n<b>E-mail:<\/b> <a href=\"mailto:nrausekr@savba.sk\">nrausekr@savba.sk<\/a><\/p>\n<p>&nbsp;<\/p>\n<h2>The Scientific Board of the Institute of Archaeology SAS in Nitra<\/h2>\n<h3>Chairwoman:<\/h3>\n<p style=\"text-align: justify;\"><span style=\"text-align: start;\">PhDr. Vladim\u00edr Mit\u00e1\u0161, PhD.<\/span><\/p>\n<p style=\"text-align: justify;\"><b>E-mail: <\/b><a href=\"mailto:vladimir.mitas@savba.sk\">vladimir.mitas@savba.sk<\/a><\/p>\n<p><strong>Vice-chairman:<\/strong><\/p>\n<p>Mgr. Branislav Kov\u00e1r, PhD.<\/p>\n<p>&nbsp;<\/p>\n<p><strong>Members of the academic community:<\/strong><\/p>\n<p>Mgr. M\u00e1rio Bielich, PhD.<\/p>\n<p>PhDr. Gabriel Fusek, CSc.<\/p>\n<p>Mgr. R\u00f3bert Mal\u010dek, PhD.,<\/p>\n<p>&nbsp;<\/p>\n<p><strong>External members:<\/strong><\/p>\n<p>doc. Mgr. Zuzana Borzov\u00e1, PhD.<\/p>\n<p>Mgr. Radoslav \u010cambal, PhD.<\/p>\n<p>&nbsp;<\/p>\n","protected":false},"excerpt":{"rendered":"<p>Structure of the IA SAS Management of the Institute of Archaeology SAS in Nitra Director of the IA SAS: Doc. PhDr. Matej Ruttkay, CSc. Tel.: 037\/6410051 Fax: 037\/7335618 E-mail: matej.ruttkay@savba.sk 1. Deputy director: PhDr. Karol Pieta, DrSc. Tel.: 037\/6943211 Fax: 037\/7335618 E-mail: karol.pieta@savba.sk 2. Deputy director: Mgr. Lucia Benedikov\u00e1, PhD. Tel.: 037\/6943211 Fax: 037\/7335618 E-mail: &#8230; <a class=\"read-more\" href=\"https:\/\/archeol.sav.sk\/index.php\/en\/organizational-structure\/\">\u010c\u00edtajte viac<\/a><\/p>\n","protected":false},"author":2,"featured_media":0,"parent":0,"menu_order":0,"comment_status":"closed","ping_status":"closed","template":"","meta":[],"_links":{"self":[{"href":"https:\/\/archeol.sav.sk\/index.php\/wp-json\/wp\/v2\/pages\/1749"}],"collection":[{"href":"https:\/\/archeol.sav.sk\/index.php\/wp-json\/wp\/v2\/pages"}],"about":[{"href":"https:\/\/archeol.sav.sk\/index.php\/wp-json\/wp\/v2\/types\/page"}],"author":[{"embeddable":true,"href":"https:\/\/archeol.sav.sk\/index.php\/wp-json\/wp\/v2\/users\/2"}],"replies":[{"embeddable":true,"href":"https:\/\/archeol.sav.sk\/index.php\/wp-json\/wp\/v2\/comments?post=1749"}],"version-history":[{"count":6,"href":"https:\/\/archeol.sav.sk\/index.php\/wp-json\/wp\/v2\/pages\/1749\/revisions"}],"predecessor-version":[{"id":6824,"href":"https:\/\/archeol.sav.sk\/index.php\/wp-json\/wp\/v2\/pages\/1749\/revisions\/6824"}],"wp:attachment":[{"href":"https:\/\/archeol.sav.sk\/index.php\/wp-json\/wp\/v2\/media?parent=1749"}],"curies":[{"name":"wp","href":"https:\/\/api.w.org\/{rel}","templated":true}]}}