{"id":1740,"date":"2016-10-08T10:56:08","date_gmt":"2016-10-08T08:56:08","guid":{"rendered":"http:\/\/archeol.sav.sk\/?page_id=1740"},"modified":"2016-10-08T10:56:08","modified_gmt":"2016-10-08T08:56:08","slug":"directive-of-the-sas-on-publication-activity","status":"publish","type":"page","link":"https:\/\/archeol.sav.sk\/index.php\/en\/directive-of-the-sas-on-publication-activity\/","title":{"rendered":"Directive of the SAS on publication activity"},"content":{"rendered":"<div class=\"entry-content\">\n<p>Smernica SAV \u010d. 303\/A\/2015 o evidencii a kategoriz\u00e1ci\u00ed publika\u010dnej \u010dinnosti a ohlasov:<\/p>\n<p><a href=\"http:\/\/archeol.sav.sk\/files\/Smernica-SAV_EPCA_2015-05-15-1.pdf\">Smernica SAV<\/a><\/p>\n<\/div>\n","protected":false},"excerpt":{"rendered":"<p>Smernica SAV \u010d. 303\/A\/2015 o evidencii a kategoriz\u00e1ci\u00ed publika\u010dnej \u010dinnosti a ohlasov: Smernica SAV<\/p>\n","protected":false},"author":2,"featured_media":0,"parent":0,"menu_order":0,"comment_status":"closed","ping_status":"closed","template":"","meta":[],"_links":{"self":[{"href":"https:\/\/archeol.sav.sk\/index.php\/wp-json\/wp\/v2\/pages\/1740"}],"collection":[{"href":"https:\/\/archeol.sav.sk\/index.php\/wp-json\/wp\/v2\/pages"}],"about":[{"href":"https:\/\/archeol.sav.sk\/index.php\/wp-json\/wp\/v2\/types\/page"}],"author":[{"embeddable":true,"href":"https:\/\/archeol.sav.sk\/index.php\/wp-json\/wp\/v2\/users\/2"}],"replies":[{"embeddable":true,"href":"https:\/\/archeol.sav.sk\/index.php\/wp-json\/wp\/v2\/comments?post=1740"}],"version-history":[{"count":1,"href":"https:\/\/archeol.sav.sk\/index.php\/wp-json\/wp\/v2\/pages\/1740\/revisions"}],"predecessor-version":[{"id":1741,"href":"https:\/\/archeol.sav.sk\/index.php\/wp-json\/wp\/v2\/pages\/1740\/revisions\/1741"}],"wp:attachment":[{"href":"https:\/\/archeol.sav.sk\/index.php\/wp-json\/wp\/v2\/media?parent=1740"}],"curies":[{"name":"wp","href":"https:\/\/api.w.org\/{rel}","templated":true}]}}