{"id":1656,"date":"2016-10-08T09:00:56","date_gmt":"2016-10-08T07:00:56","guid":{"rendered":"http:\/\/archeol.sav.sk\/?page_id=1656"},"modified":"2024-05-24T15:15:05","modified_gmt":"2024-05-24T13:15:05","slug":"editions-published-by-the-archaeological-institute-sas","status":"publish","type":"page","link":"https:\/\/archeol.sav.sk\/index.php\/en\/publications\/editions-published-by-the-archaeological-institute-sas\/","title":{"rendered":"Editorial activities of the SAS Institute of Archaeology"},"content":{"rendered":"<p>SAS Institute of Archaeology editorial activity is operated and coordinated by the SAS Institute of Archaeology Editorial Board.<\/p>\n<p>The Institute of Archaeology publishes two peer-reviewed scientific periodicals \u2013 <strong>Slovensk\u00e1 archeol\u00f3gia<\/strong> a <strong>\u0160tudijn\u00e9 zvesti A\u00da SAV<\/strong> \u2013 that are issued twice a\u00a0year with irregular periodicity of supplement volumes for both. Periodical <strong>Archeologick\u00e9 v\u00fdskumy a\u00a0n\u00e1lezy na Slovensku<\/strong> is published once a\u00a0year, and periodical <strong>V\u00fdchodoslovensk\u00fd pravek<\/strong> is published irregularly.<\/p>\n<p>Monographs are published in monographic series, each under the supervision of a chief editor: <strong>Archaeologica Slovaca Monographiae<\/strong> \u2013 <strong><em>Studia, Fontes, Catalogi, Communicationes, Varia<\/em><\/strong>; <strong>Acta Interdisciplinaria Archaeologica<\/strong>; <strong>Archeologick\u00e9 pam\u00e4tn\u00edky Slovenska\/Monumenta Archaeologica Slovaciae<\/strong>.<\/p>\n<p>Thematic series <strong>Archaeologica Slovaca Monographiae<\/strong> <strong><em>\u2013 Star\u00e9 Slovensko<\/em><\/strong> does not have any permanent chief editor, and series <strong>Materialia Archaeologica Slovaca<\/strong> was closed.<\/p>\n<p><strong><em>\u00a0<\/em><\/strong><\/p>\n<p><strong>SAS Institute of Archaeology Editorial Board members<\/strong><\/p>\n<p><strong><em>Mgr. Lucia Benedikov\u00e1, PhD.<\/em><\/strong> (Editorial Board chairperson, chief editor of the series Archaeologica Slovaca Monographiae \u2013 Fontes and of the series Archeologick\u00e9 pam\u00e4tn\u00edky Slovenska\/Monumenta Archaeologica Slovaciae)<\/p>\n<p><strong><em>PhDr. Peter Bedn\u00e1r, CSc.<\/em><\/strong><\/p>\n<p><strong><em>PhDr. <\/em><\/strong><strong><em>Alena Bist\u00e1kov\u00e1, PhD.<\/em><\/strong> (chief editor of the series Acta Interdisciplinaria Archaeologica and\u00a0chief editor of the journal \u0160tudijn\u00e9 zvesti A\u00da SAV)<\/p>\n<p><strong><em>Mgr. Pavol Bobek, PhD.<\/em><\/strong> (chief editor of the journal Slovensk\u00e1 archeol\u00f3gia)<\/p>\n<p><strong><em>doc. PhDr. Gertr\u00fada B\u0159ezinov\u00e1, CSc.<\/em><\/strong> (chief editor of the journal \u0160tudijn\u00e9 zvesti A\u00da SAV)<\/p>\n<p><strong><em>PhDr. Klaudia Da\u0148ov\u00e1, PhD.<\/em><\/strong> (chief editor of the series Archaeologica Slovaca Monographiae \u2013 Catalogi and chief editor of the periodical Archeologick\u00e9 v\u00fdskumy a\u00a0n\u00e1lezy na Slovensku)<\/p>\n<p><strong><em>PhDr. Gabriel Fusek, CSc.<\/em><\/strong><\/p>\n<p><strong><em>PhDr. Ivan Cheben, CSc.<\/em><\/strong> (chief editor of the periodical Archeologick\u00e9 v\u00fdskumy a\u00a0n\u00e1lezy na Slovensku)<\/p>\n<p><strong><em>Mgr. Branislav Kov\u00e1r, PhD.<\/em><\/strong> (chief editor of the series Archaeologica Slovaca Monographiae \u2013 Communicationes)<\/p>\n<p><strong><em>Mgr. Dominika Oravkinov\u00e1, PhD.<\/em><\/strong> (chief editor of the periodical Archeologick\u00e9 v\u00fdskumy a\u00a0n\u00e1lezy na Slovensku)<\/p>\n<p><strong><em>PhDr. Karol Pieta, DrSc.<\/em><\/strong><\/p>\n<p><strong><em>doc. PhDr. Matej Ruttkay, CSc.<\/em><\/strong> (chief editor of the series Archaeologica Slovaca Monographiae \u2013 Studia and of the series Archaeologica Slovaca Monographiae \u2013 Varia)<\/p>\n<p><strong><em>Mgr. Marek Vojte\u010dek, PhD.<\/em><\/strong><\/p>\n<p>&nbsp;<\/p>\n<p><a href=\"http:\/\/archeol.sav.sk\/files\/edicie_na-web.pdf\">Monographic series published by the SAS Institute of Archaeology (download here)<\/a><\/p>\n<p>&nbsp;<\/p>\n","protected":false},"excerpt":{"rendered":"<p>SAS Institute of Archaeology editorial activity is operated and coordinated by the SAS Institute of Archaeology Editorial Board. The Institute of Archaeology publishes two peer-reviewed scientific periodicals \u2013 Slovensk\u00e1 archeol\u00f3gia a \u0160tudijn\u00e9 zvesti A\u00da SAV \u2013 that are issued twice a\u00a0year with irregular periodicity of supplement volumes for both. Periodical Archeologick\u00e9 v\u00fdskumy a\u00a0n\u00e1lezy na Slovensku &#8230; <a class=\"read-more\" href=\"https:\/\/archeol.sav.sk\/index.php\/en\/publications\/editions-published-by-the-archaeological-institute-sas\/\">\u010c\u00edtajte viac<\/a><\/p>\n","protected":false},"author":3,"featured_media":0,"parent":1449,"menu_order":1,"comment_status":"closed","ping_status":"closed","template":"","meta":[],"_links":{"self":[{"href":"https:\/\/archeol.sav.sk\/index.php\/wp-json\/wp\/v2\/pages\/1656"}],"collection":[{"href":"https:\/\/archeol.sav.sk\/index.php\/wp-json\/wp\/v2\/pages"}],"about":[{"href":"https:\/\/archeol.sav.sk\/index.php\/wp-json\/wp\/v2\/types\/page"}],"author":[{"embeddable":true,"href":"https:\/\/archeol.sav.sk\/index.php\/wp-json\/wp\/v2\/users\/3"}],"replies":[{"embeddable":true,"href":"https:\/\/archeol.sav.sk\/index.php\/wp-json\/wp\/v2\/comments?post=1656"}],"version-history":[{"count":15,"href":"https:\/\/archeol.sav.sk\/index.php\/wp-json\/wp\/v2\/pages\/1656\/revisions"}],"predecessor-version":[{"id":7070,"href":"https:\/\/archeol.sav.sk\/index.php\/wp-json\/wp\/v2\/pages\/1656\/revisions\/7070"}],"up":[{"embeddable":true,"href":"https:\/\/archeol.sav.sk\/index.php\/wp-json\/wp\/v2\/pages\/1449"}],"wp:attachment":[{"href":"https:\/\/archeol.sav.sk\/index.php\/wp-json\/wp\/v2\/media?parent=1656"}],"curies":[{"name":"wp","href":"https:\/\/api.w.org\/{rel}","templated":true}]}}