{"id":1584,"date":"2016-09-12T10:05:05","date_gmt":"2016-09-12T08:05:05","guid":{"rendered":"http:\/\/archeol.sav.sk\/?page_id=1584"},"modified":"2025-02-23T20:21:38","modified_gmt":"2025-02-23T18:21:38","slug":"konferencie","status":"publish","type":"page","link":"https:\/\/archeol.sav.sk\/index.php\/sk\/konferencie\/","title":{"rendered":"Konferencie"},"content":{"rendered":"<p class=\"entry-title\">Konferencie organizovan\u00e9 Archeologick\u00fdm \u00fastavom SAV v Nitre<\/p>\n<p>2025:<\/p>\n<p><a href=\"https:\/\/archeol.sav.sk\/index.php\/sk\/29-medzinarodna-\u2026-strednej-europe\/\">29. medzin\u00e1rodn\u00e1 konferencia Star\u0161ia a stredn\u00e1 doba bronzov\u00e1 v strednej Eur\u00f3pe<\/a><\/p>\n<p class=\"entry-title\">2016:<\/p>\n<p class=\"entry-title\" style=\"text-align: left;\"><a href=\"http:\/\/archeol.sav.sk\/index.php\/sk\/2016\/09\/12\/archaologische-studien-zum-fruhen-mittelalter\/\">Arch\u00e4ologische Studien zum fr\u00fchen Mittelalter<\/a><\/p>\n<p style=\"text-align: left;\"><a href=\"http:\/\/archeol.sav.sk\/index.php\/sk\/2016\/09\/06\/multiple-femininities-multiple-masculinities-the-diversity-of-gendered-identities-in-the-bronze-and-iron-ages\/\">Multiple femininities \u2013 multiple masculinities the diversity of gendered identities in the Bronze and Iron Ages<\/a><\/p>\n<p style=\"text-align: left;\"><a href=\"http:\/\/archeol.sav.sk\/index.php\/sk\/2016\/05\/30\/kelti-2016-na-strednom-povazi\/\">Hradisk\u00e1 zo strednej a neskorej doby lat\u00e9nskej a ich z\u00e1zemie<\/a><\/p>\n<p style=\"text-align: left;\"><a href=\"http:\/\/archeol.sav.sk\/index.php\/sk\/2016\/05\/19\/40-rokov-sustavneho-archeologickeho-vyskumu-na-spisi\/\">40 rokov s\u00fastavn\u00e9ho archeologick\u00e9ho v\u00fdskumu na Spi\u0161i<\/a><\/p>\n","protected":false},"excerpt":{"rendered":"<p>Konferencie organizovan\u00e9 Archeologick\u00fdm \u00fastavom SAV v Nitre 2025: 29. medzin\u00e1rodn\u00e1 konferencia Star\u0161ia a stredn\u00e1 doba bronzov\u00e1 v strednej Eur\u00f3pe 2016: Arch\u00e4ologische Studien zum fr\u00fchen Mittelalter Multiple femininities \u2013 multiple masculinities the diversity of gendered identities in the Bronze and Iron Ages Hradisk\u00e1 zo strednej a neskorej doby lat\u00e9nskej a ich z\u00e1zemie 40 rokov s\u00fastavn\u00e9ho archeologick\u00e9ho &#8230; <a class=\"read-more\" href=\"https:\/\/archeol.sav.sk\/index.php\/sk\/konferencie\/\">\u010c\u00edtajte viac<\/a><\/p>\n","protected":false},"author":2,"featured_media":0,"parent":0,"menu_order":0,"comment_status":"closed","ping_status":"closed","template":"","meta":[],"_links":{"self":[{"href":"https:\/\/archeol.sav.sk\/index.php\/wp-json\/wp\/v2\/pages\/1584"}],"collection":[{"href":"https:\/\/archeol.sav.sk\/index.php\/wp-json\/wp\/v2\/pages"}],"about":[{"href":"https:\/\/archeol.sav.sk\/index.php\/wp-json\/wp\/v2\/types\/page"}],"author":[{"embeddable":true,"href":"https:\/\/archeol.sav.sk\/index.php\/wp-json\/wp\/v2\/users\/2"}],"replies":[{"embeddable":true,"href":"https:\/\/archeol.sav.sk\/index.php\/wp-json\/wp\/v2\/comments?post=1584"}],"version-history":[{"count":15,"href":"https:\/\/archeol.sav.sk\/index.php\/wp-json\/wp\/v2\/pages\/1584\/revisions"}],"predecessor-version":[{"id":7567,"href":"https:\/\/archeol.sav.sk\/index.php\/wp-json\/wp\/v2\/pages\/1584\/revisions\/7567"}],"wp:attachment":[{"href":"https:\/\/archeol.sav.sk\/index.php\/wp-json\/wp\/v2\/media?parent=1584"}],"curies":[{"name":"wp","href":"https:\/\/api.w.org\/{rel}","templated":true}]}}