{"id":1566,"date":"2016-09-06T15:34:29","date_gmt":"2016-09-06T13:34:29","guid":{"rendered":"http:\/\/archeol.sav.sk\/?page_id=1566"},"modified":"2021-04-15T13:30:35","modified_gmt":"2021-04-15T11:30:35","slug":"process-and-regularities-of-settlement-development-in-mountain-and-foothill-regions-of-western-slovakia","status":"publish","type":"page","link":"https:\/\/archeol.sav.sk\/index.php\/en\/contact\/research\/process-and-regularities-of-settlement-development-in-mountain-and-foothill-regions-of-western-slovakia\/","title":{"rendered":"Process and regularities of settlement development in mountain and foothill regions of Western Slovakia"},"content":{"rendered":"<p><strong>Responsible person: <\/strong> Igor Bazovsk\u00fd\/Gertr\u00fada B\u0159ezinov\u00e1<\/p>\n<p><strong>Project duration:\u00a0<\/strong> 1.7.2016 \/ 30.6.2020<\/p>\n<p><strong>Registration number: <\/strong>APVV-15-0491<\/p>\n<p><strong>Coordinator: <\/strong>Slovak National Museum<\/p>\n<p><strong>Cooperating organization<\/strong>: Institute of Archaeology of Slovak Academy of Science<\/p>\n<p><strong>Key words:<\/strong> Western Slovakia, prehistory and early historical period, proces and regularities of settlement development, mountain and foothill regions, communications, interdisciplinary outputs<strong><br \/>\n<\/strong><\/p>\n<p><img decoding=\"async\" loading=\"lazy\" class=\"size-medium wp-image-1563 alignright\" src=\"http:\/\/archeol.sav.sk\/files\/P1270962-300x225.jpg\" alt=\"P1270962\" width=\"300\" height=\"225\" srcset=\"https:\/\/archeol.sav.sk\/files\/P1270962-300x225.jpg 300w, https:\/\/archeol.sav.sk\/files\/P1270962-768x576.jpg 768w, https:\/\/archeol.sav.sk\/files\/P1270962-1024x768.jpg 1024w\" sizes=\"(max-width: 300px) 100vw, 300px\" \/>Understanding and comparison of regularities of settlement development within mountain and foothill regions of Western Carpathians within Western Slovakia during prehistory and early historical period. Understanding and comparison of settlement structure and recognition of settlement differencies in both landscape<br \/>\ntypes. <strong>Definition of turning points of settlement development and (for early historical period) an attempt of their correlation with known historical events. <\/strong>Systematic sampling of selected finding complexes and sites for the needs of absolute chronology as well as other cooperating disciplines with an objective to know and define raw material and environmental background within both investigated landscape types. Mapping the communication lines connecting individual microregions and regions within selected space as well as individual regions with neighbouring territories. On the territory of the Western Slovakia the followed objectives will be solved within the regions of Z\u00e1horie, Little Carpathians, middle V\u00e1h valley, middle and upper Nitra valley, and Danubian Lowland.\u00a0 <a href=\"http:\/\/archeol.sav.sk\/index.php\/sk\/kontakt\/vyskum\/projekty-apvv\/proces-a-zakonitosti-osidlenia-horskych-a-podhorskych-oblasti-zapadneho-slovenska\/\"><img decoding=\"async\" loading=\"lazy\" class=\"alignnone wp-image-1571\" src=\"http:\/\/archeol.sav.sk\/files\/vlajka-300x200.gif\" alt=\"vlajka\" width=\"30\" height=\"20\" \/><\/a><\/p>\n<p><a href=\"http:\/\/archeol.sav.sk\/index.php\/sk\/konferencie-2\/\">Conference<\/a><\/p>\n<p>&nbsp;<\/p>\n<p><strong>Literature<\/strong><\/p>\n<p><a href=\"http:\/\/archeol.sav.sk\/files\/Poklady-z-Mal\u00fdch-Karp\u00e1t.-N\u00e1lezy-z-vrchov-a-n\u00ed\u017ein.-Katal\u00f3g-v\u00fdstavy.-Bratislava-2020.pdf\">Poklady z Mal\u00fdch Karp\u00e1t. N\u00e1lezy z vrchov a n\u00ed\u017ein. Katal\u00f3g v\u00fdstavy. Bratislava 2020<\/a><\/p>\n<p><a href=\"https:\/\/www.snm.sk\/swift_data\/source\/archeologicke_muzeum\/supplenenta\/12\/12.htm\">BAZOVSK\u00dd, I.\/B\u0158EZINOV\u00c1, G.: \u013dudia a hory \u2013 archeologick\u00e1 perspekt\u00edva. Interakcie \u013eudsk\u00fdch spolo\u010denstiev horsk\u00fdch a podhorsk\u00fdch oblast\u00ed z\u00e1padn\u00e9ho Slovenska. Zborn\u00edk Slovensk\u00e9ho n\u00e1rodn\u00e9ho m\u00fazea Archeol\u00f3gia\u00a0Supplementum 12, 2019.\u00a0<\/a><\/p>\n<p><a href=\"http:\/\/archeol.sav.sk\/files\/10.-Bazovsk%C3%BD.pdf\">BAZOVSK\u00dd, I.: S\u00fa\u010dasti astrag\u00e1lov\u00fdch opaskov z juhoz\u00e1padn\u00e9ho Slovenska.\u00a0ZbSNM CX, Archeol\u00f3gia 26, 2016, 120-124.<\/a><\/p>\n<p><a href=\"http:\/\/archeol.sav.sk\/files\/Bazovsk%C3%BD_2017_Bojovn%C3%ADcky-hrob...pdf\">BAZOVSK\u00dd, I.: Bojovn\u00edcky hrob z\u00a0C\u00edfera (?) a\u00a0po\u010diatky germ\u00e1nskeho os\u00eddlenia Slovenska \u0160tudijn\u00e9 Zvesti A\u00da SAV, 61, 2017, Nitra 2017, 13-19.<\/a><\/p>\n<p><a href=\"http:\/\/archeol.sav.sk\/files\/6.-Benedikov%C3%A1.pdf\">BENEDIKOV\u00c1, L.: N\u00e1lezy z Vr\u0161atsk\u00e9ho Podhradia v kontexte os\u00eddlenia stredn\u00e9ho Pova\u017eia v neskorej dobe bronzovej. ZbSNM CX, Archeol\u00f3gia 26, 2016, 59-71.<\/a><\/p>\n<p><span lang=\"DE\">BENEDIKOV\u00c1, L.: Kulturkontakte des slowakischen Teils der Westkarpaten w\u00e4hrend der Hallstattzeit. In: E. Miro\u0161\u0161ayov\u00e1\/Ch. Pare\/S. Stegmann-Rajt\u00e1r (Hrsg.): Das n\u00f6rdliche Karpatenbecken in der Hallstattzeit : Wirtschaft, Handel und Kommunikation in fr\u00fcheisenzeitlichen Gesellschaften zwischen Ostalpen und Westpannonien. Budapest 2017, 335-382.<\/span><\/p>\n<p><u>BENEDIKOV\u00c1, L.\/<\/u>HOR\u0147\u00c1K, M. (zost.) In S\u00eddla, artefakty a \u010das\u2026 : Zborn\u00edk \u0161t\u00fadi\u00ed o dobe bronzovej a dobe hal\u0161tatskej k 75. narodenin\u00e1m Ladislava Velia\u010dika. Nitra ; Vr\u00fatky 2018.<\/p>\n<p>BENEDIKOV\u00c1, L. Bibliografia Ladislava Velia\u010dika. In S\u00eddla, artefakty a \u010das\u2026 : Zborn\u00edk \u0161t\u00fadi\u00ed o dobe bronzovej a dobe hal\u0161tatskej k 75. narodenin\u00e1m Ladislava Velia\u010dika. \u2013 Nitra; Vr\u00fatky 2018. 17-24.<\/p>\n<p><u>BENEDIKOV\u00c1, L.<\/u>\u00a0\/HOR\u0147\u00c1K, M.. Ladislav Velia\u010dik \u2013 jubiluj\u00faca osobnos\u0165 slovenskej archeol\u00f3gie = Ladislav Velia\u010dik \u2013 Honouree of Slovak Archaeology. In S\u00eddla, artefakty a \u010das\u2026 : Zborn\u00edk \u0161t\u00fadi\u00ed o dobe bronzovej a dobe hal\u0161tatskej k 75. narodenin\u00e1m Ladislava Velia\u010dika. Nitra; Vr\u00fatky 2018. 11-14.<\/p>\n<p><a href=\"http:\/\/archeol.sav.sk\/files\/ARCHAEOFAUNAL_REMAINS_FROM_THE_ROMAN_PER.pdf\">BIELICHOV\u00c1, Z.: Archaeofaunal remains from the roman period settlement pit in Trnava-Horn\u00e9 pole, Southwestern Slovakia. In Zborn\u00edk Slovensk\u00e9ho n\u00e1rodn\u00e9ho m\u00fazea : Pr\u00edrodn\u00e9 vedy, 2017, ro\u010d. LXIII, 111-134.<\/a><\/p>\n<p><a href=\"http:\/\/archeol.sav.sk\/files\/03_Bielichova.pdf\">BIELICHOV\u00c1, Z.:<\/a> <a href=\"http:\/\/archeol.sav.sk\/files\/03_Bielichova.pdf\">Archaeozoology of the Late Roman Period Settlement at Ve\u013ek\u00e9 Z\u00e1lu\u017eie in the Context of Regional Data. Slovensk\u00e1 archeol\u00f3gia LXVII-1, 2019, 61-112.<\/a><\/p>\n<p><a href=\"http:\/\/archeol.sav.sk\/files\/Bielichova-Labuda.pdf\">BIELICHOV\u00c1, Z.\/ LABUDA, J.: N\u00e1lezy zvierac\u00edch kost\u00ed z v\u00fdskumu Glanzenbergu tzv. Star\u00e9ho mesta v Banskej \u0160tiavnici.\u00a0Zborn\u00edk Slovensk\u00e9ho bansk\u00e9ho m\u00fazea XXV, Bansk\u00e1 \u0160tiavnica 2017, 30-69.<\/a><\/p>\n<p><a href=\"http:\/\/archeol.sav.sk\/files\/Slovensk%C3%A1-Antropol%C3%B3gia_19_2.pdf\">BODORIKOV\u00c1, s.\/ T\u00d3TH, P.\/ BIELICHOV\u00c1, Z.:\u00a0Kostrov\u00fd n\u00e1lez z Hronoviec (okr. Levice, Slovensko) datovan\u00fd do obdobia eneolitu.\u00a0Slov. Antropol. 19(2), 2016, 31-43.<\/a><\/p>\n<p><a href=\"http:\/\/archeol.sav.sk\/files\/B%C5%98EZINOV%C3%81-Celtic-glass-from-selected-hilly-locations-in-Slovakia.pdf\">B\u0158EZINOV\u00c1, G.: Keltsk\u00e9 sklo z vybran\u00fdch v\u00fd\u0161inn\u00fdch pol\u00f4h na Slovensku. In: K. Harmadyov\u00e1 (zost.): Zborn\u00edk k \u017eivotn\u00e9mu jubileu V. Plachej. Bratislava 2017, 45-61.<\/a><\/p>\n<p><a href=\"http:\/\/archeol.sav.sk\/index.php\/2019\/01\/12\/vysli-tri-nove-archeologicke-knihy\/#more-4250\">B\u0158EZINOV\u00c1, G.: \u0160perk zo skla a sapropelitu u Keltov na Slovensku = Glass and sapropelite jewels of the Celts in Slovakia. Nitra 2018.\u00a0<\/a><\/p>\n<p>B\u0158EZINOV\u00c1, G.: Nitriansky hradn\u00fd kopec a jeho z\u00e1zemie pred zmenou letopo\u010dtu In 30 rokov v\u00fdskumu Nitrianskeho hradu : Program a zborn\u00edk abstraktov. Peter Bedn\u00e1r (zostavovate\u013e). Nitra 2018, 2.<\/p>\n<p>B\u0158EZINOV\u00c1, G.: The late La T\u00e8ne settlement features in Bernol\u00e1kovo, distr. Senec, Slovakia. In Keltov\u00e9 : 19. mezin\u00e1rodn\u00ed konference Doba lat\u00e9nsk\u00e1 ve st\u0159edn\u00ed Evrop\u011b (Praha 9.5. 2018). \u2013 Praha 2018, nestr.<\/p>\n<p><a href=\"http:\/\/archeol.sav.sk\/files\/Brezinova_Chropovsky-2020-Sidlisk_z_doby_Lat_1.pdf\">B\u0158EZINOV\u00c1, G.: S\u00eddlisk\u00e1 z doby lat\u00e9nskej v Nitre. Nitra 2020.\u00a0<\/a><\/p>\n<p><a href=\"https:\/\/www.academia.edu\/36107913\/Budaj_%C4%8Cambal_2017_P%C3%A4%C5%A5_minc%C3%AD_typu_Rosledorf-N%C4%9Bm%C4%8Dice_z_okolia_Trnavy._Five_coins_of_the_Roseldorf_N%C4%9Bm%C4%8Dice_type_from_around_Trnava._In._Denarius_6_2017_5-7.pdf\">BUDAJ, M.\/\u010cAMBAL, R. 2017: P\u00e4\u0165 minc\u00ed typu Roseldorf-N\u011bm\u010dice z okolia Trnavy. In. Denarius 6, 2017, 5-7 (vy\u0161lo v\u00a0roku 2018).<\/a><\/p>\n<p><a href=\"http:\/\/archeol.sav.sk\/files\/Cambal_2016_Keltske_mince_typu_Roseldorf.pdf\">\u010cAMBAL, R.: Keltsk\u00e9 mince typu Roseldorf\/N\u011bm\u010dice zo Smolenick\u00e9ho Molp\u00edra. Numizmatka 26, 2016, 12-15.<\/a><\/p>\n<p><a href=\"http:\/\/archeol.sav.sk\/files\/9.-%C4%8Cambal-1.pdf\">\u010cAMBAL, R.: V\u010dasnolat\u00e9nske spony z Horn\u00fdch Ore\u0161ian a Slep\u00e9ho vrch.\u00a0ZbSNM CX, Archeol\u00f3gia 26, 2016, 109-118.<\/a><\/p>\n<p><a href=\"http:\/\/archeol.sav.sk\/files\/11.-%C4%8Cambal-2.pdf\">\u010cAMBAL, R.: Sp\u00e4tlat\u00e8nezeitliche jochendbeschl\u00e4ge aus dem gebier von Bratislava. ZbSNM CX, Archeol\u00f3gia 26, 2016, 125-132.<\/a><\/p>\n<p><a href=\"http:\/\/archeol.sav.sk\/files\/Cambal_2017_Nalezy_zbrani_z_neskorej_dob.pdf\">\u010cAMBAL, R.: N\u00e1lezy zbran\u00ed z neskorej doby lat\u00e9nskej a doby r\u00edmskej z Mal\u00fdch Karp\u00e1t. Waffenfunde aus der Sp\u00e4tlat\u00e8nezeit und der R\u00f6mischen Kaiserzeit aus den Kleinen Karpaten. \u0160tudijn\u00e9 Zvesti A\u00da SAV, 61, 2017, Nitra 2017, 5-12.<\/a><\/p>\n<p><a href=\"https:\/\/www.academia.edu\/35911785\/%C4%8Cambal_Bazovsk%C3%BD_2017_Neskorolat%C3%A9nske_s%C3%ADdliskov%C3%A9_objekty_v_Bernol%C3%A1kove_okres_Senec._Sp%C3%A4tlat%C3%A8nezeitliche_Siedlungsobjekte_in_Bernol%C3%A1kovo_Bez._Senec._In._Zborn%C3%ADk_SNM_111_Archeol%C3%B3gia_27_109-131\">\u010cAMBAL, R.\/BAZOVSK\u00dd, I. 2017: Neskorolat\u00e9nske s\u00eddliskov\u00e9 objekty v Bernol\u00e1kove, okres Senec. Sp\u00e4tlat\u00e8nezeitliche Siedlungsobjekte in Bernol\u00e1kovo, Bez. Senec. In. Zborn\u00edk SNM 111, Archeol\u00f3gia 27, 109-131(vy\u0161lo v\u00a0roku 2018).<\/a><\/p>\n<p><a href=\"https:\/\/www.academia.edu\/36696585\/%C4%8Cambal_Kov%C3%A1r_Budaj_2017_Neue_hallstattzeitliche_und_lat%C3%A9nezeitliche_Funde_aus_%C4%8Cebovce_Fundlage_Z%C3%A1mok_Bez._Ve%C4%BEk%C3%BD_Krt%C3%AD%C5%A1_._In._Kysela_J._Danielisov%C3%A1_B._Militk%C3%BD_J._Eds._Stories_that_made_the_Iron_Age._Studies_in_Iron_Age_Archaeology_dedicated_to_Natalie_Venclov%C3%A1._Praha_2017_433-447\">\u010c<\/a><a href=\"https:\/\/www.academia.edu\/36696585\/%C4%8Cambal_Kov%C3%A1r_Budaj_2017_Neue_hallstattzeitliche_und_lat%C3%A9nezeitliche_Funde_aus_%C4%8Cebovce_Fundlage_Z%C3%A1mok_Bez._Ve%C4%BEk%C3%BD_Krt%C3%AD%C5%A1_._In._Kysela_J._Danielisov%C3%A1_B._Militk%C3%BD_J._Eds._Stories_that_made_the_Iron_Age._Studies_in_Iron_Age_Archaeology_dedicated_to_Natalie_Venclov%C3%A1._Praha_2017_433-447\">AMBAL, R.\/KOV\u00c1R, B.\/BUDAJ, M.: Neue hallstattzeitliche und lat\u00e9nezeitliche Funde aus \u010cebovce, Fundlage Z\u00e1mok (Bez. Ve\u013ek\u00fd Krt\u00ed\u0161). In: Kysela, J.\/Danielisov\u00e1, B.\/Militk\u00fd, J. (Eds.): Stories that made the Iron Age. Studies in Iron Age Archaeology dedicated to Natalie Venclov\u00e1. Praha 2017, 433-447.<\/a><\/p>\n<p><a href=\"http:\/\/archeol.sav.sk\/index.php\/2019\/01\/12\/vysli-tri-nove-archeologicke-knihy\/#more-4250\">\u010eURI\u0160, J.: Radzovce v obdob\u00ed popolnicov\u00fdch pol\u00ed : architektonick\u00e1 rekon\u0161trukcia stavieb na z\u00e1klade anal\u00fdzy mazanice = Radzovce in der Urnenfelderzeit. Nitra 2018.<\/a><\/p>\n<p><a href=\"http:\/\/archeol.sav.sk\/index.php\/sk\/skryte-poklady\/\">FURUGL\u00c1\u0160, I.\/BAZOVSK\u00dd, I.\/\u010cAMBAL, R.\/BUDAJ, M.: Skryt\u00e9 poklady 01. V\u00fdskum archeologick\u00fdch lokal\u00edt Tvrdo\u0161oviec, Praha 2019.<\/a><\/p>\n<p><a href=\"https:\/\/www.google.com\/url?q=http:\/\/www.iansa.eu\/papers\/IANSA-2018-01-hajnalova.pdf&amp;source=gmail&amp;ust=1542205370434000&amp;usg=AFQjCNE_owM80VTzORPrrj3slKqpqV8zgg\">HAJNALOV\u00c1, M.\/BIELICHOV\u00c1, Z.\/RAJT\u00c1R, J.\/KR\u010cOV\u00c1, D.\/\u010cEJKA, T.\/\u0160USTEK, Z.\/MIH\u00c1LYIOV\u00c1, J.: A\u00a0Roman Structure from Hurbanovo, SW Slovakia: Multiproxy Investigation of Unique Waterlogged Deposit. Interdisciplinaria Archaeologica, 2018, ro\u010d. IX, vol. 1, 43\u201369.\u00a0<\/a><\/p>\n<p><a href=\"https:\/\/www.academia.edu\/38181385\/HLAVY_V_N%C3%81DOB%C3%81CH_V_MA%C4%8EAROVSKO_V%C4%9ATE%C5%98OVSKO_B%C3%96HEIMKIRCHENSKOM_KULT%C3%9ARNOM_KOMPLEXE._%C4%8CO_N%C3%81M_M%C3%94%C5%BDU_POVEDA%C5%A4_Heads_found_in_Vessels_in_the_Ma%C4%8Farovce-V%C4%9Bte%C5%99ov-B%C3%B6heimkirchen_Cultural_Complex._What_Can_They_Tell_Us\">JEL\u00cdNEK, P. 2018: Hlavy v\u00a0n\u00e1dob\u00e1ch v\u00a0ma\u010farovsko v\u011bte\u0159ovsko b\u00f6heimkirchenskom kult\u00farnom komplexe. \u010co n\u00e1m m\u00f4\u017eu poveda\u0165? In: Acta Musei Nationalis Pragae, Hist\u00f3ria 72, 2018, \u010d. 1-2, 37-45.<\/a><\/p>\n<p><a href=\"https:\/\/www.academia.edu\/45573221\/Sila_z%C3%A1niku_Kolapsy_starovek%C3%BDch_a_stredovek%C3%BDch_spolo%C4%8Dnost%C3%AD\">KOV\u00c1R, B.: Sila z\u00e1niku. Kolapsy starovek\u00fdch a stredovek\u00fdch spolo\u010dnost\u00ed. Bratislava 2020.<\/a><\/p>\n<p><a href=\"https:\/\/www.academia.edu\/37923001\/The_Late_La_T%C3%A8ne_Oppidum_in_Bratislava\">KOV\u00c1R, B.\/\u010cAMBAL, R.\/BUDAJ, M.: The Late La T\u00e8ne Oppidum in Bratislava. In Iron Age Connectivity in the Carpathian Basin : Proceedings of the International Colloquium from Targu Mures 13\u201315 October 2017. Cluj-Napoca 2018, 51-64.<\/a><\/p>\n<p><a href=\"http:\/\/archeol.sav.sk\/files\/Tur%C4%8Dan_2017_Nov%C3%A9-_n%C3%A1lezy_me%C4%8Dov.pdf\">TUR\u010cAN, V.: Nov\u00e9 n\u00e1lezy me\u010dov z\u00a0priestoru Bratislavskej br\u00e1ny. \u0160tudijn\u00e9 Zvesti A\u00da SAV, 61, 2017, Nitra 2017, 41-46.<\/a><\/p>\n<p>TUR\u010cAN, V. 2018: N\u00e1lezy z\u00a0Carnunta v\u00a0zbierke SNM-Archeologick\u00e9ho m\u00fazea. In. J. Mellnerov\u00e1-\u0160utekov\u00e1\/M. Ba\u010da\/P. Pav\u00fak: Ave Edvard! To the Jubilee of Professor E. Krekovi\u010d. Bratislava 2018, 191-197.<\/p>\n<p><a href=\"http:\/\/archeol.sav.sk\/files\/22.-Zachar-Tur%C4%8Dan.pdf\">ZACHAR, L.\/TUR\u010cAN, V.: Miniat\u00farna keramika zo s\u00eddliskov\u00fdch objektov v \u0160a\u0161t\u00edne-Str\u00e1\u017ei a v Trnave.\u00a0ZbSNM CX, Archeol\u00f3gia 26, 2016, 213-219.<\/a><\/p>\n<p>Posters:<\/p>\n<p><a href=\"http:\/\/archeol.sav.sk\/files\/Poster-KEA-Glanzenberg.pdf\">BIELICHOV\u00c1, Z.\/LABUDA, J.: \u010clovek a zvierat\u00e1 stredovek\u00fdch bansk\u00fdch miest \u2013 archeozoologick\u00e9 d\u00e1ta z lokality Bansk\u00e1 \u0160tiavnica-Glanzenberg. In Kniha abstraktov 13. konferencia enviroment\u00e1lnej archeol\u00f3gie 6.-7. febru\u00e1r 2017, Nitra : \u201e\u010clovek a krajina \u2026\u201c Integr\u00e1cia paleoenvironment\u00e1lneho a archeologick\u00e9ho z\u00e1znamu, adapt\u00e1cie \u010dloveka na zmeny krajiny a odolnos\u0165 krajiny na \u013eudsk\u00fd impakt. Eds. M\u00e1ria Hajnalov\u00e1, No\u00e9mi Beljak Pa\u017einov\u00e1, Katar\u00edna \u0160imunkov\u00e1. \u2013 Nitra : Univerzita Kon\u0161tant\u00edna Filozofa v Nitre, Filozofick\u00e1 fakulta, 2017, s. 17. ISBN 978-80-558-1140-6.<\/a><\/p>\n<p><a href=\"http:\/\/archeol.sav.sk\/files\/Poster-KEA-Hurbanovo.pdf\">KR\u010cOV\u00c1, D.\/HAJNALOV\u00c1, M.\/BIELICHOV\u00c1, Z.\/MIH\u00c1LYIOV\u00c1, J.\/\u010cEJKA, T.\/RAJT\u00c1R, J.: Pr\u00edspevok k poznaniu pr\u00edrodn\u00e9ho prostredia objektu 23 z Hurbanova. In Kniha abstraktov 13. konferencia enviroment\u00e1lnej archeol\u00f3gie 6.-7. febru\u00e1r 2017, Nitra : \u201e\u010clovek a krajina \u2026\u201c Integr\u00e1cia paleoenvironment\u00e1lneho a archeologick\u00e9ho z\u00e1znamu, adapt\u00e1cie \u010dloveka na zmeny krajiny a odolnos\u0165 krajiny na \u013eudsk\u00fd impakt. Eds. M\u00e1ria Hajnalov\u00e1, No\u00e9mi Beljak Pa\u017einov\u00e1, Katar\u00edna \u0160imunkov\u00e1. \u2013 Nitra : Univerzita Kon\u0161tant\u00edna Filozofa v Nitre, Filozofick\u00e1 fakulta, 2017, s. 51. ISBN 978-80-558-1140-6.<\/a><\/p>\n","protected":false},"excerpt":{"rendered":"<p>Responsible person: Igor Bazovsk\u00fd\/Gertr\u00fada B\u0159ezinov\u00e1 Project duration:\u00a0 1.7.2016 \/ 30.6.2020 Registration number: APVV-15-0491 Coordinator: Slovak National Museum Cooperating organization: Institute of Archaeology of Slovak Academy of Science Key words: Western Slovakia, prehistory and early historical period, proces and regularities of settlement development, mountain and foothill regions, communications, interdisciplinary outputs Understanding and comparison of regularities of &#8230; <a class=\"read-more\" href=\"https:\/\/archeol.sav.sk\/index.php\/en\/contact\/research\/process-and-regularities-of-settlement-development-in-mountain-and-foothill-regions-of-western-slovakia\/\">\u010c\u00edtajte viac<\/a><\/p>\n","protected":false},"author":2,"featured_media":0,"parent":1497,"menu_order":0,"comment_status":"closed","ping_status":"closed","template":"","meta":[],"_links":{"self":[{"href":"https:\/\/archeol.sav.sk\/index.php\/wp-json\/wp\/v2\/pages\/1566"}],"collection":[{"href":"https:\/\/archeol.sav.sk\/index.php\/wp-json\/wp\/v2\/pages"}],"about":[{"href":"https:\/\/archeol.sav.sk\/index.php\/wp-json\/wp\/v2\/types\/page"}],"author":[{"embeddable":true,"href":"https:\/\/archeol.sav.sk\/index.php\/wp-json\/wp\/v2\/users\/2"}],"replies":[{"embeddable":true,"href":"https:\/\/archeol.sav.sk\/index.php\/wp-json\/wp\/v2\/comments?post=1566"}],"version-history":[{"count":23,"href":"https:\/\/archeol.sav.sk\/index.php\/wp-json\/wp\/v2\/pages\/1566\/revisions"}],"predecessor-version":[{"id":5695,"href":"https:\/\/archeol.sav.sk\/index.php\/wp-json\/wp\/v2\/pages\/1566\/revisions\/5695"}],"up":[{"embeddable":true,"href":"https:\/\/archeol.sav.sk\/index.php\/wp-json\/wp\/v2\/pages\/1497"}],"wp:attachment":[{"href":"https:\/\/archeol.sav.sk\/index.php\/wp-json\/wp\/v2\/media?parent=1566"}],"curies":[{"name":"wp","href":"https:\/\/api.w.org\/{rel}","templated":true}]}}