{"id":1490,"date":"2016-07-17T14:41:29","date_gmt":"2016-07-17T12:41:29","guid":{"rendered":"http:\/\/archeol.sav.sk\/?page_id=1490"},"modified":"2019-10-07T20:47:52","modified_gmt":"2019-10-07T18:47:52","slug":"contact","status":"publish","type":"page","link":"https:\/\/archeol.sav.sk\/index.php\/en\/contact\/","title":{"rendered":"Contact"},"content":{"rendered":"<p>Contact us at these addresses:<\/p>\n<p><strong>ADRESS:<\/strong><\/p>\n<p><strong>Archeologick\u00fd \u00fastav SAV<\/strong><\/p>\n<p>Akademick\u00e1 2<br \/>\nSK-949 21 Nitra<\/p>\n<p>Slovakia<\/p>\n<p>&nbsp;<\/p>\n<p><strong>SECRETARIAT:<\/strong><\/p>\n<p><strong>Phone:<\/strong> 037\/6943231<br \/>\n<strong>Fax:<\/strong> 037\/7335618<br \/>\n<strong>E-mail:<\/strong> <a href=\"mailto:nrausekr@savba.sk\">nrausekr@savba.sk<\/a><\/p>\n<p><strong>\u00a0<\/strong><\/p>\n<p><strong>THE RESUE EXCAVATION AND SURVEY <\/strong><\/p>\n<p>Mgr. Marek Vojte\u010dek, PhD.,<\/p>\n<p>Head of the department<\/p>\n<p>Akademick\u00e1 2, SK-949 21 Nitra<\/p>\n<p><strong>E-mail:<\/strong> <a href=\"mailto:nraumvoj@savba.sk\">nraumvoj@savba.sk<\/a><\/p>\n<p>&nbsp;<\/p>\n<p><strong>THE <\/strong><strong>RESUE EXCAVATION AND SURVEY OF MIDDLE SLOVAKIA<\/strong><\/p>\n<p>PhDr. J\u00e1n Beljak, PhD.,<\/p>\n<p>Research site Zvolen<\/p>\n<p>\u0160t\u00farova 2, 960 53 Zvolen<\/p>\n<p><b>Cell:<\/b> +421 902 925 642<\/p>\n<p><strong>E-mail:<\/strong> <a href=\"mailto:jan.beljak@savba.sk\">jan.beljak@savba.sk<\/a><\/p>\n<p><strong>\u00a0<\/strong><\/p>\n<p><strong>THE <\/strong><strong>RESUE EXCAVATION AND SURVEY OF EASTERN SLOVAKIA<\/strong><\/p>\n<p>Mgr. Marek Vojte\u010dek, PhD.,<\/p>\n<p>Department of the research of Eeastern Slovakia<\/p>\n<p>Hrn\u010diarska 13, 040 01 Ko\u0161ice<\/p>\n<p><strong>E-mail:<\/strong> <a href=\"mailto:nraumvoj@savba.sk\">nraumvoj@savba.sk<\/a><\/p>\n<p>&nbsp;<\/p>\n<p><strong>THE <\/strong><strong>RESUE EXCAVATION AND SURVEY OF SPIS<\/strong><\/p>\n<p>PhDr. Mari\u00e1n Soj\u00e1k, PhD.,<\/p>\n<p>Research site Spi\u0161sk\u00e1 Nov\u00e1 Ves<\/p>\n<p><strong>Cell:<\/strong> +421 902 925\u00a0671<\/p>\n<p><strong>E-mail:<\/strong> <a href=\"mailto:sojak@ta3.sk\">sojak@ta3.sk<\/a><\/p>\n","protected":false},"excerpt":{"rendered":"<p>Contact us at these addresses: ADRESS: Archeologick\u00fd \u00fastav SAV Akademick\u00e1 2 SK-949 21 Nitra Slovakia &nbsp; SECRETARIAT: Phone: 037\/6943231 Fax: 037\/7335618 E-mail: nrausekr@savba.sk \u00a0 THE RESUE EXCAVATION AND SURVEY Mgr. Marek Vojte\u010dek, PhD., Head of the department Akademick\u00e1 2, SK-949 21 Nitra E-mail: nraumvoj@savba.sk &nbsp; THE RESUE EXCAVATION AND SURVEY OF MIDDLE SLOVAKIA PhDr. J\u00e1n &#8230; <a class=\"read-more\" href=\"https:\/\/archeol.sav.sk\/index.php\/en\/contact\/\">\u010c\u00edtajte viac<\/a><\/p>\n","protected":false},"author":1,"featured_media":0,"parent":0,"menu_order":0,"comment_status":"closed","ping_status":"closed","template":"","meta":[],"_links":{"self":[{"href":"https:\/\/archeol.sav.sk\/index.php\/wp-json\/wp\/v2\/pages\/1490"}],"collection":[{"href":"https:\/\/archeol.sav.sk\/index.php\/wp-json\/wp\/v2\/pages"}],"about":[{"href":"https:\/\/archeol.sav.sk\/index.php\/wp-json\/wp\/v2\/types\/page"}],"author":[{"embeddable":true,"href":"https:\/\/archeol.sav.sk\/index.php\/wp-json\/wp\/v2\/users\/1"}],"replies":[{"embeddable":true,"href":"https:\/\/archeol.sav.sk\/index.php\/wp-json\/wp\/v2\/comments?post=1490"}],"version-history":[{"count":11,"href":"https:\/\/archeol.sav.sk\/index.php\/wp-json\/wp\/v2\/pages\/1490\/revisions"}],"predecessor-version":[{"id":4874,"href":"https:\/\/archeol.sav.sk\/index.php\/wp-json\/wp\/v2\/pages\/1490\/revisions\/4874"}],"wp:attachment":[{"href":"https:\/\/archeol.sav.sk\/index.php\/wp-json\/wp\/v2\/media?parent=1490"}],"curies":[{"name":"wp","href":"https:\/\/api.w.org\/{rel}","templated":true}]}}