{"id":1476,"date":"2016-07-17T12:42:58","date_gmt":"2016-07-17T10:42:58","guid":{"rendered":"http:\/\/archeol.sav.sk\/?page_id=1476"},"modified":"2018-01-30T15:17:47","modified_gmt":"2018-01-30T13:17:47","slug":"short-instructions-for-preparing-manuscripts","status":"publish","type":"page","link":"https:\/\/archeol.sav.sk\/index.php\/sk\/short-instructions-for-preparing-manuscripts\/","title":{"rendered":"Short instructions for preparing manuscripts"},"content":{"rendered":"<p><strong>FILE FORMAT<\/strong><\/p>\n<p>Each file must be named by the surname of the author and specification of the file\u2019s content.<\/p>\n<h3><strong>BIBLIOGRAPHY<\/strong><\/h3>\n<p>When referencing other literature, it is recommended to use the natural-sciences method of referencing. In the list of bibliography do not shorten the journal titles.<\/p>\n<h3><strong>Examples<\/strong><\/h3>\n<p><strong><em>Monograph \u2013 one author<\/em><\/strong><\/p>\n<p>Hanuliak 2004 \u2013 M. Hanuliak: Ve\u013ekomoravsk\u00e9 pohrebisk\u00e1. Pochov\u00e1vanie v 9. \u2013 10. storo\u010d\u00ed na \u00fazem\u00ed Slovenska. Archaeologica Slovaca Monographiae. Studia 8. Nitra 2004.<\/p>\n<p><strong><em>Monograph \u2013 more authors<\/em><\/strong><\/p>\n<p>Geisler\/Kohoutek 2014 \u2013 M. Geisler\/J. Kohoutek: Vysok\u00e9 Pole-Kl\u00e1\u0161\u0165ov. Invent\u00e1\u0159 hromadn\u00fdch n\u00e1lez\u016f \u017eelezn\u00fdch p\u0159edm\u011bt\u016f a\u00a0shrnut\u00ed ter\u00e9nn\u00edch v\u00fdzkumn\u00fdch sezon 2005 \u2013 2007. Prav\u011bk. Supplementum 28. Brno 2014.<\/p>\n<p><strong><em>Chapter in edited monograph or article in conference proceedings<\/em><\/strong><\/p>\n<p>Henning\/Ruttkay 2011 \u2013 J. Henning\/M. Ruttkay: Fr\u00fchmittelalterliche Burgw\u00e4lle an der mittleren Donau im ostmitteleurop\u00e4ischen Kontext: Ein deutsch-slowakisches Forschungsprojekt. In: J. Mach\u00e1\u010dek\/\u0160. Ungerman (Hrsg.): Fr\u00fchgeschichtliche Zentralorte in Mitteleuropa. Internationale Konferenz und Kolleg der Alexander von Humboldt-Stiftung zum 50. Jahrestag des Beginns arch\u00e4ologischer Ausgrabungen in Pohansko bei B\u0159eclav, 5. \u2013 9. 10. 2009, B\u0159eclav, Tschechische Republik. Studien zur Arch\u00e4ologie Europas 14. Bonn 2011, 259 \u2013 288.<\/p>\n<p><strong><em>Journal article \u2013 one author<\/em><\/strong><\/p>\n<p>\u0160alkovsk\u00fd 1994 \u2013 P. \u0160alkovsk\u00fd: Fr\u00fchmittelalterlicher Burgwall bei Detva. Slovensk\u00e1 archeol\u00f3gia 42, 1994, 155 \u2013 185.<\/p>\n<p><strong><em>Journal article \u2013 more authors<\/em><\/strong><\/p>\n<p>Z\u00e1bojn\u00edk\/Mit\u00e1\u0161\/\u0160tub\u0148a 2017 \u2013 J. Z\u00e1bojn\u00edk\/V. Mit\u00e1\u0161\/J. \u0160tub\u0148a: Kri\u0161t\u00e1\u013eov\u00fd mnohosten z\u00a0\u010cataja. K\u00a0problematike n\u00e1lezov z horsk\u00e9ho kri\u0161t\u00e1\u013eu v archeologick\u00fdch s\u00favislostiach zo Slovenska a\u00a0na susediacich \u00fazemiach.\u00a0 Slovensk\u00e1 archeol\u00f3gia 65, 2017, 343 \u2013 376.<\/p>\n<h3><strong>TECHNICAL CONDITIONS OF SUPPLEMENTS<\/strong><\/h3>\n<p>\u2013 illustrations inserted in the text editor (e. g. in MS Word) will not be accepted<\/p>\n<p>\u2013 type area: 162 x 237 mm<\/p>\n<p>\u2013 resolution: drawings min. 600 dpi, photographs min. 300 dpi<\/p>\n<p>\u2013 bitmap files format: optimum lossless TIF, in case of JPG without traces of compression or smoothing<\/p>\n<p>\u2013 diagrams: the original file in spreadsheet (e. g. MS Excel) with the source data<\/p>\n<p>\u2013 tables: alphabetical, created either in a text editor or a spreadsheet; alphanumerical and numerical should be created in a spreadsheet exclusively<\/p>\n<p>&nbsp;<\/p>\n","protected":false},"excerpt":{"rendered":"<p>FILE FORMAT Each file must be named by the surname of the author and specification of the file\u2019s content. BIBLIOGRAPHY When referencing other literature, it is recommended to use the natural-sciences method of referencing. In the list of bibliography do not shorten the journal titles. Examples Monograph \u2013 one author Hanuliak 2004 \u2013 M. Hanuliak: &#8230; <a class=\"read-more\" href=\"https:\/\/archeol.sav.sk\/index.php\/sk\/short-instructions-for-preparing-manuscripts\/\">\u010c\u00edtajte viac<\/a><\/p>\n","protected":false},"author":2,"featured_media":0,"parent":0,"menu_order":0,"comment_status":"closed","ping_status":"closed","template":"","meta":[],"_links":{"self":[{"href":"https:\/\/archeol.sav.sk\/index.php\/wp-json\/wp\/v2\/pages\/1476"}],"collection":[{"href":"https:\/\/archeol.sav.sk\/index.php\/wp-json\/wp\/v2\/pages"}],"about":[{"href":"https:\/\/archeol.sav.sk\/index.php\/wp-json\/wp\/v2\/types\/page"}],"author":[{"embeddable":true,"href":"https:\/\/archeol.sav.sk\/index.php\/wp-json\/wp\/v2\/users\/2"}],"replies":[{"embeddable":true,"href":"https:\/\/archeol.sav.sk\/index.php\/wp-json\/wp\/v2\/comments?post=1476"}],"version-history":[{"count":4,"href":"https:\/\/archeol.sav.sk\/index.php\/wp-json\/wp\/v2\/pages\/1476\/revisions"}],"predecessor-version":[{"id":3108,"href":"https:\/\/archeol.sav.sk\/index.php\/wp-json\/wp\/v2\/pages\/1476\/revisions\/3108"}],"wp:attachment":[{"href":"https:\/\/archeol.sav.sk\/index.php\/wp-json\/wp\/v2\/media?parent=1476"}],"curies":[{"name":"wp","href":"https:\/\/api.w.org\/{rel}","templated":true}]}}