{"id":1474,"date":"2016-07-17T12:42:25","date_gmt":"2016-07-17T10:42:25","guid":{"rendered":"http:\/\/archeol.sav.sk\/?page_id=1474"},"modified":"2018-01-30T15:13:57","modified_gmt":"2018-01-30T13:13:57","slug":"kratke-pokyny-na-pripravu-rukopisov","status":"publish","type":"page","link":"https:\/\/archeol.sav.sk\/index.php\/sk\/kratke-pokyny-na-pripravu-rukopisov\/","title":{"rendered":"Kr\u00e1tke pokyny na pr\u00edpravu rukopisov"},"content":{"rendered":"<h3><strong>ULO\u017dENIE S\u00daBOROV<\/strong><\/h3>\n<p>Ka\u017ed\u00fd s\u00fabor mus\u00ed by\u0165 ozna\u010den\u00fd priezviskom autora\/autorky a \u0161pecifik\u00e1ciou obsahu.<\/p>\n<h3><strong>BIBLIOGRAFIA<\/strong><\/h3>\n<p>Pri citovan\u00ed literat\u00fary sa odpor\u00fa\u010da pou\u017ei\u0165 pr\u00edrodovedn\u00fd sp\u00f4sob citovania. V\u00a0s\u00fapise literat\u00fary sa n\u00e1zvy \u010dasopisov neskracuj\u00fa.<\/p>\n<h3><strong>Pr\u00edklady<\/strong><\/h3>\n<p><strong><em>Monografia \u2013 jeden autor<\/em><\/strong><\/p>\n<p>Hanuliak 2004 \u2013 M. Hanuliak: Ve\u013ekomoravsk\u00e9 pohrebisk\u00e1. Pochov\u00e1vanie v 9. \u2013 10. storo\u010d\u00ed na \u00fazem\u00ed Slovenska. Archaeologica Slovaca Monographiae. Studia 8. Nitra 2004.<\/p>\n<p><strong><em>Monografia \u2013 viacer\u00ed autori<\/em><\/strong><\/p>\n<p>Geisler\/Kohoutek 2014 \u2013 M. Geisler\/J. Kohoutek: Vysok\u00e9 Pole-Kl\u00e1\u0161\u0165ov. Invent\u00e1\u0159 hromadn\u00fdch n\u00e1lez\u016f \u017eelezn\u00fdch p\u0159edm\u011bt\u016f a\u00a0shrnut\u00ed ter\u00e9nn\u00edch v\u00fdzkumn\u00fdch sezon 2005 \u2013 2007. Prav\u011bk. Supplementum 28. Brno 2014.<\/p>\n<p><strong><em>Kapitola v zostavovanej monografii alebo \u010dl\u00e1nok v zborn\u00edku<\/em><\/strong><\/p>\n<p>Henning\/Ruttkay 2011 \u2013 J. Henning\/M. Ruttkay: Fr\u00fchmittelalterliche Burgw\u00e4lle an der mittleren Donau im ostmitteleurop\u00e4ischen Kontext: Ein deutsch-slowakisches Forschungsprojekt. In: J. Mach\u00e1\u010dek\/\u0160. Ungerman (Hrsg.): Fr\u00fchgeschichtliche Zentralorte in Mitteleuropa. Internationale Konferenz und Kolleg der Alexander von Humboldt-Stiftung zum 50. Jahrestag des Beginns arch\u00e4ologischer Ausgrabungen in Pohansko bei B\u0159eclav, 5. \u2013 9. 10. 2009, B\u0159eclav, Tschechische Republik. Studien zur Arch\u00e4ologie Europas 14. Bonn 2011, 259 \u2013 288.<\/p>\n<p><strong><em>Pr\u00edspevok v \u010dasopise \u2013 jeden autor<\/em><\/strong><\/p>\n<p>\u0160alkovsk\u00fd 1994 \u2013 P. \u0160alkovsk\u00fd: Fr\u00fchmittelalterlicher Burgwall bei Detva. Slovensk\u00e1 archeol\u00f3gia 42, 1994, 155 \u2013 185.<\/p>\n<p><strong><em>Pr\u00edspevok v \u010dasopise \u2013 viacer\u00ed autori<\/em><\/strong><\/p>\n<p>Z\u00e1bojn\u00edk\/Mit\u00e1\u0161\/\u0160tub\u0148a 2017 \u2013 J. Z\u00e1bojn\u00edk\/V. Mit\u00e1\u0161\/J. \u0160tub\u0148a: Kri\u0161t\u00e1\u013eov\u00fd mnohosten z\u00a0\u010cataja. K\u00a0problematike n\u00e1lezov z horsk\u00e9ho kri\u0161t\u00e1\u013eu v archeologick\u00fdch s\u00favislostiach zo Slovenska a\u00a0na susediacich \u00fazemiach.\u00a0 Slovensk\u00e1 archeol\u00f3gia 65, 2017, 343 \u2013 376.<\/p>\n<h3><strong>TECHNICK\u00c9 PODMIENKY PR\u00cdLOH<\/strong><\/h3>\n<p>\u00ad \u2013 ilustr\u00e1cie vlo\u017een\u00e9 do textov\u00e9ho editora (napr\u00edklad do programu MS Word) redakcia neprij\u00edma<\/p>\n<p>\u2013 <em>zrkadlo:<\/em> 162 x 237 mm<\/p>\n<p>\u2013 <em>rozl\u00ed\u0161enie:<\/em> kresby minim\u00e1lne 600 dpi, fotografie minim\u00e1lne 300 dpi<\/p>\n<p>\u2013 <em>form\u00e1t bitmapov\u00fdch s\u00faborov:<\/em> optim\u00e1lne bezstratov\u00fd TIF, v\u00a0pr\u00edpade JPG bez prejavov kompresie a vyhladzovania<\/p>\n<p>\u2013 <em>diagramy:<\/em> p\u00f4vodn\u00fd s\u00fabor v\u00a0tabu\u013ekovom procesore (napr\u00edklad MS Excel) aj so zdrojov\u00fdmi d\u00e1tami<\/p>\n<p>\u2013 <em>tabely<\/em>: alfabetick\u00e9 vyhotoven\u00e9 bu\u010f v tabu\u013ekovom procesore, alebo v textovom editore, alfanumerick\u00e9 a numerick\u00e9 v\u00fdlu\u010dne v tabu\u013ekovom procesore<\/p>\n<p>&nbsp;<\/p>\n","protected":false},"excerpt":{"rendered":"<p>ULO\u017dENIE S\u00daBOROV Ka\u017ed\u00fd s\u00fabor mus\u00ed by\u0165 ozna\u010den\u00fd priezviskom autora\/autorky a \u0161pecifik\u00e1ciou obsahu. BIBLIOGRAFIA Pri citovan\u00ed literat\u00fary sa odpor\u00fa\u010da pou\u017ei\u0165 pr\u00edrodovedn\u00fd sp\u00f4sob citovania. V\u00a0s\u00fapise literat\u00fary sa n\u00e1zvy \u010dasopisov neskracuj\u00fa. Pr\u00edklady Monografia \u2013 jeden autor Hanuliak 2004 \u2013 M. Hanuliak: Ve\u013ekomoravsk\u00e9 pohrebisk\u00e1. Pochov\u00e1vanie v 9. \u2013 10. storo\u010d\u00ed na \u00fazem\u00ed Slovenska. Archaeologica Slovaca Monographiae. Studia 8. Nitra &#8230; <a class=\"read-more\" href=\"https:\/\/archeol.sav.sk\/index.php\/sk\/kratke-pokyny-na-pripravu-rukopisov\/\">\u010c\u00edtajte viac<\/a><\/p>\n","protected":false},"author":2,"featured_media":0,"parent":0,"menu_order":0,"comment_status":"closed","ping_status":"closed","template":"","meta":[],"_links":{"self":[{"href":"https:\/\/archeol.sav.sk\/index.php\/wp-json\/wp\/v2\/pages\/1474"}],"collection":[{"href":"https:\/\/archeol.sav.sk\/index.php\/wp-json\/wp\/v2\/pages"}],"about":[{"href":"https:\/\/archeol.sav.sk\/index.php\/wp-json\/wp\/v2\/types\/page"}],"author":[{"embeddable":true,"href":"https:\/\/archeol.sav.sk\/index.php\/wp-json\/wp\/v2\/users\/2"}],"replies":[{"embeddable":true,"href":"https:\/\/archeol.sav.sk\/index.php\/wp-json\/wp\/v2\/comments?post=1474"}],"version-history":[{"count":4,"href":"https:\/\/archeol.sav.sk\/index.php\/wp-json\/wp\/v2\/pages\/1474\/revisions"}],"predecessor-version":[{"id":3105,"href":"https:\/\/archeol.sav.sk\/index.php\/wp-json\/wp\/v2\/pages\/1474\/revisions\/3105"}],"wp:attachment":[{"href":"https:\/\/archeol.sav.sk\/index.php\/wp-json\/wp\/v2\/media?parent=1474"}],"curies":[{"name":"wp","href":"https:\/\/api.w.org\/{rel}","templated":true}]}}