{"id":1457,"date":"2016-07-17T12:10:00","date_gmt":"2016-07-17T10:10:00","guid":{"rendered":"http:\/\/archeol.sav.sk\/?page_id=1457"},"modified":"2016-07-17T12:10:00","modified_gmt":"2016-07-17T10:10:00","slug":"odovzdanie-rukopisu","status":"publish","type":"page","link":"https:\/\/archeol.sav.sk\/index.php\/sk\/odovzdanie-rukopisu\/","title":{"rendered":"Odovzdanie rukopisu"},"content":{"rendered":"<p style=\"text-align: left;\">Kompletn\u00fd rukopis v elektronickej podobe odovzd\u00e1va autor\/autorka hlavn\u00e9mu redaktorovi \u010dasopisu bu\u010f osobne, alebo na jeho e-mailov\u00fa adresu, spolu s\u00a0vyplnen\u00fdm formul\u00e1rom Vyhl\u00e1senie autora. Redakcia neprijme rukopis bez vyplnen\u00e9ho formul\u00e1ra.<\/p>\n","protected":false},"excerpt":{"rendered":"<p>Kompletn\u00fd rukopis v elektronickej podobe odovzd\u00e1va autor\/autorka hlavn\u00e9mu redaktorovi \u010dasopisu bu\u010f osobne, alebo na jeho e-mailov\u00fa adresu, spolu s\u00a0vyplnen\u00fdm formul\u00e1rom Vyhl\u00e1senie autora. Redakcia neprijme rukopis bez vyplnen\u00e9ho formul\u00e1ra.<\/p>\n","protected":false},"author":2,"featured_media":0,"parent":0,"menu_order":0,"comment_status":"closed","ping_status":"closed","template":"","meta":[],"_links":{"self":[{"href":"https:\/\/archeol.sav.sk\/index.php\/wp-json\/wp\/v2\/pages\/1457"}],"collection":[{"href":"https:\/\/archeol.sav.sk\/index.php\/wp-json\/wp\/v2\/pages"}],"about":[{"href":"https:\/\/archeol.sav.sk\/index.php\/wp-json\/wp\/v2\/types\/page"}],"author":[{"embeddable":true,"href":"https:\/\/archeol.sav.sk\/index.php\/wp-json\/wp\/v2\/users\/2"}],"replies":[{"embeddable":true,"href":"https:\/\/archeol.sav.sk\/index.php\/wp-json\/wp\/v2\/comments?post=1457"}],"version-history":[{"count":1,"href":"https:\/\/archeol.sav.sk\/index.php\/wp-json\/wp\/v2\/pages\/1457\/revisions"}],"predecessor-version":[{"id":1458,"href":"https:\/\/archeol.sav.sk\/index.php\/wp-json\/wp\/v2\/pages\/1457\/revisions\/1458"}],"wp:attachment":[{"href":"https:\/\/archeol.sav.sk\/index.php\/wp-json\/wp\/v2\/media?parent=1457"}],"curies":[{"name":"wp","href":"https:\/\/api.w.org\/{rel}","templated":true}]}}