{"id":145,"date":"2015-05-03T00:19:54","date_gmt":"2015-05-02T22:19:54","guid":{"rendered":"http:\/\/chcemlego.sk\/?page_id=145"},"modified":"2020-02-01T17:54:52","modified_gmt":"2020-02-01T15:54:52","slug":"zakazky-s-nizkou-hodnotou","status":"publish","type":"page","link":"https:\/\/archeol.sav.sk\/index.php\/sk\/zakony-a-normy\/zakazky-s-nizkou-hodnotou\/","title":{"rendered":"Z\u00e1kazky s n\u00edzkou hodnotou"},"content":{"rendered":"<p><a href=\"http:\/\/archeol.sav.sk\/files\/PHZ-v%C3%BDzva_na_predkladanie_pon%C3%BAk-kni%C5%BEnica.pdf\">Pridanie obsahu do aplik\u00e1cie \/ kni\u017enice pre zobrazovanie 3D modelov a anim\u00e1cii v roz\u0161\u00edrenej realite. (1. 2. 2020)<\/a><\/p>\n<h1>Spr\u00e1vy o z\u00e1kazk\u00e1ch s n\u00edzkou hodnotou<\/h1>\n<p><img decoding=\"async\" class=\"noprint\" src=\"http:\/\/archeol.sav.sk\/pics\/pdf_button.png\" alt=\"pdf\" align=\"left\" hspace=\"5\" vspace=\"0\" \/><a href=\"http:\/\/archeol.sav.sk\/verejne_obstaravanie_2013\/zakazky_s_n_h_2013_03_30.pdf\" target=\"_blank\" rel=\"noopener noreferrer\">Spr\u00e1va o z\u00e1k. s NH k 30.3.2013<\/a><\/p>\n<p><img decoding=\"async\" class=\"noprint\" src=\"http:\/\/archeol.sav.sk\/pics\/pdf_button.png\" alt=\"pdf\" align=\"left\" hspace=\"5\" vspace=\"0\" \/><a href=\"http:\/\/archeol.sav.sk\/verejne_obstaravanie_2012\/zakazky_s_n_h_2012_12_31.pdf\" target=\"_blank\" rel=\"noopener noreferrer\">Spr\u00e1va o z\u00e1k. s NH k 31.12.2012<\/a><\/p>\n<p><img decoding=\"async\" class=\"noprint\" src=\"http:\/\/archeol.sav.sk\/pics\/pdf_button.png\" alt=\"pdf\" align=\"left\" hspace=\"5\" vspace=\"0\" \/><a href=\"http:\/\/archeol.sav.sk\/verejne_obstaravanie_2012\/zakazky_s_n_h_2012_09_30.pdf\" target=\"_blank\" rel=\"noopener noreferrer\">Spr\u00e1va o z\u00e1k. s NH k 30.9.2012<\/a><\/p>\n<p><img decoding=\"async\" class=\"noprint\" src=\"http:\/\/archeol.sav.sk\/pics\/pdf_button.png\" alt=\"pdf\" align=\"left\" hspace=\"5\" vspace=\"0\" \/><a href=\"http:\/\/archeol.sav.sk\/verejne_obstaravanie_2012\/zakazky_s_n_h_2012_06_30.pdf\" target=\"_blank\" rel=\"noopener noreferrer\">Spr\u00e1va o z\u00e1k. s NH k 30.6.2012<\/a><\/p>\n<p><img decoding=\"async\" class=\"noprint\" src=\"http:\/\/archeol.sav.sk\/pics\/pdf_button.png\" alt=\"pdf\" align=\"left\" hspace=\"5\" vspace=\"0\" \/><a href=\"http:\/\/archeol.sav.sk\/verejne_obstaravanie\/zakazky_s_n_h_2011_12_31.pdf\" target=\"_blank\" rel=\"noopener noreferrer\">Spr\u00e1va o z\u00e1k. s NH k 31.12.2011<\/a><\/p>\n<p><img decoding=\"async\" class=\"noprint\" src=\"http:\/\/archeol.sav.sk\/pics\/pdf_button.png\" alt=\"pdf\" align=\"left\" hspace=\"5\" vspace=\"0\" \/><a href=\"http:\/\/archeol.sav.sk\/verejne_obstaravanie\/zakazky_s_n_h_2011_09_30.pdf\" target=\"_blank\" rel=\"noopener noreferrer\">Spr\u00e1va o z\u00e1k. s NH k 30.9.2011<\/a><\/p>\n<p><img decoding=\"async\" class=\"noprint\" src=\"http:\/\/archeol.sav.sk\/pics\/pdf_button.png\" alt=\"pdf\" align=\"left\" hspace=\"5\" vspace=\"0\" \/><a href=\"http:\/\/archeol.sav.sk\/verejne_obstaravanie\/zakazky_s_n_h_2011_06_30.pdf\" target=\"_blank\" rel=\"noopener noreferrer\">Spr\u00e1va o z\u00e1k. s NH k 30.6.2011<\/a><\/p>\n","protected":false},"excerpt":{"rendered":"<p>Pridanie obsahu do aplik\u00e1cie \/ kni\u017enice pre zobrazovanie 3D modelov a anim\u00e1cii v roz\u0161\u00edrenej realite. (1. 2. 2020) Spr\u00e1vy o z\u00e1kazk\u00e1ch s n\u00edzkou hodnotou Spr\u00e1va o z\u00e1k. s NH k 30.3.2013 Spr\u00e1va o z\u00e1k. s NH k 31.12.2012 Spr\u00e1va o z\u00e1k. s NH k 30.9.2012 Spr\u00e1va o z\u00e1k. s NH k 30.6.2012 Spr\u00e1va o z\u00e1k. &#8230; <a class=\"read-more\" href=\"https:\/\/archeol.sav.sk\/index.php\/sk\/zakony-a-normy\/zakazky-s-nizkou-hodnotou\/\">\u010c\u00edtajte viac<\/a><\/p>\n","protected":false},"author":1,"featured_media":0,"parent":118,"menu_order":0,"comment_status":"closed","ping_status":"closed","template":"","meta":[],"_links":{"self":[{"href":"https:\/\/archeol.sav.sk\/index.php\/wp-json\/wp\/v2\/pages\/145"}],"collection":[{"href":"https:\/\/archeol.sav.sk\/index.php\/wp-json\/wp\/v2\/pages"}],"about":[{"href":"https:\/\/archeol.sav.sk\/index.php\/wp-json\/wp\/v2\/types\/page"}],"author":[{"embeddable":true,"href":"https:\/\/archeol.sav.sk\/index.php\/wp-json\/wp\/v2\/users\/1"}],"replies":[{"embeddable":true,"href":"https:\/\/archeol.sav.sk\/index.php\/wp-json\/wp\/v2\/comments?post=145"}],"version-history":[{"count":1,"href":"https:\/\/archeol.sav.sk\/index.php\/wp-json\/wp\/v2\/pages\/145\/revisions"}],"predecessor-version":[{"id":5137,"href":"https:\/\/archeol.sav.sk\/index.php\/wp-json\/wp\/v2\/pages\/145\/revisions\/5137"}],"up":[{"embeddable":true,"href":"https:\/\/archeol.sav.sk\/index.php\/wp-json\/wp\/v2\/pages\/118"}],"wp:attachment":[{"href":"https:\/\/archeol.sav.sk\/index.php\/wp-json\/wp\/v2\/media?parent=145"}],"curies":[{"name":"wp","href":"https:\/\/api.w.org\/{rel}","templated":true}]}}