{"id":143,"date":"2015-05-03T00:19:15","date_gmt":"2015-05-02T22:19:15","guid":{"rendered":"http:\/\/chcemlego.sk\/?page_id=143"},"modified":"2015-05-03T00:19:15","modified_gmt":"2015-05-02T22:19:15","slug":"zmluvy-2011-statny-rozpocet","status":"publish","type":"page","link":"https:\/\/archeol.sav.sk\/index.php\/sk\/zakony-a-normy\/zmluvy-2011-statny-rozpocet\/","title":{"rendered":"Zmluvy 2011 (\u0160t\u00e1tny rozpo\u010det)"},"content":{"rendered":"<h1>Verejn\u00e9 obstar\u00e1vanie &#8211; Zmluvy viazan\u00e9 na \u0161t\u00e1tny rozpo\u010det<\/h1>\n<h2>Rok 2011<\/h2>\n<p>&nbsp;<\/p>\n<p><img decoding=\"async\" class=\"noprint\" src=\"http:\/\/archeol.sav.sk\/pics\/pdf_button.png\" alt=\"pdf\" align=\"left\" hspace=\"5\" vspace=\"0\" \/><a href=\"http:\/\/archeol.sav.sk\/verejne_obstaravanie\/zmluva2011_01.pdf\" target=\"_blank\">Zmluva \u010d. 1\/11<\/a><\/p>\n<p><img decoding=\"async\" class=\"noprint\" src=\"http:\/\/archeol.sav.sk\/pics\/pdf_button.png\" alt=\"pdf\" align=\"left\" hspace=\"5\" vspace=\"0\" \/><a href=\"http:\/\/archeol.sav.sk\/verejne_obstaravanie\/zmluva2011_02-zmluva_o_poskytnuti_sluzby_EDT.pdf\" target=\"_blank\">Zmluva \u010d. 2\/11<\/a>, <a href=\"http:\/\/archeol.sav.sk\/verejne_obstaravanie\/zmluva2011_02-zmluva_o_poskytnuti_sluzby_EDT.doc\" target=\"_blank\">Zmluva \u010d. 2\/11 (*.doc)<\/a><\/p>\n<p><img decoding=\"async\" class=\"noprint\" src=\"http:\/\/archeol.sav.sk\/pics\/pdf_button.png\" alt=\"pdf\" align=\"left\" hspace=\"5\" vspace=\"0\" \/><a href=\"http:\/\/archeol.sav.sk\/verejne_obstaravanie\/zmluva2011_03.pdf\" target=\"_blank\">Zmluva \u010d. 3\/11<\/a><\/p>\n<p><img decoding=\"async\" class=\"noprint\" src=\"http:\/\/archeol.sav.sk\/pics\/pdf_button.png\" alt=\"pdf\" align=\"left\" hspace=\"5\" vspace=\"0\" \/><a href=\"http:\/\/archeol.sav.sk\/verejne_obstaravanie\/zmluva2011_04%20-%20SKMBT_C20311053113400.pdf\" target=\"_blank\">Zmluva \u010d. 4\/11<\/a><\/p>\n<p><img decoding=\"async\" class=\"noprint\" src=\"http:\/\/archeol.sav.sk\/pics\/pdf_button.png\" alt=\"pdf\" align=\"left\" hspace=\"5\" vspace=\"0\" \/><a href=\"http:\/\/archeol.sav.sk\/verejne_obstaravanie\/zmluva2011_05.pdf\" target=\"_blank\">Zmluva \u010d. 5\/11<\/a><\/p>\n<p><img decoding=\"async\" class=\"noprint\" src=\"http:\/\/archeol.sav.sk\/pics\/pdf_button.png\" alt=\"pdf\" align=\"left\" hspace=\"5\" vspace=\"0\" \/><a href=\"http:\/\/archeol.sav.sk\/verejne_obstaravanie\/zmluva2011_06.pdf\" target=\"_blank\">Zmluva \u010d. 6\/11<\/a><\/p>\n<p><img decoding=\"async\" class=\"noprint\" src=\"http:\/\/archeol.sav.sk\/pics\/pdf_button.png\" alt=\"pdf\" align=\"left\" hspace=\"5\" vspace=\"0\" \/><a href=\"http:\/\/archeol.sav.sk\/verejne_obstaravanie\/zmluva2011_07.pdf\" target=\"_blank\">Zmluva \u010d. 7\/11<\/a><\/p>\n<p><img decoding=\"async\" class=\"noprint\" src=\"http:\/\/archeol.sav.sk\/pics\/pdf_button.png\" alt=\"pdf\" align=\"left\" hspace=\"5\" vspace=\"0\" \/><a href=\"http:\/\/archeol.sav.sk\/verejne_obstaravanie\/zmluva2011_08.pdf\" target=\"_blank\">Zmluva \u010d. 8\/11<\/a><\/p>\n<p><img decoding=\"async\" class=\"noprint\" src=\"http:\/\/archeol.sav.sk\/pics\/pdf_button.png\" alt=\"pdf\" align=\"left\" hspace=\"5\" vspace=\"0\" \/><a href=\"http:\/\/archeol.sav.sk\/verejne_obstaravanie\/zmluva2011_09.pdf\" target=\"_blank\">Zmluva \u010d. 9\/11<\/a><\/p>\n<p><img decoding=\"async\" class=\"noprint\" src=\"http:\/\/archeol.sav.sk\/pics\/pdf_button.png\" alt=\"pdf\" align=\"left\" hspace=\"5\" vspace=\"0\" \/><a href=\"http:\/\/archeol.sav.sk\/verejne_obstaravanie\/zmluva2011_10.pdf\" target=\"_blank\">Zmluva \u010d. 10\/11<\/a><\/p>\n<p><img decoding=\"async\" class=\"noprint\" src=\"http:\/\/archeol.sav.sk\/pics\/pdf_button.png\" alt=\"pdf\" align=\"left\" hspace=\"5\" vspace=\"0\" \/><a href=\"http:\/\/archeol.sav.sk\/verejne_obstaravanie\/zmluva2011_11-palko_svit.pdf\" target=\"_blank\">Zmluva \u010d. 11\/11 (Palko Svit)<\/a><\/p>\n<p><img decoding=\"async\" class=\"noprint\" src=\"http:\/\/archeol.sav.sk\/pics\/pdf_button.png\" alt=\"pdf\" align=\"left\" hspace=\"5\" vspace=\"0\" \/><a href=\"http:\/\/archeol.sav.sk\/verejne_obstaravanie\/zmluva2011_12-mamut.pdf\" target=\"_blank\">Zmluva \u010d. 12\/11 (Person. agent\u00fara Mamut)<\/a><\/p>\n","protected":false},"excerpt":{"rendered":"<p>Verejn\u00e9 obstar\u00e1vanie &#8211; Zmluvy viazan\u00e9 na \u0161t\u00e1tny rozpo\u010det Rok 2011 &nbsp; Zmluva \u010d. 1\/11 Zmluva \u010d. 2\/11, Zmluva \u010d. 2\/11 (*.doc) Zmluva \u010d. 3\/11 Zmluva \u010d. 4\/11 Zmluva \u010d. 5\/11 Zmluva \u010d. 6\/11 Zmluva \u010d. 7\/11 Zmluva \u010d. 8\/11 Zmluva \u010d. 9\/11 Zmluva \u010d. 10\/11 Zmluva \u010d. 11\/11 (Palko Svit) Zmluva \u010d. 12\/11 (Person. agent\u00fara &#8230; <a class=\"read-more\" href=\"https:\/\/archeol.sav.sk\/index.php\/sk\/zakony-a-normy\/zmluvy-2011-statny-rozpocet\/\">\u010c\u00edtajte viac<\/a><\/p>\n","protected":false},"author":1,"featured_media":0,"parent":118,"menu_order":0,"comment_status":"closed","ping_status":"closed","template":"","meta":[],"_links":{"self":[{"href":"https:\/\/archeol.sav.sk\/index.php\/wp-json\/wp\/v2\/pages\/143"}],"collection":[{"href":"https:\/\/archeol.sav.sk\/index.php\/wp-json\/wp\/v2\/pages"}],"about":[{"href":"https:\/\/archeol.sav.sk\/index.php\/wp-json\/wp\/v2\/types\/page"}],"author":[{"embeddable":true,"href":"https:\/\/archeol.sav.sk\/index.php\/wp-json\/wp\/v2\/users\/1"}],"replies":[{"embeddable":true,"href":"https:\/\/archeol.sav.sk\/index.php\/wp-json\/wp\/v2\/comments?post=143"}],"version-history":[{"count":0,"href":"https:\/\/archeol.sav.sk\/index.php\/wp-json\/wp\/v2\/pages\/143\/revisions"}],"up":[{"embeddable":true,"href":"https:\/\/archeol.sav.sk\/index.php\/wp-json\/wp\/v2\/pages\/118"}],"wp:attachment":[{"href":"https:\/\/archeol.sav.sk\/index.php\/wp-json\/wp\/v2\/media?parent=143"}],"curies":[{"name":"wp","href":"https:\/\/api.w.org\/{rel}","templated":true}]}}