{"id":1428,"date":"2016-07-13T10:30:56","date_gmt":"2016-07-13T08:30:56","guid":{"rendered":"http:\/\/archeol.sav.sk\/?page_id=1428"},"modified":"2016-07-13T10:30:56","modified_gmt":"2016-07-13T08:30:56","slug":"the-studijne-zvesti-au-sav-journal","status":"publish","type":"page","link":"https:\/\/archeol.sav.sk\/index.php\/sk\/the-studijne-zvesti-au-sav-journal\/","title":{"rendered":"The \u0160tudijn\u00e9 zvesti A\u00da SAV Journal"},"content":{"rendered":"<p><strong>The \u0160tudijn\u00e9 zvesti A\u00da SAV Journal<\/strong><\/p>\n<p><strong>\u00a0<\/strong><\/p>\n<p>The \u0160tudijn\u00e9 zvesti A\u00da SAV journal publishes studies focused on the topics of archaeology from prehistory to the Middle Ages, anthropology, archaeobotany, archaeozoology, archaeometry, geophysics, numismatics, applied geodetic and 3D methods. Published works deal with results of field archaeological activities (investigations, surveys, aerial archaeology), analyses, preliminary and partial evaluations, methodology, and registers of sites and finds.<\/p>\n<p>The journal offers publishing space for the diploma works and MA theses in the field of archaeology and fields of science with relation to archaeology from the defined scope of interests of the journal that are beneficial for scientific research. In addition to regular issues, some issues are monothematic \u2013 they are a\u00a0platform for publishing contributions or abstracts from conferences or outputs from grant projects.<\/p>\n<p>The journal has a\u00a0long tradition. Its first issue was published in 1957. In first 50 years (1957-2006), 40 issues of the \u0160tudijn\u00e9 zvesti A\u00da SAV journal altogether were published. It appeared \u00a0irregularly, when the content of individual issues was filled. It often played the role of proceedings\u00a0from conferences. In 2007, the journal became a\u00a0periodical and started to be issued twice a\u00a0year. Since issue 42\/2007, the journal has been peer-reviewed. Since 2013, the journal has been listed in the Central European Journal of Social Science and Humanities (CEJSH) database, which contains data since 2005.<\/p>\n","protected":false},"excerpt":{"rendered":"<p>The \u0160tudijn\u00e9 zvesti A\u00da SAV Journal \u00a0 The \u0160tudijn\u00e9 zvesti A\u00da SAV journal publishes studies focused on the topics of archaeology from prehistory to the Middle Ages, anthropology, archaeobotany, archaeozoology, archaeometry, geophysics, numismatics, applied geodetic and 3D methods. Published works deal with results of field archaeological activities (investigations, surveys, aerial archaeology), analyses, preliminary and partial &#8230; <a class=\"read-more\" href=\"https:\/\/archeol.sav.sk\/index.php\/sk\/the-studijne-zvesti-au-sav-journal\/\">\u010c\u00edtajte viac<\/a><\/p>\n","protected":false},"author":2,"featured_media":0,"parent":0,"menu_order":0,"comment_status":"closed","ping_status":"closed","template":"","meta":[],"_links":{"self":[{"href":"https:\/\/archeol.sav.sk\/index.php\/wp-json\/wp\/v2\/pages\/1428"}],"collection":[{"href":"https:\/\/archeol.sav.sk\/index.php\/wp-json\/wp\/v2\/pages"}],"about":[{"href":"https:\/\/archeol.sav.sk\/index.php\/wp-json\/wp\/v2\/types\/page"}],"author":[{"embeddable":true,"href":"https:\/\/archeol.sav.sk\/index.php\/wp-json\/wp\/v2\/users\/2"}],"replies":[{"embeddable":true,"href":"https:\/\/archeol.sav.sk\/index.php\/wp-json\/wp\/v2\/comments?post=1428"}],"version-history":[{"count":1,"href":"https:\/\/archeol.sav.sk\/index.php\/wp-json\/wp\/v2\/pages\/1428\/revisions"}],"predecessor-version":[{"id":1429,"href":"https:\/\/archeol.sav.sk\/index.php\/wp-json\/wp\/v2\/pages\/1428\/revisions\/1429"}],"wp:attachment":[{"href":"https:\/\/archeol.sav.sk\/index.php\/wp-json\/wp\/v2\/media?parent=1428"}],"curies":[{"name":"wp","href":"https:\/\/api.w.org\/{rel}","templated":true}]}}