{"id":141,"date":"2015-05-03T00:18:32","date_gmt":"2015-05-02T22:18:32","guid":{"rendered":"http:\/\/chcemlego.sk\/?page_id=141"},"modified":"2015-05-03T00:18:32","modified_gmt":"2015-05-02T22:18:32","slug":"objednavky-2011-statny-rozpocet","status":"publish","type":"page","link":"https:\/\/archeol.sav.sk\/index.php\/sk\/zakony-a-normy\/objednavky-2011-statny-rozpocet\/","title":{"rendered":"Objedn\u00e1vky 2011 (\u0160t\u00e1tny rozpo\u010det)"},"content":{"rendered":"<h1>Verejn\u00e9 obstar\u00e1vanie &#8211; Objedn\u00e1vky viazan\u00e9 na \u0161t\u00e1tny rozpo\u010det<\/h1>\n<h2>Rok 2011<\/h2>\n<p>&nbsp;<\/p>\n<p><img decoding=\"async\" class=\"noprint\" src=\"http:\/\/archeol.sav.sk\/pics\/pdf_button.png\" alt=\"pdf\" align=\"left\" hspace=\"5\" vspace=\"0\" \/><a href=\"http:\/\/archeol.sav.sk\/verejne_obstaravanie\/SKMBT_C20311012116520_0002.pdf\" target=\"_blank\">Objedn\u00e1vka \u010d. 1\/11<\/a><\/p>\n<p><img decoding=\"async\" class=\"noprint\" src=\"http:\/\/archeol.sav.sk\/pics\/pdf_button.png\" alt=\"pdf\" align=\"left\" hspace=\"5\" vspace=\"0\" \/><a href=\"http:\/\/archeol.sav.sk\/verejne_obstaravanie\/SKMBT_C20311020119440_02.pdf\" target=\"_blank\">SKMBT_C20311020119440_02.pdf<\/a><\/p>\n<p><img decoding=\"async\" class=\"noprint\" src=\"http:\/\/archeol.sav.sk\/pics\/pdf_button.png\" alt=\"pdf\" align=\"left\" hspace=\"5\" vspace=\"0\" \/><a href=\"http:\/\/archeol.sav.sk\/verejne_obstaravanie\/SKMBT_C20311020119440_01.pdf\" target=\"_blank\">Objedn\u00e1vka \u010d. 3\/11<\/a><\/p>\n<p><img decoding=\"async\" class=\"noprint\" src=\"http:\/\/archeol.sav.sk\/pics\/pdf_button.png\" alt=\"pdf\" align=\"left\" hspace=\"5\" vspace=\"0\" \/><a href=\"http:\/\/archeol.sav.sk\/verejne_obstaravanie\/obj2011_04.pdf\" target=\"_blank\">Objedn\u00e1vka \u010d. 4\/11<\/a><\/p>\n<p><img decoding=\"async\" class=\"noprint\" src=\"http:\/\/archeol.sav.sk\/pics\/pdf_button.png\" alt=\"pdf\" align=\"left\" hspace=\"5\" vspace=\"0\" \/><a href=\"http:\/\/archeol.sav.sk\/verejne_obstaravanie\/obj2011_05.pdf\" target=\"_blank\">Objedn\u00e1vka \u010d. 5\/11<\/a><\/p>\n<p><img decoding=\"async\" class=\"noprint\" src=\"http:\/\/archeol.sav.sk\/pics\/pdf_button.png\" alt=\"pdf\" align=\"left\" hspace=\"5\" vspace=\"0\" \/><a href=\"http:\/\/archeol.sav.sk\/verejne_obstaravanie\/obj2011_06.pdf\" target=\"_blank\">Objedn\u00e1vka \u010d. 6\/11<\/a><\/p>\n<p><img decoding=\"async\" class=\"noprint\" src=\"http:\/\/archeol.sav.sk\/pics\/pdf_button.png\" alt=\"pdf\" align=\"left\" hspace=\"5\" vspace=\"0\" \/><a href=\"http:\/\/archeol.sav.sk\/verejne_obstaravanie\/obj2011_07.pdf\" target=\"_blank\">Objedn\u00e1vka \u010d. 7\/11<\/a><\/p>\n<p><img decoding=\"async\" class=\"noprint\" src=\"http:\/\/archeol.sav.sk\/pics\/pdf_button.png\" alt=\"pdf\" align=\"left\" hspace=\"5\" vspace=\"0\" \/><a href=\"http:\/\/archeol.sav.sk\/verejne_obstaravanie\/obj2011_08.pdf\" target=\"_blank\">Objedn\u00e1vka \u010d. 8\/11<\/a><\/p>\n<p><img decoding=\"async\" class=\"noprint\" src=\"http:\/\/archeol.sav.sk\/pics\/pdf_button.png\" alt=\"pdf\" align=\"left\" hspace=\"5\" vspace=\"0\" \/><a href=\"http:\/\/archeol.sav.sk\/verejne_obstaravanie\/obj2011_09.pdf\" target=\"_blank\">Objedn\u00e1vka \u010d. 9\/11<\/a><\/p>\n<p><img decoding=\"async\" class=\"noprint\" src=\"http:\/\/archeol.sav.sk\/pics\/pdf_button.png\" alt=\"pdf\" align=\"left\" hspace=\"5\" vspace=\"0\" \/><a href=\"http:\/\/archeol.sav.sk\/verejne_obstaravanie\/obj2011_10.pdf\" target=\"_blank\">Objedn\u00e1vka \u010d. 10\/11<\/a><\/p>\n<p><img decoding=\"async\" class=\"noprint\" src=\"http:\/\/archeol.sav.sk\/pics\/pdf_button.png\" alt=\"pdf\" align=\"left\" hspace=\"5\" vspace=\"0\" \/><a href=\"http:\/\/archeol.sav.sk\/verejne_obstaravanie\/obj2011_11.pdf\" target=\"_blank\">Objedn\u00e1vka \u010d. 11\/11<\/a><\/p>\n<p><img decoding=\"async\" class=\"noprint\" src=\"http:\/\/archeol.sav.sk\/pics\/pdf_button.png\" alt=\"pdf\" align=\"left\" hspace=\"5\" vspace=\"0\" \/><a href=\"http:\/\/archeol.sav.sk\/verejne_obstaravanie\/obj2011_file.pdf\" target=\"_blank\">Objedn\u00e1vka \u010d.<\/a><\/p>\n<p><img decoding=\"async\" class=\"noprint\" src=\"http:\/\/archeol.sav.sk\/pics\/pdf_button.png\" alt=\"pdf\" align=\"left\" hspace=\"5\" vspace=\"0\" \/><a href=\"http:\/\/archeol.sav.sk\/verejne_obstaravanie\/obj2011_12.pdf\" target=\"_blank\">Objedn\u00e1vka \u010d. 12\/11<\/a><\/p>\n<p><img decoding=\"async\" class=\"noprint\" src=\"http:\/\/archeol.sav.sk\/pics\/pdf_button.png\" alt=\"pdf\" align=\"left\" hspace=\"5\" vspace=\"0\" \/><a href=\"http:\/\/archeol.sav.sk\/verejne_obstaravanie\/obj2011_13.pdf\" target=\"_blank\">Objedn\u00e1vka \u010d. 13\/11<\/a><\/p>\n<p><img decoding=\"async\" class=\"noprint\" src=\"http:\/\/archeol.sav.sk\/pics\/pdf_button.png\" alt=\"pdf\" align=\"left\" hspace=\"5\" vspace=\"0\" \/><a href=\"http:\/\/archeol.sav.sk\/verejne_obstaravanie\/obj2011_14.pdf\" target=\"_blank\">Objedn\u00e1vka \u010d. 14\/11<\/a><\/p>\n<p><img decoding=\"async\" class=\"noprint\" src=\"http:\/\/archeol.sav.sk\/pics\/pdf_button.png\" alt=\"pdf\" align=\"left\" hspace=\"5\" vspace=\"0\" \/><a href=\"http:\/\/archeol.sav.sk\/verejne_obstaravanie\/obj2011_15.pdf\" target=\"_blank\">Objedn\u00e1vka \u010d. 15\/11<\/a><\/p>\n<p><img decoding=\"async\" class=\"noprint\" src=\"http:\/\/archeol.sav.sk\/pics\/pdf_button.png\" alt=\"pdf\" align=\"left\" hspace=\"5\" vspace=\"0\" \/><a href=\"http:\/\/archeol.sav.sk\/verejne_obstaravanie\/obj2011_16.pdf\" target=\"_blank\">Objedn\u00e1vka \u010d. 16\/11<\/a><\/p>\n<p><img decoding=\"async\" class=\"noprint\" src=\"http:\/\/archeol.sav.sk\/pics\/pdf_button.png\" alt=\"pdf\" align=\"left\" hspace=\"5\" vspace=\"0\" \/><a href=\"http:\/\/archeol.sav.sk\/verejne_obstaravanie\/obj2011_17.pdf\" target=\"_blank\">Objedn\u00e1vka \u010d. 17\/11<\/a><\/p>\n<p><img decoding=\"async\" class=\"noprint\" src=\"http:\/\/archeol.sav.sk\/pics\/pdf_button.png\" alt=\"pdf\" align=\"left\" hspace=\"5\" vspace=\"0\" \/><a href=\"http:\/\/archeol.sav.sk\/verejne_obstaravanie\/obj2011_18.pdf\" target=\"_blank\">Objedn\u00e1vka \u010d. 18\/11<\/a><\/p>\n<p><img decoding=\"async\" class=\"noprint\" src=\"http:\/\/archeol.sav.sk\/pics\/pdf_button.png\" alt=\"pdf\" align=\"left\" hspace=\"5\" vspace=\"0\" \/><a href=\"http:\/\/archeol.sav.sk\/verejne_obstaravanie\/obj2011_19.pdf\" target=\"_blank\">Objedn\u00e1vka \u010d. 19\/11<\/a><\/p>\n<p><img decoding=\"async\" class=\"noprint\" src=\"http:\/\/archeol.sav.sk\/pics\/pdf_button.png\" alt=\"pdf\" align=\"left\" hspace=\"5\" vspace=\"0\" \/><a href=\"http:\/\/archeol.sav.sk\/verejne_obstaravanie\/obj2011_20.pdf\" target=\"_blank\">Objedn\u00e1vka \u010d. 20\/11<\/a><\/p>\n<p><img decoding=\"async\" class=\"noprint\" src=\"http:\/\/archeol.sav.sk\/pics\/pdf_button.png\" alt=\"pdf\" align=\"left\" hspace=\"5\" vspace=\"0\" \/><a href=\"http:\/\/archeol.sav.sk\/verejne_obstaravanie\/obj2011_21.pdf\" target=\"_blank\">Objedn\u00e1vka \u010d. 21\/11<\/a><\/p>\n<p><img decoding=\"async\" class=\"noprint\" src=\"http:\/\/archeol.sav.sk\/pics\/pdf_button.png\" alt=\"pdf\" align=\"left\" hspace=\"5\" vspace=\"0\" \/><a href=\"http:\/\/archeol.sav.sk\/verejne_obstaravanie\/obj2011_22.pdf\" target=\"_blank\">Objedn\u00e1vka \u010d. 22\/11<\/a><\/p>\n<p><img decoding=\"async\" class=\"noprint\" src=\"http:\/\/archeol.sav.sk\/pics\/pdf_button.png\" alt=\"pdf\" align=\"left\" hspace=\"5\" vspace=\"0\" \/><a href=\"http:\/\/archeol.sav.sk\/verejne_obstaravanie\/obj2011_23.pdf\" target=\"_blank\">Objedn\u00e1vka \u010d. 23\/11<\/a><\/p>\n<p><img decoding=\"async\" class=\"noprint\" src=\"http:\/\/archeol.sav.sk\/pics\/pdf_button.png\" alt=\"pdf\" align=\"left\" hspace=\"5\" vspace=\"0\" \/><a href=\"http:\/\/archeol.sav.sk\/verejne_obstaravanie\/obj2011_24.pdf\" target=\"_blank\">Objedn\u00e1vka \u010d. 24\/11<\/a><\/p>\n<p><img decoding=\"async\" class=\"noprint\" src=\"http:\/\/archeol.sav.sk\/pics\/pdf_button.png\" alt=\"pdf\" align=\"left\" hspace=\"5\" vspace=\"0\" \/><a href=\"http:\/\/archeol.sav.sk\/verejne_obstaravanie\/obj2011_25.pdf\" target=\"_blank\">Objedn\u00e1vka \u010d. 25\/11<\/a><\/p>\n<p><img decoding=\"async\" class=\"noprint\" src=\"http:\/\/archeol.sav.sk\/pics\/pdf_button.png\" alt=\"pdf\" align=\"left\" hspace=\"5\" vspace=\"0\" \/><a href=\"http:\/\/archeol.sav.sk\/verejne_obstaravanie\/obj2011_26.pdf\" target=\"_blank\">Objedn\u00e1vka \u010d. 26\/11<\/a><\/p>\n<p><img decoding=\"async\" class=\"noprint\" src=\"http:\/\/archeol.sav.sk\/pics\/pdf_button.png\" alt=\"pdf\" align=\"left\" hspace=\"5\" vspace=\"0\" \/><a href=\"http:\/\/archeol.sav.sk\/verejne_obstaravanie\/obj2011_27.pdf\" target=\"_blank\">Objedn\u00e1vka \u010d. 27\/11<\/a><\/p>\n<p><img decoding=\"async\" class=\"noprint\" src=\"http:\/\/archeol.sav.sk\/pics\/pdf_button.png\" alt=\"pdf\" align=\"left\" hspace=\"5\" vspace=\"0\" \/><a href=\"http:\/\/archeol.sav.sk\/verejne_obstaravanie\/obj2011_28.pdf\" target=\"_blank\">Objedn\u00e1vka \u010d. 28\/11 (230\/10)<\/a><\/p>\n<p><img decoding=\"async\" class=\"noprint\" src=\"http:\/\/archeol.sav.sk\/pics\/pdf_button.png\" alt=\"pdf\" align=\"left\" hspace=\"5\" vspace=\"0\" \/><a href=\"http:\/\/archeol.sav.sk\/verejne_obstaravanie\/obj2011_96.pdf\" target=\"_blank\">Objedn\u00e1vka \u010d. 96\/11<\/a><\/p>\n<p><img decoding=\"async\" class=\"noprint\" src=\"http:\/\/archeol.sav.sk\/pics\/pdf_button.png\" alt=\"pdf\" align=\"left\" hspace=\"5\" vspace=\"0\" \/><a href=\"http:\/\/archeol.sav.sk\/verejne_obstaravanie\/obj2011_117.pdf\" target=\"_blank\">Objedn\u00e1vka \u010d. 117\/11<\/a><\/p>\n<p><img decoding=\"async\" class=\"noprint\" src=\"http:\/\/archeol.sav.sk\/pics\/pdf_button.png\" alt=\"pdf\" align=\"left\" hspace=\"5\" vspace=\"0\" \/><a href=\"http:\/\/archeol.sav.sk\/verejne_obstaravanie\/obj2011_153.pdf\" target=\"_blank\">Objedn\u00e1vka \u010d. 153\/11<\/a><\/p>\n<p><img decoding=\"async\" class=\"noprint\" src=\"http:\/\/archeol.sav.sk\/pics\/pdf_button.png\" alt=\"pdf\" align=\"left\" hspace=\"5\" vspace=\"0\" \/><a href=\"http:\/\/archeol.sav.sk\/verejne_obstaravanie\/obj2011_172.pdf\" target=\"_blank\">Objedn\u00e1vka \u010d. 172\/11<\/a><\/p>\n<p><img decoding=\"async\" class=\"noprint\" src=\"http:\/\/archeol.sav.sk\/pics\/pdf_button.png\" alt=\"pdf\" align=\"left\" hspace=\"5\" vspace=\"0\" \/><a href=\"http:\/\/archeol.sav.sk\/verejne_obstaravanie\/obj2011_182.pdf\" target=\"_blank\">Objedn\u00e1vka \u010d. 182\/11<\/a><\/p>\n<p><img decoding=\"async\" class=\"noprint\" src=\"http:\/\/archeol.sav.sk\/pics\/pdf_button.png\" alt=\"pdf\" align=\"left\" hspace=\"5\" vspace=\"0\" \/><a href=\"http:\/\/archeol.sav.sk\/verejne_obstaravanie\/obj2011_196.pdf\" target=\"_blank\">Objedn\u00e1vka \u010d. 196\/11<\/a><\/p>\n<p><img decoding=\"async\" class=\"noprint\" src=\"http:\/\/archeol.sav.sk\/pics\/pdf_button.png\" alt=\"pdf\" align=\"left\" hspace=\"5\" vspace=\"0\" \/><a href=\"http:\/\/archeol.sav.sk\/verejne_obstaravanie\/obj2011_197.pdf\" target=\"_blank\">Objedn\u00e1vka \u010d. 197\/11<\/a><\/p>\n<p><img decoding=\"async\" class=\"noprint\" src=\"http:\/\/archeol.sav.sk\/pics\/pdf_button.png\" alt=\"pdf\" align=\"left\" hspace=\"5\" vspace=\"0\" \/><a href=\"http:\/\/archeol.sav.sk\/verejne_obstaravanie\/obj2011_1011-index_noslus.pdf\" target=\"_blank\">Objedn\u00e1vka \u010d. 1011\/11 (Index Noslu\u0161)<\/a><\/p>\n","protected":false},"excerpt":{"rendered":"<p>Verejn\u00e9 obstar\u00e1vanie &#8211; Objedn\u00e1vky viazan\u00e9 na \u0161t\u00e1tny rozpo\u010det Rok 2011 &nbsp; Objedn\u00e1vka \u010d. 1\/11 SKMBT_C20311020119440_02.pdf Objedn\u00e1vka \u010d. 3\/11 Objedn\u00e1vka \u010d. 4\/11 Objedn\u00e1vka \u010d. 5\/11 Objedn\u00e1vka \u010d. 6\/11 Objedn\u00e1vka \u010d. 7\/11 Objedn\u00e1vka \u010d. 8\/11 Objedn\u00e1vka \u010d. 9\/11 Objedn\u00e1vka \u010d. 10\/11 Objedn\u00e1vka \u010d. 11\/11 Objedn\u00e1vka \u010d. Objedn\u00e1vka \u010d. 12\/11 Objedn\u00e1vka \u010d. 13\/11 Objedn\u00e1vka \u010d. 14\/11 Objedn\u00e1vka \u010d. &#8230; <a class=\"read-more\" href=\"https:\/\/archeol.sav.sk\/index.php\/sk\/zakony-a-normy\/objednavky-2011-statny-rozpocet\/\">\u010c\u00edtajte viac<\/a><\/p>\n","protected":false},"author":1,"featured_media":0,"parent":118,"menu_order":0,"comment_status":"closed","ping_status":"closed","template":"","meta":[],"_links":{"self":[{"href":"https:\/\/archeol.sav.sk\/index.php\/wp-json\/wp\/v2\/pages\/141"}],"collection":[{"href":"https:\/\/archeol.sav.sk\/index.php\/wp-json\/wp\/v2\/pages"}],"about":[{"href":"https:\/\/archeol.sav.sk\/index.php\/wp-json\/wp\/v2\/types\/page"}],"author":[{"embeddable":true,"href":"https:\/\/archeol.sav.sk\/index.php\/wp-json\/wp\/v2\/users\/1"}],"replies":[{"embeddable":true,"href":"https:\/\/archeol.sav.sk\/index.php\/wp-json\/wp\/v2\/comments?post=141"}],"version-history":[{"count":0,"href":"https:\/\/archeol.sav.sk\/index.php\/wp-json\/wp\/v2\/pages\/141\/revisions"}],"up":[{"embeddable":true,"href":"https:\/\/archeol.sav.sk\/index.php\/wp-json\/wp\/v2\/pages\/118"}],"wp:attachment":[{"href":"https:\/\/archeol.sav.sk\/index.php\/wp-json\/wp\/v2\/media?parent=141"}],"curies":[{"name":"wp","href":"https:\/\/api.w.org\/{rel}","templated":true}]}}