{"id":118,"date":"2015-05-03T00:07:35","date_gmt":"2015-05-02T22:07:35","guid":{"rendered":"http:\/\/chcemlego.sk\/?page_id=118"},"modified":"2015-05-03T00:07:35","modified_gmt":"2015-05-02T22:07:35","slug":"zakony-a-normy","status":"publish","type":"page","link":"https:\/\/archeol.sav.sk\/index.php\/sk\/zakony-a-normy\/","title":{"rendered":"Z\u00e1kony a normy"},"content":{"rendered":"<h1>Verejn\u00e9 obstar\u00e1vanie<\/h1>\n<h2>S\u00fahrna spr\u00e1va \u00a79 ods.9. za I. \u0161tvr\u0165rok 2014<\/h2>\n<h2>Oznamy pod\u013ea \u00a7 9 ods. 9 z\u00e1kona \u010d. 25\/2006 Z. z. o verejnom obstar\u00e1van\u00ed a o zmene a doplnen\u00ed niektor\u00fdch z\u00e1konov v znen\u00ed \u00fa\u010dinnom od 01.07.2013<\/h2>\n<p><b>14.3.2014<\/b> &#8211; <i>Verejn\u00fd obstar\u00e1vate\u013e po uplynut\u00ed troch pracovn\u00fdch dn\u00ed odo d\u0148a zverejnenia tohto ozn\u00e1menia zad\u00e1 zmluvu na dod\u00e1vku a mont\u00e1\u017e IP kamerov\u00e9ho syst\u00e9mu v budove \u010d.6 are\u00e1li kas\u00e1rni na Martinskom vrchu v Nitre &#8211; CZ CZ Nitra s.r.o., Zlatomoraveck\u00e15, 94901 Nitra<\/i><\/p>\n<p><b>12.3.2014<\/b> &#8211; <i>Verejn\u00fd obstar\u00e1vate\u013e po uplynut\u00ed troch pracovn\u00fdch dn\u00ed odo d\u0148a zverejnenia tohto ozn\u00e1menia zad\u00e1 z\u00e1kazku na v\u00fdkopov\u00e9 pr\u00e1ce na archeologick\u00fdch v\u00fdskumoch &#8211; P.a.Mamut s.r.o. Cabaj \u010c\u00e1por 1218, 951 17 Cabaj-\u010c\u00e1por<\/i><\/p>\n<p><b>10.3.2014<\/b> &#8211; <i>Verejn\u00fd obstar\u00e1vate\u013e po uplynut\u00ed troch pracovn\u00fdch dn\u00ed odo d\u0148a zverejnenia tohto ozn\u00e1menia zad\u00e1 z\u00e1kazku na opravu automobilov &#8211; CARS-SERVICE s.r.o., Rastislavova 2, 94901 Nitra <\/i><\/p>\n<p><b>8.3.2014<\/b> &#8211; <i>Verejn\u00fd obstar\u00e1vate\u013e po uplynut\u00ed troch pracovn\u00fdch dn\u00ed odo d\u0148a zverejnenia tohto ozn\u00e1menia zad\u00e1 objedn\u00e1vku na programov\u00e9 vybavenie na z\u00e1klade R\u00e1mcovej dohody na dod\u00e1vku v\u00fdpo\u010dtovej techniky zo d\u0148a 20.2.2014 &#8211; Datalan, a.s., Galvaniho 17\/A, 821 04 Bratislava<\/i><\/p>\n<p><b>4.2.2014<\/b> &#8211; <i>Verejn\u00fd obstar\u00e1vate\u013e po uplynut\u00ed troch pracovn\u00fdch dn\u00ed odo d\u0148a zverejnenia tohto ozn\u00e1menia zad\u00e1 prekladate\u013esk\u00e9 pr\u00e1ce -anglick\u00fd jazyk: Mgr. Viera Tejbusov\u00e1, Koll\u00e1rov\u00e1 17, 07801 Se\u010dovce<\/i><\/p>\n<p><b>4.2.2014<\/b> &#8211; <i>Verejn\u00fd obstar\u00e1vate\u013e po uplynut\u00ed troch pracovn\u00fdch dn\u00ed odo d\u0148a zverejnenia tohto ozn\u00e1menia zad\u00e1 prekladate\u013esk\u00e9 pr\u00e1ce -anglick\u00fd jazyk: ASPA- prekladate\u013esk\u00e9 a tlmo\u010dn\u00edcke slu\u017eby, \u017datevn\u00e1 1225, 95135 Ve\u013ek\u00e9 Z\u00e1lu\u017eie<\/i><\/p>\n<p><b>4.2.2014<\/b> &#8211; <i>Verejn\u00fd obstar\u00e1vate\u013e po uplynut\u00ed troch pracovn\u00fdch dn\u00ed odo d\u0148a zverejnenia tohto ozn\u00e1menia zad\u00e1 prekladate\u013esk\u00e9 pr\u00e1ce -anglick\u00fd jazyk: \u013dubica Markov\u00e1, M\u00fdtna 219, 98553 M\u00fdtna <\/i><\/p>\n<p><b>17.12.2013<\/b> &#8211; <i>Verejn\u00fd obstar\u00e1vate\u013e po uplynut\u00ed troch pracovn\u00fdch dn\u00ed odo d\u0148a zverejnenia tohto ozn\u00e1menia zad\u00e1 objedn\u00e1vku na:Pracovn\u00e9 n\u00e1radie na v\u00fdskum -L&amp;\u0160, s.r.o., Novoz\u00e1mock\u00e1 199,94905 Nitra <\/i><\/p>\n<p><b>16.12.2013<\/b> &#8211; <i>Verejn\u00fd obstar\u00e1vate\u013e po uplynut\u00ed troch pracovn\u00fdch dn\u00ed odo d\u0148a zverejnenia tohto ozn\u00e1menia zad\u00e1 objedn\u00e1vku na :oba\u013eovac\u00ed a prepisovac\u00ed materi\u00e1l &#8211; SLOVPAP Slovakia s.r.o., Levick\u00e1 7, 94901 Nitra <\/i><\/p>\n<p><b>16.12.2013<\/b> &#8211; <i>Verejn\u00fd obstar\u00e1vate\u013e po uplynut\u00ed troch pracovn\u00fdch dn\u00ed odo d\u0148a zverejnenia tohto ozn\u00e1menia zad\u00e1 objedn\u00e1vku na :skladacie v\u00fdty\u010dky,nivela\u010dn\u00e9 laty a skladacie dvojmetre- Geoteam spol.s.r.o., Gunduli\u010dova 1, 811 05 Bratislava <\/i><\/p>\n<p><b>13.12.2013<\/b> &#8211; <i>Verejn\u00fd obstar\u00e1vate\u013e po uplynut\u00ed troch pracovn\u00fdch dn\u00ed odo d\u0148a zverejnenia tohto ozn\u00e1menia zad\u00e1 objedn\u00e1vku na: karton\u00e1\u017e &#8211; TOP REFAL obaly, spol. s.r.o., Odboj\u00e1rov 294\/10, 955 01 Tov\u00e1rniky<\/i><\/p>\n<p><b>13.12.2013<\/b> &#8211; <i>Verejn\u00fd obstar\u00e1vate\u013e po uplynut\u00ed troch pracovn\u00fdch dn\u00ed odo d\u0148a zverejnenia tohto ozn\u00e1menia zad\u00e1 objedn\u00e1vku na: Malotraktor KUBOTA B1220 bez kab\u00edny &#8211; Mari\u00e1n \u0160upa, J.Holl\u00e9ho 53, 922 07 Ve\u013ek\u00e9 Kosto\u013eany<\/i><\/p>\n<p><b>13.12.2013<\/b> &#8211; <i>Verejn\u00fd obstar\u00e1vate\u013e po uplynut\u00ed troch pracovn\u00fdch dn\u00ed odo d\u0148a zverejnenia tohto ozn\u00e1menia zad\u00e1 objedn\u00e1vku na: Pracovn\u00e9 n\u00e1radie na v\u00fdskum &#8211; Ing. Miroslav T\u00f3th &#8211; T\u00d3TH, prev\u00e1dzka Nitra Cabajsk\u00e1 42, 94901 Nitra<\/i><\/p>\n<p><b>5.12.2013<\/b> &#8211; <i>Verejn\u00fd obstar\u00e1vate\u013e po uplynut\u00ed troch pracovn\u00fdch dn\u00ed odo d\u0148a zverejnenia tohto ozn\u00e1menia zad\u00e1 objedn\u00e1vku na: Husqvarna 555RXT benz\u00ednov\u00fd krovinorez -2ks, re\u0165azov\u00fa p\u00edlu Husqvarna 550 XP -2ks, \u017eacie lanko-2ks, 2-taktn\u00fd olej -2ks, 4-taktn\u00fd olej -2ks-Chrome s.r.o.-OZ Husqvarna, Podz\u00e1mska 3, 94901 Nitra<\/i><\/p>\n<p><b>5.12.2013<\/b> &#8211; <i>Verejn\u00fd obstar\u00e1vate\u013e po uplynut\u00ed troch pracovn\u00fdch dn\u00ed odo d\u0148a zverejnenia tohto ozn\u00e1menia zad\u00e1 objedn\u00e1vku na: elektrocentr\u00e1lu Honda EC 2000 -4ks, kalov\u00e9 \u010derpadlo Honda-2ks, postrekova\u010d Honda-1ks &#8211; KOLEX, s.r.o., Janka Kr\u00e1\u013ea 27, 94901 Nitra <\/i><\/p>\n<p><b>27.11.2013<\/b> &#8211; <i>Verejn\u00fd obstar\u00e1vate\u013e po uplynut\u00ed troch pracovn\u00fdch dn\u00ed odo d\u0148a zverejnenia tohto ozn\u00e1menia zad\u00e1 objedn\u00e1vku na: Na softv\u00e9ry: OfficeProPlus 2013 SNGL MVL a OfficeStd 2013 SNGL MVL &#8211; Exe spol. s.r.o., Sl\u00e1vi\u010die \u00fadolie 6, 811 02 Bratislava<\/i><\/p>\n<p><b>12.11.2013<\/b> &#8211; <i>Verejn\u00fd obstar\u00e1vate\u013e po uplynut\u00ed troch pracovn\u00fdch dn\u00ed odo d\u0148a zverejnenia tohto ozn\u00e1menia zad\u00e1 objedn\u00e1vku na: nivela\u010dn\u00fd pr\u00edstroj Leica Jogger 28 v sade so stat\u00edvom a nivela\u010dnou latou-7ks -Geotech Bratislava s.r.o. , \u010cerny\u0161evsk\u00e9ho 26, 851 01 Bratislava<\/i><\/p>\n<hr \/>\n<p><a href=\"http:\/\/archeol.sav.sk\/verejne_obstaravanie_2013\/00_formular41_1-2.pdf\" target=\"_self\"><b>INFORM\u00c1CIA t\u00fdkaj\u00faca sa splnenia povinnosti pod\u013ea \u00a7 41 ods. 1 z\u00e1kona \u010d. 25\/2006 Z. z. o verejnom obstar\u00e1van\u00ed a o zmene a doplnen\u00ed niektor\u00fdch z\u00e1konov v znen\u00ed neskor\u0161\u00edch predpisov<\/b><\/a><\/p>\n","protected":false},"excerpt":{"rendered":"<p>Verejn\u00e9 obstar\u00e1vanie S\u00fahrna spr\u00e1va \u00a79 ods.9. za I. \u0161tvr\u0165rok 2014 Oznamy pod\u013ea \u00a7 9 ods. 9 z\u00e1kona \u010d. 25\/2006 Z. z. o verejnom obstar\u00e1van\u00ed a o zmene a doplnen\u00ed niektor\u00fdch z\u00e1konov v znen\u00ed \u00fa\u010dinnom od 01.07.2013 14.3.2014 &#8211; Verejn\u00fd obstar\u00e1vate\u013e po uplynut\u00ed troch pracovn\u00fdch dn\u00ed odo d\u0148a zverejnenia tohto ozn\u00e1menia zad\u00e1 zmluvu na dod\u00e1vku a &#8230; <a class=\"read-more\" href=\"https:\/\/archeol.sav.sk\/index.php\/sk\/zakony-a-normy\/\">\u010c\u00edtajte viac<\/a><\/p>\n","protected":false},"author":1,"featured_media":0,"parent":0,"menu_order":0,"comment_status":"closed","ping_status":"closed","template":"","meta":[],"_links":{"self":[{"href":"https:\/\/archeol.sav.sk\/index.php\/wp-json\/wp\/v2\/pages\/118"}],"collection":[{"href":"https:\/\/archeol.sav.sk\/index.php\/wp-json\/wp\/v2\/pages"}],"about":[{"href":"https:\/\/archeol.sav.sk\/index.php\/wp-json\/wp\/v2\/types\/page"}],"author":[{"embeddable":true,"href":"https:\/\/archeol.sav.sk\/index.php\/wp-json\/wp\/v2\/users\/1"}],"replies":[{"embeddable":true,"href":"https:\/\/archeol.sav.sk\/index.php\/wp-json\/wp\/v2\/comments?post=118"}],"version-history":[{"count":0,"href":"https:\/\/archeol.sav.sk\/index.php\/wp-json\/wp\/v2\/pages\/118\/revisions"}],"wp:attachment":[{"href":"https:\/\/archeol.sav.sk\/index.php\/wp-json\/wp\/v2\/media?parent=118"}],"curies":[{"name":"wp","href":"https:\/\/api.w.org\/{rel}","templated":true}]}}