{"id":1179,"date":"2016-04-19T15:17:28","date_gmt":"2016-04-19T13:17:28","guid":{"rendered":"http:\/\/archeol.sav.sk\/?page_id=1179"},"modified":"2017-11-14T13:01:21","modified_gmt":"2017-11-14T11:01:21","slug":"suroviny-a-technologie-vo-vcasnom-historickom-obdobi-na-slovensku","status":"publish","type":"page","link":"https:\/\/archeol.sav.sk\/index.php\/sk\/kontakt\/vyskum\/suroviny-a-technologie-vo-vcasnom-historickom-obdobi-na-slovensku\/","title":{"rendered":"Suroviny a technol\u00f3gie vo v\u010dasnom historickom obdob\u00ed na Slovensku"},"content":{"rendered":"<p><strong>Raw Materials and Technology in the Early Historic Period in Slovakia<\/strong><\/p>\n<p><strong>Projekt grantovej agent\u00fary VEGA \u010d\u00edslo 2\/0150\/15<\/strong><\/p>\n<p><strong>Project of Grant Agency VEGA Number 2\/0150\/15<\/strong><\/p>\n<p>&nbsp;<\/p>\n<p><strong>K\u013e\u00fa\u010dov\u00e9 slov\u00e1<\/strong>: Suroviny, technol\u00f3gie, v\u010dasn\u00e1 doba historick\u00e1, Slovensko<\/p>\n<p><strong>Key words: <\/strong>Raw materials, Resources, Technology, Early Historic Period, Slovakia<\/p>\n<p><strong>Doba rie\u0161enia:<\/strong> 01\/2015 \u2013 12\/2017<\/p>\n<p><strong>Duration of the project: <\/strong>01\/2015 \u2013 12\/2017<\/p>\n<p>&nbsp;<\/p>\n<p><strong>Anot\u00e1cia projektu:<\/strong><\/p>\n<p><img decoding=\"async\" loading=\"lazy\" class=\"size-medium wp-image-1180 alignright\" src=\"http:\/\/archeol.sav.sk\/files\/Straze-300x240.jpg\" alt=\"Straze\" width=\"300\" height=\"240\" srcset=\"https:\/\/archeol.sav.sk\/files\/Straze-300x240.jpg 300w, https:\/\/archeol.sav.sk\/files\/Straze-768x615.jpg 768w, https:\/\/archeol.sav.sk\/files\/Straze.jpg 800w\" sizes=\"(max-width: 300px) 100vw, 300px\" \/>Prostredn\u00edctvom pr\u00edrodovedn\u00fdch anal\u00fdz archeologick\u00fdch n\u00e1lezov z\u00edska\u0165 exaktn\u00e9 poznatky o\u00a0vyu\u017e\u00edvan\u00fdch surovin\u00e1ch, ich pravdepodobn\u00fdch zdrojoch, postupoch ich spracovania, a najm\u00e4 o r\u00f4znych pou\u017e\u00edvan\u00fdch technologick\u00fdch postupoch pri v\u00fdrobe a zhotovovan\u00ed vybran\u00fdch kateg\u00f3ri\u00ed predmetov dennej potreby, s\u00fa\u010dast\u00ed odevu, zbran\u00ed, ale aj ozd\u00f4b a \u0161perkov v jednotliv\u00fdch \u00fasekoch v\u010dasn\u00e9ho historick\u00e9ho obdobia. Na z\u00e1klade ich porovnania h\u013eada\u0165 p\u00f4vod surovinov\u00fdch zdrojov a predpokladan\u00fd transf\u00e9r r\u00f4znych technol\u00f3gi\u00ed medzi jednotliv\u00fdmi spolo\u010denstvami a geografick\u00fdmi oblas\u0165ami v r\u00e1mci strednej Eur\u00f3py. Zhodnoti\u0165 technologick\u00fd a civiliza\u010dn\u00fd v\u00fdvoj, jeho kontinuitu, diskontinuitu, progres, regres v r\u00e1mci jednotliv\u00fdch \u00fasekov i prierezovo od doby \u017eeleznej po v\u010dasn\u00fd stredovek.<\/p>\n<p><strong>Project summary:<\/strong><\/p>\n<p>The subject matter is to obtain exact knowledge on used raw materials, presumed resources, processing methods, and in particular the use of various technological processes in production and manufacturing of selected categories of everyday artefacts, clothing components, weapons, as well as ornaments and jewellery in different periods of the Early Historic Times by applying natural scientific analyses of archaeological finds; following their comparison to investigate the origin of raw materials and the expected transfer of different technologies between individual communities and geographic areas in Central Europe; to evaluate technological and civilizational development, its continuity, discontinuity, progress regress within individual time periods and also collectively from the Iron Age to the Early Middle Ages.<\/p>\n<p>&nbsp;<\/p>\n<p><strong>Rie\u0161ite\u013esk\u00fd kolekt\u00edv:<\/strong><\/p>\n<p><strong>Scientific collaborators:<\/strong><\/p>\n<p>&nbsp;<\/p>\n<p><strong>Archeologick\u00fd \u00fastav SAV, Akademick\u00e1 2, 949 21 Nitra:<\/strong><\/p>\n<p><strong>Rajt\u00e1r J\u00e1n, PhDr., CSc. (ved\u00faci projektu\/principal investigator), <\/strong><a href=\"mailto:jan.rajtar@savba.sk\">jan.rajtar@savba.sk<\/a><\/p>\n<p>Z\u00e1bojn\u00edk Jozef, doc. PhDr. CSc., <a href=\"mailto:jozef.zabojnik@savba.sk\">jozef.zabojnik@savba.sk<\/a><\/p>\n<p>Stegmann-Rajt\u00e1r Susanne, PhDr., CSc., <a href=\"mailto:zuzana.rajtarova@savba.sk\">zuzana.rajtarova@savba.sk<\/a><\/p>\n<p>Koln\u00edkov\u00e1 Eva, PhDr., DrSc., <a href=\"mailto:titusaeva@gmail.com\">titusaeva@gmail.com<\/a><\/p>\n<p>\u00d6lvecky R\u00f3bert, Mgr., PhD., <a href=\"mailto:olvecky@gmail.com\">olvecky@gmail.com<\/a><\/p>\n<p>Felcan Michal, Mgr., <a href=\"mailto:michal.felcan@savba.sk\">michal.felcan@savba.sk<\/a><\/p>\n<p>Horv\u00e1th Peter, Mgr., <a href=\"mailto:peter.horvath@savba.sk\">peter.horvath@savba.sk<\/a><\/p>\n<p>Kov\u00e1csov\u00e1 Linda, Mgr., <a href=\"mailto:linda.kovacsova@savba.sk\">linda.kovacsova@savba.sk<\/a><\/p>\n<p>Knoll Mari\u00e1n, Mgr., <a href=\"mailto:knol.atlas.sk@atlas.sk\">knol.atlas.sk@atlas.sk<\/a><\/p>\n<p>Vrte\u013eov\u00e1 Anna, Mgr., <a href=\"mailto:anna.vrtelova@savba.sk\">anna.vrtelova@savba.sk<\/a><\/p>\n<p>&nbsp;<\/p>\n<p><strong>Gemologick\u00fd \u00fastav, <\/strong><strong>Fakulta pr\u00edrodn\u00fdch vied UKF, <\/strong><strong>N\u00e1bre\u017eie ml\u00e1de\u017ee 91<\/strong><strong>, 949 74 Nitra:<\/strong><\/p>\n<p>Tirp\u00e1k J\u00e1n, doc. RNDr. CSc., <a href=\"mailto:jtirpak@ukf.sk\">jtirpak@ukf.sk<\/a><\/p>\n<p>Ill\u00e1\u0161ov\u00e1 \u013dudmila, doc., RNDr. PhD., <a href=\"mailto:lillasova@ukf.sk\">lillasova@ukf.sk<\/a><\/p>\n<p>&nbsp;<\/p>\n<p><strong>Priebe\u017en\u00e9 v\u00fdsledky:<\/strong><\/p>\n<p><strong>Intermediate results:<\/strong><\/p>\n<p><strong>2015<\/strong><img decoding=\"async\" loading=\"lazy\" class=\"size-medium wp-image-1182 alignright\" src=\"http:\/\/archeol.sav.sk\/files\/Zohor-300x248.jpg\" alt=\"Zohor\" width=\"300\" height=\"248\" srcset=\"https:\/\/archeol.sav.sk\/files\/Zohor-300x248.jpg 300w, https:\/\/archeol.sav.sk\/files\/Zohor-768x636.jpg 768w, https:\/\/archeol.sav.sk\/files\/Zohor-1024x848.jpg 1024w, https:\/\/archeol.sav.sk\/files\/Zohor.jpg 1139w\" sizes=\"(max-width: 300px) 100vw, 300px\" \/><\/p>\n<p>Metalografick\u00e9 anal\u00fdzy vybran\u00fdch skup\u00edn predmetov zo zliatin\u00a0farebn\u00fdch kovov, tvorba v\u00fdsledn\u00fdch datab\u00e1z k n\u00e1lezom z\u00a0doby hal\u0161tatskej (hroty \u0161\u00edpov z\u00a0pohrebiska v\u00a0Chot\u00edne), z\u00a0doby lat\u00e9nskej (z pohrebiska v\u00a0Pal\u00e1rikove), z\u00a0doby r\u00edmskej (n\u00e1lezy z\u00a0I\u017ee, Kostolnej pri Dunaji, <a href=\"http:\/\/archeol.sav.sk\/files\/Krakovany_Str\u00e1\u017ee.pdf\">Krakovian-Str\u00e1\u017e\u00ed<\/a>, Zohora a\u00a0\u010fal\u0161\u00edch) a\u00a0z\u00a0obdobia avarsk\u00e9ho kagan\u00e1tu (z pohrebiska <a href=\"http:\/\/archeol.sav.sk\/files\/Valaliky-V\u0161echsv\u00e4t\u00fdch.pdf\">Valal\u00edky-V\u0161echsv\u00e4t\u00fdch<\/a>) a\u00a0ich vyhodnotenie.<\/p>\n<p>&nbsp;<\/p>\n<p><a href=\"http:\/\/archeol.sav.sk\/files\/Chotin_XRF.pdf\">Chot\u00edn<\/a><\/p>\n<p><a href=\"http:\/\/archeol.sav.sk\/files\/Krakovany_Str\u00e1\u017ee.pdf\">Krakovany-Str\u00e1\u017ee<\/a><\/p>\n<p><a href=\"http:\/\/archeol.sav.sk\/files\/Valaliky-V\u0161echsv\u00e4t\u00fdch.pdf\" rel=\"\">Valal\u00edky-V\u0161echsv\u00e4t\u00fdch<\/a><\/p>\n<p>&nbsp;<\/p>\n<p><a href=\"http:\/\/archeol.sav.sk\/files\/Hal\u0161tatsk\u00e9-hroty-\u0161\u00edpov_Felcan_Tirp\u00e1k.pdf\">Hal\u0161tatsk\u00e9 hroty \u0161\u00edpov<\/a><\/p>\n<p>&nbsp;<\/p>\n","protected":false},"excerpt":{"rendered":"<p>Raw Materials and Technology in the Early Historic Period in Slovakia Projekt grantovej agent\u00fary VEGA \u010d\u00edslo 2\/0150\/15 Project of Grant Agency VEGA Number 2\/0150\/15 &nbsp; K\u013e\u00fa\u010dov\u00e9 slov\u00e1: Suroviny, technol\u00f3gie, v\u010dasn\u00e1 doba historick\u00e1, Slovensko Key words: Raw materials, Resources, Technology, Early Historic Period, Slovakia Doba rie\u0161enia: 01\/2015 \u2013 12\/2017 Duration of the project: 01\/2015 \u2013 12\/2017 &#8230; <a class=\"read-more\" href=\"https:\/\/archeol.sav.sk\/index.php\/sk\/kontakt\/vyskum\/suroviny-a-technologie-vo-vcasnom-historickom-obdobi-na-slovensku\/\">\u010c\u00edtajte viac<\/a><\/p>\n","protected":false},"author":2,"featured_media":0,"parent":78,"menu_order":2,"comment_status":"closed","ping_status":"closed","template":"","meta":[],"_links":{"self":[{"href":"https:\/\/archeol.sav.sk\/index.php\/wp-json\/wp\/v2\/pages\/1179"}],"collection":[{"href":"https:\/\/archeol.sav.sk\/index.php\/wp-json\/wp\/v2\/pages"}],"about":[{"href":"https:\/\/archeol.sav.sk\/index.php\/wp-json\/wp\/v2\/types\/page"}],"author":[{"embeddable":true,"href":"https:\/\/archeol.sav.sk\/index.php\/wp-json\/wp\/v2\/users\/2"}],"replies":[{"embeddable":true,"href":"https:\/\/archeol.sav.sk\/index.php\/wp-json\/wp\/v2\/comments?post=1179"}],"version-history":[{"count":3,"href":"https:\/\/archeol.sav.sk\/index.php\/wp-json\/wp\/v2\/pages\/1179\/revisions"}],"predecessor-version":[{"id":2939,"href":"https:\/\/archeol.sav.sk\/index.php\/wp-json\/wp\/v2\/pages\/1179\/revisions\/2939"}],"up":[{"embeddable":true,"href":"https:\/\/archeol.sav.sk\/index.php\/wp-json\/wp\/v2\/pages\/78"}],"wp:attachment":[{"href":"https:\/\/archeol.sav.sk\/index.php\/wp-json\/wp\/v2\/media?parent=1179"}],"curies":[{"name":"wp","href":"https:\/\/api.w.org\/{rel}","templated":true}]}}