{"id":1075,"date":"2016-03-14T20:23:35","date_gmt":"2016-03-14T18:23:35","guid":{"rendered":"http:\/\/archeol.sav.sk\/?page_id=1075"},"modified":"2025-12-18T10:33:08","modified_gmt":"2025-12-18T08:33:08","slug":"terenny-vyskum","status":"publish","type":"page","link":"https:\/\/archeol.sav.sk\/index.php\/sk\/kontakt\/vyskum\/terenny-vyskum\/","title":{"rendered":"Ter\u00e9nny v\u00fdskum"},"content":{"rendered":"<p><a href=\"https:\/\/archeol.sav.sk\/index.php\/sk\/terenny-vyskum-2025\/\">Ter\u00e9nny v\u00fdskum 2025<\/a><\/p>\n<p><a href=\"https:\/\/archeol.sav.sk\/index.php\/sk\/terenny-vyskum-2024\/\">Ter\u00e9nny v\u00fdskum 2024<\/a><\/p>\n<p><a href=\"https:\/\/archeol.sav.sk\/index.php\/sk\/terenny-vyskum-2023\/\">Ter\u00e9nny v\u00fdskum 2023<\/a><\/p>\n<p><a href=\"http:\/\/archeol.sav.sk\/index.php\/sk\/terenny-vyskum-2022\/\">Ter\u00e9nny v\u00fdskum 2022<\/a><\/p>\n<p><a href=\"http:\/\/archeol.sav.sk\/index.php\/sk\/terenny-vyskum-2021\/\">Ter\u00e9nny v\u00fdskum 2021<\/a><\/p>\n<p><a href=\"http:\/\/archeol.sav.sk\/index.php\/sk\/terenny-vyskum-2020\/\">Ter\u00e9nny v\u00fdskum 2020<\/a><\/p>\n<p><a href=\"http:\/\/archeol.sav.sk\/index.php\/sk\/terenny-vyskum-2019-2\/\">Ter\u00e9nny v\u00fdskum 2019<\/a><\/p>\n<p><a href=\"http:\/\/archeol.sav.sk\/index.php\/sk\/terenny-vyskum-2018\/\">Ter\u00e9nny v\u00fdskum 2018<\/a><\/p>\n<p><a href=\"http:\/\/archeol.sav.sk\/index.php\/sk\/kontakt\/vyskum\/terenny-vyskum\/terenny-vyskum-2017\/\">Ter\u00e9nny v\u00fdskum 2017<\/a><\/p>\n<p><a href=\"http:\/\/archeol.sav.sk\/index.php\/sk\/terenny-vyskum-2016\/\">Ter\u00e9nny v\u00fdskum 2016<\/a><\/p>\n<p><a href=\"http:\/\/archeol.sav.sk\/index.php\/sk\/veda-a-vyskum\/terenny-vyskum-2015\/\">Ter\u00e9nny v\u00fdskum 2015<\/a><\/p>\n<p><a href=\"http:\/\/archeol.sav.sk\/index.php\/sk\/veda-a-vyskum\/terenny-vyskum-2014\/\">Ter\u00e9nny v\u00fdskum 2014<\/a><\/p>\n<p><a href=\"http:\/\/archeol.sav.sk\/index.php\/sk\/veda-a-vyskum\/terenny-vyskum-20133\/\">Ter\u00e9nny v\u00fdskum 2013<\/a><\/p>\n<p><a href=\"http:\/\/archeol.sav.sk\/index.php\/sk\/veda-a-vyskum\/terenny-vyskum-2012\/\">Ter\u00e9nny v\u00fdskum 2012<\/a><\/p>\n<p><a href=\"http:\/\/archeol.sav.sk\/index.php\/sk\/veda-a-vyskum\/terenny-vyskum-2011\/\">Ter\u00e9nny v\u00fdskum 2011<\/a><\/p>\n<p><a href=\"http:\/\/archeol.sav.sk\/index.php\/sk\/veda-a-vyskum\/terenny-vyskum-2010\/\">Ter\u00e9nny v\u00fdskum 2010<\/a><\/p>\n<p><a href=\"http:\/\/archeol.sav.sk\/index.php\/sk\/veda-a-vyskum\/terenny-vyskum-2009\/\">Ter\u00e9nny v\u00fdskum 2009<\/a><\/p>\n<p><a href=\"http:\/\/archeol.sav.sk\/index.php\/sk\/veda-a-vyskum\/terenny-vyskum-2008\/\">Ter\u00e9nny v\u00fdskum 2008<\/a><\/p>\n","protected":false},"excerpt":{"rendered":"<p>Ter\u00e9nny v\u00fdskum 2025 Ter\u00e9nny v\u00fdskum 2024 Ter\u00e9nny v\u00fdskum 2023 Ter\u00e9nny v\u00fdskum 2022 Ter\u00e9nny v\u00fdskum 2021 Ter\u00e9nny v\u00fdskum 2020 Ter\u00e9nny v\u00fdskum 2019 Ter\u00e9nny v\u00fdskum 2018 Ter\u00e9nny v\u00fdskum 2017 Ter\u00e9nny v\u00fdskum 2016 Ter\u00e9nny v\u00fdskum 2015 Ter\u00e9nny v\u00fdskum 2014 Ter\u00e9nny v\u00fdskum 2013 Ter\u00e9nny v\u00fdskum 2012 Ter\u00e9nny v\u00fdskum 2011 Ter\u00e9nny v\u00fdskum 2010 Ter\u00e9nny v\u00fdskum 2009 Ter\u00e9nny v\u00fdskum 2008<\/p>\n","protected":false},"author":2,"featured_media":0,"parent":78,"menu_order":2,"comment_status":"closed","ping_status":"closed","template":"","meta":[],"_links":{"self":[{"href":"https:\/\/archeol.sav.sk\/index.php\/wp-json\/wp\/v2\/pages\/1075"}],"collection":[{"href":"https:\/\/archeol.sav.sk\/index.php\/wp-json\/wp\/v2\/pages"}],"about":[{"href":"https:\/\/archeol.sav.sk\/index.php\/wp-json\/wp\/v2\/types\/page"}],"author":[{"embeddable":true,"href":"https:\/\/archeol.sav.sk\/index.php\/wp-json\/wp\/v2\/users\/2"}],"replies":[{"embeddable":true,"href":"https:\/\/archeol.sav.sk\/index.php\/wp-json\/wp\/v2\/comments?post=1075"}],"version-history":[{"count":10,"href":"https:\/\/archeol.sav.sk\/index.php\/wp-json\/wp\/v2\/pages\/1075\/revisions"}],"predecessor-version":[{"id":7929,"href":"https:\/\/archeol.sav.sk\/index.php\/wp-json\/wp\/v2\/pages\/1075\/revisions\/7929"}],"up":[{"embeddable":true,"href":"https:\/\/archeol.sav.sk\/index.php\/wp-json\/wp\/v2\/pages\/78"}],"wp:attachment":[{"href":"https:\/\/archeol.sav.sk\/index.php\/wp-json\/wp\/v2\/media?parent=1075"}],"curies":[{"name":"wp","href":"https:\/\/api.w.org\/{rel}","templated":true}]}}