{"id":1041,"date":"2016-02-24T20:46:47","date_gmt":"2016-02-24T18:46:47","guid":{"rendered":"http:\/\/archeol.sav.sk\/?page_id=1041"},"modified":"2016-02-24T20:50:40","modified_gmt":"2016-02-24T18:50:40","slug":"konzervacia-a-vyskum-kniezacej-hrobky-z-popradu","status":"publish","type":"page","link":"https:\/\/archeol.sav.sk\/index.php\/sk\/konzervacia-a-vyskum-kniezacej-hrobky-z-popradu\/","title":{"rendered":"Konzerv\u00e1cia a v\u00fdskum knie\u017eacej hrobky z Popradu"},"content":{"rendered":"<p>Realiz\u00e1cia v\u00fdskumu v r\u00e1mci projektu: PhDr. Karol Pieta, DrSc., Mgr. Tereza \u0160tolcov\u00e1, PhD., Mgr. Peter Horv\u00e1th<br \/>\nSpolupr\u00e1ca: Dr. Nina Lau, Mgr. D. Schaarschmidt, Mgr. Mari\u00e1n Soj\u00e1k, PhD.<br \/>\nRok v\u00fdskumu: 2015<br \/>\nDruh v\u00fdskumu: systematick\u00fd, pre vedeck\u00e9 a dokumenta\u010dn\u00e9 \u00fa\u010dely<br \/>\nDruh n\u00e1leziska: komorov\u00e1 hrobka<br \/>\nDatovanie: koniec 4. storo\u010dia po Kr. \u2013 za\u010diatok s\u0165ahovania n\u00e1rodov<\/p>\n<p>&nbsp;<\/p>\n<figure id=\"attachment_1042\" aria-describedby=\"caption-attachment-1042\" style=\"width: 290px\" class=\"wp-caption alignright\"><a href=\"http:\/\/archeol.sav.sk\/files\/1-PP-Blockbergunguntersuchung_FotoC.Janke-2011-1.jpg\"><img decoding=\"async\" loading=\"lazy\" class=\"wp-image-1042 size-medium\" src=\"http:\/\/archeol.sav.sk\/files\/1-PP-Blockbergunguntersuchung_FotoC.Janke-2011-1-300x200.jpg\" alt=\"1 PP Blockbergunguntersuchung_FotoC.Janke 2011\" width=\"300\" height=\"200\" srcset=\"https:\/\/archeol.sav.sk\/files\/1-PP-Blockbergunguntersuchung_FotoC.Janke-2011-1-300x200.jpg 300w, https:\/\/archeol.sav.sk\/files\/1-PP-Blockbergunguntersuchung_FotoC.Janke-2011-1-768x512.jpg 768w, https:\/\/archeol.sav.sk\/files\/1-PP-Blockbergunguntersuchung_FotoC.Janke-2011-1-1024x683.jpg 1024w\" sizes=\"(max-width: 300px) 100vw, 300px\" \/><\/a><figcaption id=\"caption-attachment-1042\" class=\"wp-caption-text\">T. \u0160tolcov\u00e1 dokumentuje rozmrazen\u00fd a vy\u010disten\u00fd in situ blok pod opera\u010dn\u00fdm mikroskopom (foto C. Janke)<\/figcaption><\/figure>\n<p>Ako s\u00fa\u010das\u0165 dlhodob\u00e9ho programu konzerv\u00e1cie, dokument\u00e1cie a v\u00fdskumu jedine\u010dn\u00e9ho knie\u017eacieho komorov\u00e9ho hrobu z prelomu 4. a 5. storo\u010dia po Kr. z Popradu sa v laborat\u00f3ri\u00e1ch v Schleswigu (SRN) ukon\u010dilo otv\u00e1ranie zmrazen\u00fdch in situ vyzdvihnut\u00fdch blokov, pri\u010dom sa z\u00edskali \u010fal\u0161ie cenn\u00e9 \u010dasti invent\u00e1ra (pr\u00faten\u00fd ko\u0161\u00edk, striebrom pl\u00e1tovan\u00e9 no\u017enice, pinzeta, toaletn\u00e1 ly\u017ei\u010dka).<br \/>\n<strong>Uskuto\u010dnil sa ter\u00e9nny prieskum \u0161iestich s\u00fadob\u00fdch lokal\u00edt severokarpatskej skupiny v okol\u00ed n\u00e1lezu v povod\u00ed rieky Poprad.<\/strong><br \/>\nAko samostatn\u00fd program sa realizovala dokumentovan\u00e1 v\u00fdroba identick\u00fdch repl\u00edk n\u00e1radia, ktor\u00e9 v hrobke zanechali vykr\u00e1da\u010di (tri lopaty, sekera, motyka). N\u00e1radie a pr\u00edbeh otvorenia hrobu v Poprade sa prezentovali na v\u00fdstave Hroby barbar\u016f \u2013 Sv\u011bt \u017eiv\u00fdch a mrtv\u00fdch doby st\u011bhov\u00e1n\u00ed n\u00e1rod\u016f v M\u00fazeu hlavn\u00edho m\u011bsta Prahy (26. 5. 2015 &#8211; 14. 2. 2016)<br \/>\nS\u00fa\u010das\u0165ou dlhodob\u00e9ho v\u00fdskumu boli anal\u00fdzy kovov\u00fdch predmetov a skla z invent\u00e1ra hrobu. Na pracovnom stretnut\u00ed \u010dlenov rie\u0161ite\u013esk\u00e9ho t\u00edmu a ich spolupracovn\u00edkov 2.-3. 12. 2015 v Schleswigu sa prezentovali aj priebe\u017en\u00e9 v\u00fdsledky dendrologick\u00fdch anal\u00fdz, v\u00fdskumu ko\u017ee a textilu, archeozoologick\u00fdch a entomologick\u00fdch zvy\u0161kov, izotopov\u00fdch anal\u00fdz a \u010fal\u0161\u00edch parci\u00e1lnych s\u00fa\u010dast\u00ed v\u00fdskumn\u00e9ho programu.<\/p>\n<p><strong>Publik\u00e1cie:<\/strong><br \/>\nT. \u0160tolcov\u00e1\/D. Schaarschmidt\/S. Mitschke, Poprad-Matejovce, Slowakei. Textilfunde aus einem fr\u00fchv\u00f6lkerwanderungszeitlichen F\u00fcrstengrab \u2013 Ein Zwischenbericht. Berichte zur Denkmalpflege in Niedersachsen, Jahrgang 35, Heft 4, 2015, 199-204.<br \/>\nT. \u0160tolcov\u00e1, Unique Early Migration Leather Finds from Poprad-Matejovce, Slovakia. Archaeological Leather Group Newsletter, 5-8, September 2015, 5-8.<\/p>\n","protected":false},"excerpt":{"rendered":"<p>Realiz\u00e1cia v\u00fdskumu v r\u00e1mci projektu: PhDr. Karol Pieta, DrSc., Mgr. Tereza \u0160tolcov\u00e1, PhD., Mgr. Peter Horv\u00e1th Spolupr\u00e1ca: Dr. Nina Lau, Mgr. D. Schaarschmidt, Mgr. Mari\u00e1n Soj\u00e1k, PhD. Rok v\u00fdskumu: 2015 Druh v\u00fdskumu: systematick\u00fd, pre vedeck\u00e9 a dokumenta\u010dn\u00e9 \u00fa\u010dely Druh n\u00e1leziska: komorov\u00e1 hrobka Datovanie: koniec 4. storo\u010dia po Kr. \u2013 za\u010diatok s\u0165ahovania n\u00e1rodov &nbsp; Ako s\u00fa\u010das\u0165 &#8230; <a class=\"read-more\" href=\"https:\/\/archeol.sav.sk\/index.php\/sk\/konzervacia-a-vyskum-kniezacej-hrobky-z-popradu\/\">\u010c\u00edtajte viac<\/a><\/p>\n","protected":false},"author":2,"featured_media":0,"parent":0,"menu_order":0,"comment_status":"closed","ping_status":"closed","template":"","meta":[],"_links":{"self":[{"href":"https:\/\/archeol.sav.sk\/index.php\/wp-json\/wp\/v2\/pages\/1041"}],"collection":[{"href":"https:\/\/archeol.sav.sk\/index.php\/wp-json\/wp\/v2\/pages"}],"about":[{"href":"https:\/\/archeol.sav.sk\/index.php\/wp-json\/wp\/v2\/types\/page"}],"author":[{"embeddable":true,"href":"https:\/\/archeol.sav.sk\/index.php\/wp-json\/wp\/v2\/users\/2"}],"replies":[{"embeddable":true,"href":"https:\/\/archeol.sav.sk\/index.php\/wp-json\/wp\/v2\/comments?post=1041"}],"version-history":[{"count":2,"href":"https:\/\/archeol.sav.sk\/index.php\/wp-json\/wp\/v2\/pages\/1041\/revisions"}],"predecessor-version":[{"id":2419,"href":"https:\/\/archeol.sav.sk\/index.php\/wp-json\/wp\/v2\/pages\/1041\/revisions\/2419"}],"wp:attachment":[{"href":"https:\/\/archeol.sav.sk\/index.php\/wp-json\/wp\/v2\/media?parent=1041"}],"curies":[{"name":"wp","href":"https:\/\/api.w.org\/{rel}","templated":true}]}}