{"id":103,"date":"2015-05-02T23:50:56","date_gmt":"2015-05-02T21:50:56","guid":{"rendered":"http:\/\/chcemlego.sk\/?page_id=103"},"modified":"2023-04-13T14:52:48","modified_gmt":"2023-04-13T12:52:48","slug":"vymenny-fond","status":"publish","type":"page","link":"https:\/\/archeol.sav.sk\/index.php\/sk\/kniznica\/vymenny-fond\/","title":{"rendered":"Ponuka publik\u00e1ci\u00ed"},"content":{"rendered":"<h1>V\u00fdmenn\u00fd fond kni\u017enice A\u00faSAV<\/h1>\n<p>Objedn\u00e1vky: 037\/6943209, e-mail: <a href=\"mailto:gabriela.holkova@savba.sk\">gabriela.holkova@savba.sk<\/a><\/p>\n<p><a href=\"http:\/\/archeol.sav.sk\/files\/PONUKOVY-ZOZNAM_2023-1.xlsx\">Ponukov\u00fd list\u00a0tu<\/a><\/p>\n<p>Knihy si m\u00f4\u017eete zak\u00fapi\u0165 len za hotovos\u0165 aj priamo v kni\u017enici Archeologick\u00e9ho \u00fastavu SAV.<\/p>\n","protected":false},"excerpt":{"rendered":"<p>V\u00fdmenn\u00fd fond kni\u017enice A\u00faSAV Objedn\u00e1vky: 037\/6943209, e-mail: gabriela.holkova@savba.sk Ponukov\u00fd list\u00a0tu Knihy si m\u00f4\u017eete zak\u00fapi\u0165 len za hotovos\u0165 aj priamo v kni\u017enici Archeologick\u00e9ho \u00fastavu SAV.<\/p>\n","protected":false},"author":1,"featured_media":0,"parent":96,"menu_order":0,"comment_status":"closed","ping_status":"closed","template":"","meta":[],"_links":{"self":[{"href":"https:\/\/archeol.sav.sk\/index.php\/wp-json\/wp\/v2\/pages\/103"}],"collection":[{"href":"https:\/\/archeol.sav.sk\/index.php\/wp-json\/wp\/v2\/pages"}],"about":[{"href":"https:\/\/archeol.sav.sk\/index.php\/wp-json\/wp\/v2\/types\/page"}],"author":[{"embeddable":true,"href":"https:\/\/archeol.sav.sk\/index.php\/wp-json\/wp\/v2\/users\/1"}],"replies":[{"embeddable":true,"href":"https:\/\/archeol.sav.sk\/index.php\/wp-json\/wp\/v2\/comments?post=103"}],"version-history":[{"count":12,"href":"https:\/\/archeol.sav.sk\/index.php\/wp-json\/wp\/v2\/pages\/103\/revisions"}],"predecessor-version":[{"id":6587,"href":"https:\/\/archeol.sav.sk\/index.php\/wp-json\/wp\/v2\/pages\/103\/revisions\/6587"}],"up":[{"embeddable":true,"href":"https:\/\/archeol.sav.sk\/index.php\/wp-json\/wp\/v2\/pages\/96"}],"wp:attachment":[{"href":"https:\/\/archeol.sav.sk\/index.php\/wp-json\/wp\/v2\/media?parent=103"}],"curies":[{"name":"wp","href":"https:\/\/api.w.org\/{rel}","templated":true}]}}